{"id":382,"date":"2024-08-02T14:55:33","date_gmt":"2024-08-02T06:55:33","guid":{"rendered":"https:\/\/nanou-trailer.com\/?post_type=product&#038;p=382"},"modified":"2025-03-09T17:08:26","modified_gmt":"2025-03-09T09:08:26","slug":"fire-engine","status":"publish","type":"product","link":"https:\/\/nanou-trailer.com\/fr\/produit\/fire-engine\/","title":{"rendered":"V\u00e9hicule de pompiers"},"content":{"rendered":"<table>\n<tbody>\n<tr>\n<td colspan=\"2\" width=\"250\"><strong><b>Type de param\u00e8tre<\/b><\/strong><\/td>\n<td colspan=\"2\" width=\"459\"><strong><b>Param\u00e8tres<\/b><\/strong><\/td>\n<\/tr>\n<tr>\n<td colspan=\"2\" rowspan=\"2\" width=\"250\"><strong><b>Dimensions du v\u00e9hicule (longueur, largeur, hauteur)<\/b><\/strong><\/td>\n<td width=\"106\"><strong><b>gasoline<\/b><\/strong><\/td>\n<td width=\"352\">6-12m*2.2\/2.4\/2.5m*2.8-4m(Customized according to requirements)<\/td>\n<\/tr>\n<tr>\n<td width=\"106\"><strong><b>diesel oil<\/b><\/strong><\/td>\n<td width=\"352\">7-13m*2.2\/2.4\/2.5m*2.8-4m(Customized according to requirements)<\/td>\n<\/tr>\n<tr>\n<td rowspan=\"6\" width=\"122\"><strong><b>Param\u00e8tres du r\u00e9servoir<\/b><\/strong><\/td>\n<td width=\"128\"><strong><b>volume<\/b><\/strong><\/td>\n<td colspan=\"2\" width=\"459\">30-100m\u00b3 (Optional according to different vehicle models or requirements)<\/td>\n<\/tr>\n<tr>\n<td width=\"128\"><strong><b>forme<\/b><\/strong><\/td>\n<td colspan=\"2\" width=\"459\">Round, oval, square<\/td>\n<\/tr>\n<tr>\n<td width=\"128\"><strong><b>Texture of <\/b><\/strong><\/p>\n<p><strong><b>material<\/b><\/strong><\/td>\n<td colspan=\"2\" width=\"459\">Carbon steel (lined with corrosion-resistant material), stainless steel, fiberglass reinforced plastic<\/td>\n<\/tr>\n<tr>\n<td width=\"128\"><strong><b>l'\u00e9paisseur<\/b><\/strong><\/td>\n<td colspan=\"2\" width=\"459\">6-10mm<\/td>\n<\/tr>\n<tr>\n<td width=\"128\"><strong><b>structure<\/b><\/strong><\/td>\n<td colspan=\"2\" width=\"459\">All metal welded structure (compliant with safety standards for oil tanker trucks)<\/td>\n<\/tr>\n<tr>\n<td width=\"128\"><strong><b>enclosure<\/b><\/strong><\/td>\n<td colspan=\"2\" width=\"459\">Breathing valve, subsea valve, anti overflow probe and seat<\/td>\n<\/tr>\n<tr>\n<td colspan=\"2\" width=\"250\"><strong><b>Qualit\u00e9 totale<\/b><\/strong><\/td>\n<td colspan=\"2\" width=\"459\">40T-60T (Depending on the vehicle model)<\/td>\n<\/tr>\n<tr>\n<td colspan=\"2\" width=\"250\"><strong><b>Qualit\u00e9 class\u00e9e<\/b><\/strong><\/td>\n<td colspan=\"2\" width=\"459\">25T-45T (Depending on the vehicle model)<\/td>\n<\/tr>\n<tr>\n<td colspan=\"2\" width=\"250\"><strong><b>poids \u00e0 vide <\/b><\/strong><\/td>\n<td colspan=\"2\" width=\"459\">10T-20T (Depending on the vehicle model)<\/td>\n<\/tr>\n<tr>\n<td colspan=\"2\" width=\"250\"><strong><b>Number of \u00a0axes<\/b><\/strong><\/td>\n<td colspan=\"2\" width=\"459\">3\/4 axes<\/td>\n<\/tr>\n<tr>\n<td colspan=\"2\" width=\"250\"><strong><b>empattement<\/b><\/strong><\/td>\n<td colspan=\"2\" width=\"459\">6500mm\/8000mm+1300mm+1300mm (Or customized according to needs)<\/td>\n<\/tr>\n<tr>\n<td colspan=\"2\" width=\"250\"><strong><b>Compresseur d'air<\/b><\/strong><\/td>\n<td colspan=\"2\" width=\"459\">12m\u00b3 or 14m\u00b3 Bohai and Fuda<\/td>\n<\/tr>\n<tr>\n<td colspan=\"2\" width=\"250\"><strong><b>Moteur diesel<\/b><\/strong><\/td>\n<td colspan=\"2\" width=\"459\">4102\/4105\uff0cWeichai Tianhe with Boost<\/td>\n<\/tr>\n<tr>\n<td rowspan=\"2\" width=\"122\"><strong><b>Sp\u00e9cifications des pneus<\/b><\/strong><\/td>\n<td width=\"128\"><strong><b>Nombre de pneus<\/b><\/strong><\/td>\n<td colspan=\"2\" width=\"459\">12\/16<\/td>\n<\/tr>\n<tr>\n<td width=\"128\">Mod\u00e8le de pneu<\/td>\n<td colspan=\"2\" width=\"459\">12R22.5\uff0c11R22.5\uff0c445\/65R22.5\uff0c425\/65R22.5 (Customized according to requirements)<\/td>\n<\/tr>\n<tr>\n<td colspan=\"2\" width=\"250\"><strong><b>Anneau en acier<\/b><\/strong><\/td>\n<td colspan=\"2\" width=\"459\">7.50-16\u30018.25-20\u30019.00-20\uff0c8.25-22.5<\/td>\n<\/tr>\n<tr>\n<td colspan=\"2\" width=\"250\"><strong><b>syst\u00e8me de freinage<\/b><\/strong><\/td>\n<td colspan=\"2\" width=\"459\">Gonflage \u00e0 double tube, valve synchrone \u00e0 triple pont<\/td>\n<\/tr>\n<tr>\n<td colspan=\"2\" width=\"250\"><strong><b>Couvercle de trou d'homme<\/b><\/strong><\/td>\n<td colspan=\"2\" width=\"459\">2-3 (depending on tank size and requirements)<\/td>\n<\/tr>\n<tr>\n<td rowspan=\"2\" width=\"122\"><strong><b>Syst\u00e8me de suspension<\/b><\/strong><\/td>\n<td width=\"128\"><strong><b>M\u00e9canique<\/b><\/strong><\/td>\n<td colspan=\"2\" width=\"459\">Steel plate spring suspension<\/td>\n<\/tr>\n<tr>\n<td width=\"128\"><strong><b>Suspension pneumatique<\/b><\/strong><\/td>\n<td colspan=\"2\" width=\"459\">Cylinder type pneumatic shock absorber<\/td>\n<\/tr>\n<tr>\n<td rowspan=\"3\" width=\"122\"><strong><b>Main beam parameters<\/b><\/strong><\/td>\n<td width=\"128\"><strong><b>la texture du mat\u00e9riau<\/b><\/strong><\/td>\n<td colspan=\"2\" width=\"459\">Q345B\u3001Q690E High strength, corrosion-resistant alloy steel<\/td>\n<\/tr>\n<tr>\n<td width=\"128\"><strong><b>l'\u00e9paisseur<\/b><\/strong><\/td>\n<td colspan=\"2\" width=\"459\">8mm-12mm (Determined based on design load and safety standards)<\/td>\n<\/tr>\n<tr>\n<td width=\"128\"><strong><b>hauteur<\/b><\/strong><\/td>\n<td colspan=\"2\" width=\"459\">200mm-350mm(Determined based on the vehicle model and chassis design)<\/td>\n<\/tr>\n<tr>\n<td rowspan=\"2\" width=\"122\"><strong><b>Engine parameters<\/b><\/strong><\/td>\n<td width=\"128\"><strong><b>Engine model<\/b><\/strong><\/td>\n<td colspan=\"2\" width=\"459\">Weichai, Cummins (multiple models to choose from)<\/td>\n<\/tr>\n<tr>\n<td width=\"128\"><strong><b>engine power <\/b><\/strong><\/td>\n<td colspan=\"2\" width=\"459\">140-300 horsepower (multiple horsepower options available)<\/td>\n<\/tr>\n<tr>\n<td colspan=\"2\" width=\"250\"><strong><b>ABS\/EBS<\/b><\/strong><strong><b>\u00a0syst\u00e8me<\/b><\/strong><\/td>\n<td colspan=\"2\" width=\"459\">KORMEE\u3001WABCO<\/td>\n<\/tr>\n<tr>\n<td rowspan=\"2\" width=\"122\"><strong><b>Safety facilities<\/b><\/strong><\/td>\n<td width=\"128\"><strong><b>Fire prevention measures<\/b><\/strong><\/td>\n<td colspan=\"2\" width=\"459\">Equipped with fire extinguishers and fire covers, etc<\/td>\n<\/tr>\n<tr>\n<td width=\"128\"><strong><b>Anti static measures<\/b><\/strong><\/td>\n<td colspan=\"2\" width=\"459\">Equipped with anti-static tape, grounding and other devices<\/td>\n<\/tr>\n<tr>\n<td rowspan=\"2\" width=\"122\"><strong><b>Param\u00e8tres moyens<\/b><\/strong><\/td>\n<td width=\"128\"><strong><b>Type de m\u00e9dia<\/b><\/strong><\/td>\n<td colspan=\"2\" width=\"459\">Diesel, gasoline and other fuels<\/td>\n<\/tr>\n<tr>\n<td width=\"128\"><strong><b>Densit\u00e9 moyenne<\/b><\/strong><\/td>\n<td colspan=\"2\" width=\"459\">Diesel fuel is about 800Kg\/m \u00b3,<\/p>\n<p>gasoline is about 700Kg\/m \u00b3<\/td>\n<\/tr>\n<tr>\n<td colspan=\"2\" width=\"250\"><strong><b>Top configuration<\/b><\/strong><\/td>\n<td colspan=\"2\" width=\"459\">Single warehouse with pump, European standard tank mouth, complete set of equipment for loading oil, etc<\/td>\n<\/tr>\n<tr>\n<td colspan=\"2\" width=\"250\"><strong><b>Support de jambe<\/b><\/strong><\/td>\n<td colspan=\"2\" width=\"459\">Fuhua\/Yost<\/td>\n<\/tr>\n<tr>\n<td colspan=\"2\" width=\"250\"><strong><b>Goupille de traction<\/b><\/strong><\/td>\n<td colspan=\"2\" width=\"459\">Yost 50 #\/90#<\/td>\n<\/tr>\n<tr>\n<td colspan=\"2\" width=\"250\"><strong><b>Peinture au pistolet<\/b><\/strong><\/td>\n<td colspan=\"2\" width=\"459\">Rust proof primer+polyurethane topcoat, (color and anti-corrosion grade can be customized according to requirements)<\/td>\n<\/tr>\n<tr>\n<td colspan=\"2\" width=\"250\"><strong><b>Refueling system<\/b><\/strong><\/td>\n<td colspan=\"2\" width=\"459\">Optional fuel dispenser, flow meter, etc<\/td>\n<\/tr>\n<tr>\n<td colspan=\"2\" width=\"250\"><strong><b>monitoring system<\/b><\/strong><\/td>\n<td colspan=\"2\" width=\"459\">Optional GPS positioning system, video surveillance, etc<\/td>\n<\/tr>\n<\/tbody>\n<\/table>\n<p>&nbsp;<\/p>","protected":false},"excerpt":{"rendered":"<p>Type de param\u00e8tres Param\u00e8tres Dimensions du v\u00e9hicule (longueur, largeur, hauteur) essence 6-12m*2.2\/2.4\/2.5m*2.8-4m(Personnalis\u00e9 en fonction des besoins) gasoil 7-13m*2.2\/2.4\/2.5m*2.8-4m(Personnalis\u00e9 en fonction des besoins) Param\u00e8tres du r\u00e9servoir volume 30-100m\u00b3 (Optionnel en fonction des diff\u00e9rents mod\u00e8les de v\u00e9hicules ou des besoins) forme Rond, ovale, carr\u00e9 Texture du mat\u00e9riau Acier au carbone (rev\u00eatu d'un mat\u00e9riau r\u00e9sistant \u00e0 la corrosion), acier inoxydable, plastique renforc\u00e9 \u00e0 la fibre de verre \u00e9paisseur 6-10mm structure Tout le m\u00e9tal soud\u00e9...<\/p>","protected":false},"featured_media":1727,"template":"","meta":{"_seopress_robots_primary_cat":"none","_seopress_titles_title":"","_seopress_titles_desc":"","_seopress_robots_index":"","_kad_post_transparent":"default","_kad_post_title":"","_kad_post_layout":"default","_kad_post_sidebar_id":"","_kad_post_content_style":"default","_kad_post_vertical_padding":"default","_kad_post_feature":"","_kad_post_feature_position":"","_kad_post_header":false,"_kad_post_footer":false,"_kad_post_classname":""},"product_brand":[],"product_cat":[134,15],"product_tag":[],"class_list":{"0":"post-382","1":"product","2":"type-product","3":"status-publish","4":"has-post-thumbnail","6":"product_cat-fire-truck","7":"product_cat-categorize","9":"first","10":"instock","11":"shipping-taxable","12":"product-type-simple","13":"entry","14":"content-bg","15":"loop-entry"},"_links":{"self":[{"href":"https:\/\/nanou-trailer.com\/fr\/wp-json\/wp\/v2\/product\/382","targetHints":{"allow":["GET"]}}],"collection":[{"href":"https:\/\/nanou-trailer.com\/fr\/wp-json\/wp\/v2\/product"}],"about":[{"href":"https:\/\/nanou-trailer.com\/fr\/wp-json\/wp\/v2\/types\/product"}],"wp:featuredmedia":[{"embeddable":true,"href":"https:\/\/nanou-trailer.com\/fr\/wp-json\/wp\/v2\/media\/1727"}],"wp:attachment":[{"href":"https:\/\/nanou-trailer.com\/fr\/wp-json\/wp\/v2\/media?parent=382"}],"wp:term":[{"taxonomy":"product_brand","embeddable":true,"href":"https:\/\/nanou-trailer.com\/fr\/wp-json\/wp\/v2\/product_brand?post=382"},{"taxonomy":"product_cat","embeddable":true,"href":"https:\/\/nanou-trailer.com\/fr\/wp-json\/wp\/v2\/product_cat?post=382"},{"taxonomy":"product_tag","embeddable":true,"href":"https:\/\/nanou-trailer.com\/fr\/wp-json\/wp\/v2\/product_tag?post=382"}],"curies":[{"name":"wp","href":"https:\/\/api.w.org\/{rel}","templated":true}]}}