{"id":2959,"date":"2024-12-06T10:43:22","date_gmt":"2024-12-06T02:43:22","guid":{"rendered":"https:\/\/nanou-trailer.com\/?post_type=product&#038;p=2959"},"modified":"2025-03-09T14:01:35","modified_gmt":"2025-03-09T06:01:35","slug":"pulverized-coal-tanker-6","status":"publish","type":"product","link":"https:\/\/nanou-trailer.com\/fr\/produit\/pulverized-coal-tanker-6\/","title":{"rendered":"Citerne \u00e0 charbon pulv\u00e9ris\u00e9"},"content":{"rendered":"<table>\n<tbody>\n<tr>\n<td colspan=\"2\" width=\"264\"><strong><b>Type de param\u00e8tre<\/b><\/strong><\/td>\n<td width=\"445\"><strong><b>param\u00e8tre<\/b><\/strong><\/td>\n<\/tr>\n<tr>\n<td colspan=\"2\" width=\"264\"><strong><b>Dimensions du v\u00e9hicule (longueur, largeur, hauteur)<\/b><\/strong><\/td>\n<td width=\"445\">10-13 m * 2,5\/2,55 m* 3,98 m\/3,995 m\/4 m (sur mesure en fonction des besoins)<\/td>\n<\/tr>\n<tr>\n<td rowspan=\"5\" width=\"141\"><strong><b>Param\u00e8tres du r\u00e9servoir<\/b><\/strong><\/td>\n<td width=\"123\"><strong><b>volume<\/b><\/strong><\/td>\n<td width=\"445\">38m \u00b3-70m \u00b3 (personnalis\u00e9 en fonction des besoins)<\/td>\n<\/tr>\n<tr>\n<td width=\"123\"><strong><b>diam\u00e8tre<\/b><\/strong><\/td>\n<td width=\"445\">Diam\u00e8tre maximum 2480mm2495mm, diam\u00e8tre minimum 1812mm 1900mm<\/td>\n<\/tr>\n<tr>\n<td width=\"123\"><strong><b>structure<\/b><\/strong><\/td>\n<td width=\"445\">Toutes les pi\u00e8ces m\u00e9talliques sont soud\u00e9es, structure horizontale inclin\u00e9e \u00e0 double c\u00f4ne, double entr\u00e9e de tube, double alimentation de tube.<\/td>\n<\/tr>\n<tr>\n<td width=\"123\"><strong><b>l'\u00e9paisseur<\/b><\/strong><\/td>\n<td width=\"445\">\u00a0Cylindre : 4mm-5mm-6mm , t\u00eate : 6mm-7mm<\/td>\n<\/tr>\n<tr>\n<td width=\"123\"><strong><b>la texture du mat\u00e9riau<\/b><\/strong><\/td>\n<td width=\"445\">T\u00f4le d'acier de construction au carbone ordinaire<\/td>\n<\/tr>\n<tr>\n<td colspan=\"2\" width=\"264\"><strong><b>Qualit\u00e9 totale<\/b><\/strong><\/td>\n<td width=\"445\">39T-40T (selon le mod\u00e8le de v\u00e9hicule)<\/td>\n<\/tr>\n<tr>\n<td colspan=\"2\" width=\"264\"><strong><b>Qualit\u00e9 class\u00e9e<\/b><\/strong><\/td>\n<td width=\"445\">24T-31T (selon le mod\u00e8le de v\u00e9hicule)<\/td>\n<\/tr>\n<tr>\n<td colspan=\"2\" width=\"264\"><strong><b>poids \u00e0 vide <\/b><\/strong><\/td>\n<td width=\"445\">8,2T-15,4T (selon le mod\u00e8le de v\u00e9hicule)<\/td>\n<\/tr>\n<tr>\n<td colspan=\"2\" width=\"264\"><strong><b>Nombre d'axes<\/b><\/strong><\/td>\n<td width=\"445\">3\/4 axes<\/td>\n<\/tr>\n<tr>\n<td colspan=\"2\" width=\"264\"><strong><b>empattement<\/b><\/strong><\/td>\n<td width=\"445\">6700mm \/ 8300mm+1310mm+1310mm(sur mesure selon les besoins)<\/td>\n<\/tr>\n<tr>\n<td colspan=\"2\" width=\"264\"><strong><b>Compresseur d'air<\/b><\/strong><\/td>\n<td width=\"445\">12 cubes ou 14 cubes Bohai et Fuda<\/td>\n<\/tr>\n<tr>\n<td colspan=\"2\" width=\"264\"><strong><b>Moteur diesel<\/b><\/strong><\/td>\n<td width=\"445\">4102\/4105, Weichai Tianhe avec Boost<\/td>\n<\/tr>\n<tr>\n<td rowspan=\"2\" width=\"141\"><strong><b>Sp\u00e9cifications des pneus<\/b><\/strong><\/td>\n<td width=\"123\"><strong><b>Nombre de pneus<\/b><\/strong><\/td>\n<td width=\"445\">12 (ou personnalis\u00e9 selon les besoins)<\/td>\n<\/tr>\n<tr>\n<td width=\"123\"><strong><b>Mod\u00e8le de pneu<\/b><\/strong><\/td>\n<td width=\"445\">11.00-20 12PR, 11.00R20 12PR, 12.00-20, 12R22.5 12PR (ou personnalis\u00e9 selon les besoins)<\/td>\n<\/tr>\n<tr>\n<td colspan=\"2\" width=\"264\"><strong><b>Anneau en acier<\/b><\/strong><\/td>\n<td width=\"445\">9.0-22.5\uff0c8.25-22.5\uff0c8.5-20<\/td>\n<\/tr>\n<tr>\n<td colspan=\"2\" width=\"264\"><strong><b>syst\u00e8me de freinage<\/b><\/strong><\/td>\n<td width=\"445\">Gonflage \u00e0 double tube, valve synchrone \u00e0 triple pont<\/td>\n<\/tr>\n<tr>\n<td colspan=\"2\" width=\"264\"><strong><b>Couvercle de trou d'homme<\/b><\/strong><\/td>\n<td width=\"445\">2-3<\/td>\n<\/tr>\n<tr>\n<td colspan=\"2\" width=\"264\"><strong><b>Syst\u00e8me de suspension<\/b><\/strong><\/td>\n<td width=\"445\">suspension par ressorts \u00e0 lames<\/td>\n<\/tr>\n<tr>\n<td colspan=\"2\" width=\"264\"><strong><b>Mat\u00e9riau de la poutre principale<\/b><\/strong><\/td>\n<td width=\"445\">Q345B\u3001Q690E T700<\/p>\n<p>Acier alli\u00e9 \u00e0 haute r\u00e9sistance \u00e0 la corrosion<\/td>\n<\/tr>\n<tr>\n<td rowspan=\"3\" width=\"141\"><strong><b>Param\u00e8tres du faisceau principal et du faisceau longitudinal<\/b><\/strong><\/td>\n<td width=\"123\"><strong><b>Epaisseur verticale du panneau<\/b><\/strong><\/td>\n<td width=\"445\">6\/8\/10\/12mm<\/td>\n<\/tr>\n<tr>\n<td width=\"123\"><strong><b>hauteur<\/b><\/strong><\/td>\n<td width=\"445\">150-300mm<\/td>\n<\/tr>\n<tr>\n<td width=\"123\"><strong><b>\u00c9paisseur de la plaque inf\u00e9rieure de l'aile<\/b><\/strong><\/td>\n<td width=\"445\">6\/8\/10\/12mm<\/td>\n<\/tr>\n<tr>\n<td colspan=\"2\" width=\"264\"><strong><b>ABS<\/b><\/strong><strong><b>EBS,<\/b><\/strong><strong><b>syst\u00e8me<\/b><\/strong><\/td>\n<td width=\"445\">KORMEE\uff0cWABCO<\/td>\n<\/tr>\n<tr>\n<td rowspan=\"2\" width=\"141\"><strong><b>Param\u00e8tres moyens<\/b><\/strong><\/td>\n<td width=\"123\"><strong><b>Type de m\u00e9dia<\/b><\/strong><\/td>\n<td width=\"445\">Mat\u00e9riaux secs tels que cendres volantes, ciment, chaux en poudre et poudre min\u00e9rale dont le diam\u00e8tre des particules n'exc\u00e8de pas 0,1 mm.<\/td>\n<\/tr>\n<tr>\n<td width=\"123\"><strong><b>Densit\u00e9 moyenne<\/b><\/strong><\/td>\n<td width=\"445\">450Kg\/m\u00b3-800Kg\/m\u00b3<\/td>\n<\/tr>\n<tr>\n<td colspan=\"2\" width=\"264\"><strong><b>Support de jambe<\/b><\/strong><\/td>\n<td width=\"445\">Fuhua Legs\/Yost<\/td>\n<\/tr>\n<tr>\n<td colspan=\"2\" width=\"264\"><strong><b>Goupille de traction<\/b><\/strong><\/td>\n<td width=\"445\">Yost 50\/#90#<\/td>\n<\/tr>\n<tr>\n<td colspan=\"2\" width=\"264\"><strong><b>Peinture au pistolet<\/b><\/strong><\/td>\n<td width=\"445\">Antirouille+peinture polyur\u00e9thane, rev\u00eatement en poudre \u00e9lectrophor\u00e8se( personnalis\u00e9 selon les besoins)<\/td>\n<\/tr>\n<\/tbody>\n<\/table>\n<p>&nbsp;<\/p>","protected":false},"excerpt":{"rendered":"<p>Param\u00e8tre type Param\u00e8tre Dimensions du v\u00e9hicule (longueur, largeur, hauteur) 10-13 m * 2,5\/2,55 m* 3,98 m\/3,995 m\/4 m (sur mesure en fonction des besoins) Param\u00e8tres du r\u00e9servoir Volume 38m \u00b3-70m \u00b3 (sur mesure en fonction des besoins) Diam\u00e8tre Diam\u00e8tre maximum 2480mm2495mm, diam\u00e8tre minimum 1812mm 1900mm Structure Toutes les pi\u00e8ces m\u00e9talliques soud\u00e9es, structure horizontale \u00e0 double c\u00f4ne inclin\u00e9, double tube d'admission, double tube d'alimentation...<\/p>","protected":false},"featured_media":2962,"template":"","meta":{"_seopress_robots_primary_cat":"","_seopress_titles_title":"","_seopress_titles_desc":"","_seopress_robots_index":"","_kad_post_transparent":"default","_kad_post_title":"","_kad_post_layout":"default","_kad_post_sidebar_id":"","_kad_post_content_style":"default","_kad_post_vertical_padding":"default","_kad_post_feature":"","_kad_post_feature_position":"","_kad_post_header":false,"_kad_post_footer":false,"_kad_post_classname":""},"product_brand":[],"product_cat":[15,113,49],"product_tag":[],"class_list":{"0":"post-2959","1":"product","2":"type-product","3":"status-publish","4":"has-post-thumbnail","6":"product_cat-categorize","7":"product_cat-powder-pot","8":"product_cat-tank-car","10":"first","11":"instock","12":"shipping-taxable","13":"product-type-simple","14":"entry","15":"content-bg","16":"loop-entry"},"_links":{"self":[{"href":"https:\/\/nanou-trailer.com\/fr\/wp-json\/wp\/v2\/product\/2959","targetHints":{"allow":["GET"]}}],"collection":[{"href":"https:\/\/nanou-trailer.com\/fr\/wp-json\/wp\/v2\/product"}],"about":[{"href":"https:\/\/nanou-trailer.com\/fr\/wp-json\/wp\/v2\/types\/product"}],"wp:featuredmedia":[{"embeddable":true,"href":"https:\/\/nanou-trailer.com\/fr\/wp-json\/wp\/v2\/media\/2962"}],"wp:attachment":[{"href":"https:\/\/nanou-trailer.com\/fr\/wp-json\/wp\/v2\/media?parent=2959"}],"wp:term":[{"taxonomy":"product_brand","embeddable":true,"href":"https:\/\/nanou-trailer.com\/fr\/wp-json\/wp\/v2\/product_brand?post=2959"},{"taxonomy":"product_cat","embeddable":true,"href":"https:\/\/nanou-trailer.com\/fr\/wp-json\/wp\/v2\/product_cat?post=2959"},{"taxonomy":"product_tag","embeddable":true,"href":"https:\/\/nanou-trailer.com\/fr\/wp-json\/wp\/v2\/product_tag?post=2959"}],"curies":[{"name":"wp","href":"https:\/\/api.w.org\/{rel}","templated":true}]}}