{"id":2935,"date":"2024-12-06T10:35:30","date_gmt":"2024-12-06T02:35:30","guid":{"rendered":"https:\/\/nanou-trailer.com\/?post_type=product&#038;p=2935"},"modified":"2025-03-09T14:02:18","modified_gmt":"2025-03-09T06:02:18","slug":"liquefied-gas-tank-truck-3","status":"publish","type":"product","link":"https:\/\/nanou-trailer.com\/fr\/produit\/liquefied-gas-tank-truck-3\/","title":{"rendered":"Camion-citerne \u00e0 gaz liqu\u00e9fi\u00e9"},"content":{"rendered":"<table>\n<tbody>\n<tr>\n<td colspan=\"2\" width=\"295\"><strong><b>Type de param\u00e8tre<\/b><\/strong><\/td>\n<td colspan=\"3\" width=\"414\"><strong><b>Param\u00e8tres<\/b><\/strong><\/td>\n<\/tr>\n<tr>\n<td colspan=\"2\" width=\"295\"><strong><b>Sp\u00e9cifications du produit<\/b><\/strong><\/td>\n<td colspan=\"3\" width=\"414\">60.72\u33a1<\/td>\n<\/tr>\n<tr>\n<td colspan=\"2\" width=\"295\"><strong><b>Dimensions du v\u00e9hicule (longueur, largeur, hauteur)<\/b><\/strong><\/td>\n<td colspan=\"3\" width=\"414\">\uff5e13360mm * 2540mm * 4000 mm<\/td>\n<\/tr>\n<tr>\n<td width=\"141\"><strong><b>Param\u00e8tres du r\u00e9servoir<\/b><\/strong><\/td>\n<td width=\"153\"><strong><b>Volume de l'annonce<\/b><\/strong><\/td>\n<td colspan=\"3\" width=\"414\">60.72m\u00b3<\/td>\n<\/tr>\n<tr>\n<td width=\"141\"><strong><b>\u00a0<\/b><\/strong><\/td>\n<td width=\"153\"><strong><b>Volume unitaire<\/b><\/strong><\/td>\n<td colspan=\"3\" width=\"414\">420 kg\/m3<\/td>\n<\/tr>\n<tr>\n<td width=\"141\"><strong><b>\u00a0<\/b><\/strong><\/td>\n<td width=\"153\"><strong><b>taille<\/b><\/strong><\/td>\n<td colspan=\"3\" width=\"414\">\uff5e13160mm * 2533mm * 2533 mm<\/td>\n<\/tr>\n<tr>\n<td width=\"141\"><strong><b>\u00a0<\/b><\/strong><\/td>\n<td width=\"153\"><strong><b>forme<\/b><\/strong><\/td>\n<td colspan=\"3\" width=\"414\">Elliptique\/Circulaire<\/td>\n<\/tr>\n<tr>\n<td width=\"141\"><strong><b>\u00a0<\/b><\/strong><\/td>\n<td width=\"153\"><strong><b>la texture du mat\u00e9riau<\/b><\/strong><\/td>\n<td colspan=\"3\" width=\"414\">Alliage d'aluminium\/acier inoxydable<\/td>\n<\/tr>\n<tr>\n<td width=\"141\"><strong><b>\u00a0<\/b><\/strong><\/td>\n<td width=\"153\"><strong><b>l'\u00e9paisseur<\/b><\/strong><\/td>\n<td colspan=\"3\" width=\"414\">Corps de cylindre : Q420R\/11.5mm ,Couvercle de t\u00eate\uff1aQ420R\/8mm<\/td>\n<\/tr>\n<tr>\n<td width=\"141\"><strong><b>\u00a0<\/b><\/strong><\/td>\n<td width=\"153\"><strong><b>structure<\/b><\/strong><\/td>\n<td colspan=\"3\" width=\"414\">Double couche\/triple couche<\/td>\n<\/tr>\n<tr>\n<td width=\"141\"><strong><b>\u00a0<\/b><\/strong><\/td>\n<td width=\"153\"><strong><b>Code de conception<\/b><\/strong><\/td>\n<td colspan=\"3\" width=\"414\">P17.6BN<\/td>\n<\/tr>\n<tr>\n<td width=\"141\"><strong><b>\u00a0<\/b><\/strong><\/td>\n<td width=\"153\"><strong><b>Cat\u00e9gorie de marchandises dangereuses<\/b><\/strong><\/td>\n<td colspan=\"3\" width=\"414\">2 cat\u00e9gories et 1 article<\/td>\n<\/tr>\n<tr>\n<td width=\"141\"><strong><b>\u00a0<\/b><\/strong><\/td>\n<td width=\"153\"><strong><b>Planche \u00e0 vagues<\/b><\/strong><\/td>\n<td colspan=\"3\" width=\"414\">Mat\u00e9riau de l'acier au carbone Q355B<\/td>\n<\/tr>\n<tr>\n<td width=\"141\"><strong><b>\u00a0<\/b><\/strong><\/td>\n<td width=\"153\"><strong><b>Soupape de s\u00e9curit\u00e9<\/b><\/strong><\/td>\n<td colspan=\"3\" width=\"414\">DN80\/2<\/td>\n<\/tr>\n<tr>\n<td width=\"141\"><strong><b>\u00a0<\/b><\/strong><\/td>\n<td width=\"153\"><strong><b>Vanne d'arr\u00eat d'urgence en phase liquide<\/b><\/strong><\/td>\n<td colspan=\"3\" width=\"414\">QGJ43F-25 DN50\/2<\/td>\n<\/tr>\n<tr>\n<td width=\"141\"><strong><b>\u00a0<\/b><\/strong><\/td>\n<td width=\"153\"><strong><b>Vanne d'arr\u00eat d'urgence en phase gazeuse<\/b><\/strong><\/td>\n<td colspan=\"3\" width=\"414\">QGJ43F-25 DN25\/2<\/td>\n<\/tr>\n<tr>\n<td width=\"141\"><strong><b>\u00a0<\/b><\/strong><\/td>\n<td width=\"153\"><strong><b>Compteur de niveau de liquide<\/b><\/strong><\/td>\n<td colspan=\"3\" width=\"414\">ZGM-25-2D<\/td>\n<\/tr>\n<tr>\n<td width=\"141\"><strong><b>\u00a0<\/b><\/strong><\/td>\n<td width=\"153\"><strong><b>Manom\u00e8tre<\/b><\/strong><\/td>\n<td colspan=\"3\" width=\"414\">YN100\/2<\/td>\n<\/tr>\n<tr>\n<td width=\"141\"><strong><b>\u00a0<\/b><\/strong><\/td>\n<td width=\"153\"><strong><b>thermom\u00e8tre<\/b><\/strong><\/td>\n<td colspan=\"3\" width=\"414\">WTQ-280\/2<\/td>\n<\/tr>\n<tr>\n<td width=\"141\"><strong><b>\u00a0<\/b><\/strong><\/td>\n<td width=\"153\"><strong><b>Vanne \u00e0 bille de chargement et de d\u00e9chargement (phase liquide)<\/b><\/strong><\/td>\n<td colspan=\"3\" width=\"414\">DN50\/2<\/td>\n<\/tr>\n<tr>\n<td width=\"141\"><strong><b>\u00a0<\/b><\/strong><\/td>\n<td width=\"153\"><strong><b>Robinet \u00e0 boisseau sph\u00e9rique de chargement et de d\u00e9chargement (phase gazeuse)<\/b><\/strong><\/td>\n<td colspan=\"3\" width=\"414\">DN25\/2<\/td>\n<\/tr>\n<tr>\n<td colspan=\"2\" width=\"295\"><strong><b>Pression nominale<\/b><\/strong><\/td>\n<td colspan=\"3\" width=\"414\">1,76MPa<\/td>\n<\/tr>\n<tr>\n<td colspan=\"2\" width=\"295\"><strong><b>Coefficient du joint de soudure<\/b><\/strong><\/td>\n<td colspan=\"3\" width=\"414\">1.0<\/td>\n<\/tr>\n<tr>\n<td colspan=\"2\" width=\"295\"><strong><b>Indemnit\u00e9 de corrosion<\/b><\/strong><\/td>\n<td colspan=\"3\" width=\"414\">1,0 mm<\/td>\n<\/tr>\n<tr>\n<td colspan=\"2\" width=\"295\"><strong><b>Dur\u00e9e de vie th\u00e9orique<\/b><\/strong><\/td>\n<td colspan=\"3\" width=\"414\">10 ans<\/td>\n<\/tr>\n<tr>\n<td colspan=\"2\" width=\"295\"><strong><b>pression d'\u00e9preuve <\/b><\/strong><\/td>\n<td colspan=\"3\" width=\"414\">2,29MPa<\/td>\n<\/tr>\n<tr>\n<td colspan=\"2\" width=\"295\"><strong><b>Pression d'essai d'\u00e9tanch\u00e9it\u00e9 \u00e0 l'air<\/b><\/strong><\/td>\n<td colspan=\"3\" width=\"414\">1,76MPa<\/td>\n<\/tr>\n<tr>\n<td colspan=\"2\" width=\"295\"><strong><b>Qualit\u00e9 de la pr\u00e9paration<\/b><\/strong><\/td>\n<td colspan=\"3\" width=\"414\">14498kg<\/td>\n<\/tr>\n<tr>\n<td colspan=\"2\" width=\"295\"><strong><b>\u00a0<\/b><\/strong><\/td>\n<td width=\"108\">En pleine charge<\/p>\n<p>R\u00e9partition de la charge par essieu<\/td>\n<td width=\"108\">Vente de si\u00e8ge<\/td>\n<td width=\"197\">16100kg<\/td>\n<\/tr>\n<tr>\n<td colspan=\"2\" width=\"295\"><strong><b>\u00a0<\/b><\/strong><\/td>\n<td width=\"108\">&nbsp;<\/td>\n<td width=\"108\">essieu arri\u00e8re<\/td>\n<td width=\"197\">23900kg<\/td>\n<\/tr>\n<tr>\n<td colspan=\"2\" width=\"295\"><strong><b>Masse totale<\/b><\/strong><\/td>\n<td colspan=\"3\" width=\"414\">40000kg<\/td>\n<\/tr>\n<tr>\n<td colspan=\"2\" width=\"295\"><strong><b>Masse r\u00e9elle (pneus inclus)<\/b><\/strong><\/td>\n<td colspan=\"3\" width=\"414\">14400kg<\/td>\n<\/tr>\n<tr>\n<td colspan=\"2\" width=\"295\"><strong><b>Masse de charge nominale<\/b><\/strong><\/td>\n<td colspan=\"3\" width=\"414\">25502kg<\/td>\n<\/tr>\n<tr>\n<td colspan=\"2\" width=\"295\"><strong><b>Nombre d'axes<\/b><\/strong><\/td>\n<td colspan=\"3\" width=\"414\">Trois axes Fuhua 13T<\/td>\n<\/tr>\n<tr>\n<td colspan=\"2\" width=\"295\"><strong><b>empattement<\/b><\/strong><\/td>\n<td colspan=\"3\" width=\"414\">6835mm\uff0b1320mm\uff0b1320mm(ou personnalis\u00e9 selon les besoins)<\/td>\n<\/tr>\n<tr>\n<td width=\"141\"><strong><b>Sp\u00e9cifications des pneus<\/b><\/strong><\/td>\n<td width=\"153\"><strong><b>Nombre de pneus<\/b><\/strong><\/td>\n<td colspan=\"3\" width=\"414\">13 pi\u00e8ces<\/td>\n<\/tr>\n<tr>\n<td width=\"141\"><strong><b>\u00a0<\/b><\/strong><\/td>\n<td width=\"153\"><strong><b>Mod\u00e8le de pneu<\/b><\/strong><\/td>\n<td colspan=\"3\" width=\"414\">12R22.5\/12PR<\/td>\n<\/tr>\n<tr>\n<td colspan=\"2\" width=\"295\"><strong><b>Anneau en acier<\/b><\/strong><\/td>\n<td colspan=\"3\" width=\"414\">13 pi\u00e8ces<\/td>\n<\/tr>\n<tr>\n<td colspan=\"2\" width=\"295\"><strong><b>Chambre de frein<\/b><\/strong><\/td>\n<td colspan=\"3\" width=\"414\">6 paires<\/td>\n<\/tr>\n<tr>\n<td colspan=\"2\" width=\"295\"><strong><b>Syst\u00e8me de suspension<\/b><\/strong><\/td>\n<td colspan=\"3\" width=\"414\">Suspension m\u00e9canique<\/td>\n<\/tr>\n<tr>\n<td colspan=\"2\" width=\"295\"><strong><b>Moyen<\/b><\/strong><\/td>\n<td colspan=\"3\" width=\"414\">Gaz de p\u00e9trole liqu\u00e9fi\u00e9 (propane commercial)<\/td>\n<\/tr>\n<tr>\n<td colspan=\"2\" width=\"295\"><strong><b>Temp\u00e9rature ambiante d'utilisation<\/b><\/strong><\/td>\n<td colspan=\"3\" width=\"414\">-40\uff5e50\u2103<\/td>\n<\/tr>\n<tr>\n<td colspan=\"2\" width=\"295\"><strong><b>Support de jambe<\/b><\/strong><\/td>\n<td colspan=\"3\" width=\"414\">Jambe de 19 pouces \u00e0 simple action Yost (28 tonnes)<\/td>\n<\/tr>\n<tr>\n<td colspan=\"2\" width=\"295\"><strong><b>ABS<\/b><\/strong><strong><b>\u00a0syst\u00e8me<\/b><\/strong><\/td>\n<td colspan=\"3\" width=\"414\">KORMEE<\/td>\n<\/tr>\n<tr>\n<td colspan=\"2\" width=\"295\"><strong><b>Taille de la bo\u00eete \u00e0 outils<\/b><\/strong><\/td>\n<td colspan=\"3\" width=\"414\">1 bo\u00eete \u00e0 outils en alliage d'aluminium de chaque c\u00f4t\u00e9 (600 * 475 * 615)<\/td>\n<\/tr>\n<tr>\n<td colspan=\"2\" width=\"295\"><strong><b>Protection lat\u00e9rale<\/b><\/strong><\/td>\n<td colspan=\"3\" width=\"414\">Alliage d'aluminium<\/td>\n<\/tr>\n<tr>\n<td colspan=\"2\" width=\"295\"><strong><b>Garde du dos<\/b><\/strong><\/td>\n<td colspan=\"3\" width=\"414\">Acier au carbone<\/td>\n<\/tr>\n<tr>\n<td colspan=\"2\" width=\"295\"><strong><b>Extincteur<\/b><\/strong><\/td>\n<td colspan=\"3\" width=\"414\">2 8Kg en standard<\/td>\n<\/tr>\n<tr>\n<td colspan=\"2\" width=\"295\"><strong><b>Goupille de traction<\/b><\/strong><\/td>\n<td colspan=\"3\" width=\"414\">50# (Yost)<\/td>\n<\/tr>\n<tr>\n<td colspan=\"2\" width=\"295\"><strong><b>Ruban conducteur<\/b><\/strong><\/td>\n<td colspan=\"3\" width=\"414\">Type C<\/td>\n<\/tr>\n<\/tbody>\n<\/table>","protected":false},"excerpt":{"rendered":"<p>Type de param\u00e8tre Param\u00e8tre Sp\u00e9cifications du produit 60.72\u33a1 Dimensions du v\u00e9hicule (longueur, largeur, hauteur) \uff5e13360mm * 2540mm * 4000 mm Param\u00e8tres du r\u00e9servoir Volume d'annonce 60.72m\u00b3 Volume unitaire 420kg\/ m3 taille \uff5e13160mm * 2533mm * 2533 mm forme Elliptique\/Circulaire texture du mat\u00e9riau Alliage d'aluminium\/acier inoxydable \u00e9paisseur Corps du cylindre:Q420R\/11.5mm ,Couvercle de t\u00eate\uff1aQ420R\/8mm structure Double couche\/triple couche....<\/p>","protected":false},"featured_media":2938,"template":"","meta":{"_seopress_robots_primary_cat":"","_seopress_titles_title":"","_seopress_titles_desc":"","_seopress_robots_index":"","_kad_post_transparent":"default","_kad_post_title":"","_kad_post_layout":"default","_kad_post_sidebar_id":"","_kad_post_content_style":"default","_kad_post_vertical_padding":"default","_kad_post_feature":"","_kad_post_feature_position":"","_kad_post_header":false,"_kad_post_footer":false,"_kad_post_classname":""},"product_brand":[],"product_cat":[114,15,49],"product_tag":[],"class_list":{"0":"post-2935","1":"product","2":"type-product","3":"status-publish","4":"has-post-thumbnail","6":"product_cat-liquefied-petroleum-gas-tank-truck","7":"product_cat-categorize","8":"product_cat-tank-car","10":"first","11":"instock","12":"shipping-taxable","13":"product-type-simple","14":"entry","15":"content-bg","16":"loop-entry"},"_links":{"self":[{"href":"https:\/\/nanou-trailer.com\/fr\/wp-json\/wp\/v2\/product\/2935","targetHints":{"allow":["GET"]}}],"collection":[{"href":"https:\/\/nanou-trailer.com\/fr\/wp-json\/wp\/v2\/product"}],"about":[{"href":"https:\/\/nanou-trailer.com\/fr\/wp-json\/wp\/v2\/types\/product"}],"wp:featuredmedia":[{"embeddable":true,"href":"https:\/\/nanou-trailer.com\/fr\/wp-json\/wp\/v2\/media\/2938"}],"wp:attachment":[{"href":"https:\/\/nanou-trailer.com\/fr\/wp-json\/wp\/v2\/media?parent=2935"}],"wp:term":[{"taxonomy":"product_brand","embeddable":true,"href":"https:\/\/nanou-trailer.com\/fr\/wp-json\/wp\/v2\/product_brand?post=2935"},{"taxonomy":"product_cat","embeddable":true,"href":"https:\/\/nanou-trailer.com\/fr\/wp-json\/wp\/v2\/product_cat?post=2935"},{"taxonomy":"product_tag","embeddable":true,"href":"https:\/\/nanou-trailer.com\/fr\/wp-json\/wp\/v2\/product_tag?post=2935"}],"curies":[{"name":"wp","href":"https:\/\/api.w.org\/{rel}","templated":true}]}}