{"id":2922,"date":"2024-12-06T10:29:29","date_gmt":"2024-12-06T02:29:29","guid":{"rendered":"https:\/\/nanou-trailer.com\/?post_type=product&#038;p=2922"},"modified":"2025-03-09T14:02:31","modified_gmt":"2025-03-09T06:02:31","slug":"hook-plate-transport-semi-trailer-2","status":"publish","type":"product","link":"https:\/\/nanou-trailer.com\/fr\/produit\/hook-plate-transport-semi-trailer-2\/","title":{"rendered":"Hook plate transport semi-trailer"},"content":{"rendered":"<table>\n<tbody>\n<tr>\n<td colspan=\"3\" width=\"284\"><strong><b>Parameter category<\/b><\/strong><\/td>\n<td width=\"425\"><strong><b>param\u00e8tre<\/b><\/strong><\/td>\n<\/tr>\n<tr>\n<td colspan=\"3\" width=\"284\"><strong><b>Vehicle size (length, width, height)<\/b><\/strong><\/td>\n<td width=\"425\">13 meters * 2.55-3.0 * 1.15-2.2 (or customized according to requirements)<\/td>\n<\/tr>\n<tr>\n<td colspan=\"3\" width=\"284\"><strong><b>Poids du v\u00e9hicule<\/b><\/strong><\/td>\n<td width=\"425\">5.8-8.5 tons (varies depending on the vehicle model)<\/td>\n<\/tr>\n<tr>\n<td colspan=\"3\" width=\"284\"><strong><b>Capacit\u00e9 de charge nominale<\/b><\/strong><\/td>\n<td width=\"425\">40-80 tons (varies depending on the vehicle model)<\/td>\n<\/tr>\n<tr>\n<td colspan=\"3\" width=\"284\"><strong><b>Qualit\u00e9 class\u00e9e<\/b><\/strong><\/td>\n<td width=\"425\">22.4-100 tons (varies depending on the vehicle model)<\/td>\n<\/tr>\n<tr>\n<td colspan=\"3\" width=\"284\"><strong><b>Nombre d'axes<\/b><\/strong><\/td>\n<td width=\"425\">3-5\u8f74<\/td>\n<\/tr>\n<tr>\n<td colspan=\"3\" width=\"284\"><strong><b>empattement<\/b><\/strong><\/td>\n<td width=\"425\">998043200,+1310+1310 (or customized according to requirements)<\/td>\n<\/tr>\n<tr>\n<td rowspan=\"2\" width=\"142\"><strong><b>Sp\u00e9cifications des pneus \u00a0\u00a0\u00a0<\/b><\/strong><\/td>\n<td colspan=\"2\" width=\"142\"><strong><b>Nombre de pneus<\/b><\/strong><\/td>\n<td width=\"425\">12-20 (customized according to requirements)<\/td>\n<\/tr>\n<tr>\n<td colspan=\"2\" width=\"142\"><strong><b>Mod\u00e8le de pneu<\/b><\/strong><\/td>\n<td width=\"425\">1200R-22., 235\/75R-17.5245\/75-19.5295\/60-22.5 (customized according to requirements)<\/td>\n<\/tr>\n<tr>\n<td colspan=\"3\" width=\"284\"><strong><b>syst\u00e8me de freinage<\/b><\/strong><\/td>\n<td width=\"425\">Frein hydraulique \u00e0 double circuit \u00e0 tambour \u00e0 l'avant et \u00e0 l'arri\u00e8re et syst\u00e8me de freinage pneumatique, frein de stationnement ind\u00e9pendant<\/td>\n<\/tr>\n<tr>\n<td rowspan=\"2\" width=\"142\"><strong><b>Type de syst\u00e8me de suspension<\/b><\/strong><\/td>\n<td colspan=\"2\" width=\"142\"><strong><b>M\u00e9canique<\/b><\/strong><\/td>\n<td width=\"425\">Ressorts longitudinaux avant et arri\u00e8re en t\u00f4le d'acier, Fuhua<\/td>\n<\/tr>\n<tr>\n<td colspan=\"2\" width=\"142\"><strong><b>Suspension pneumatique<\/b><\/strong><\/td>\n<td width=\"425\">Cylinder type pneumatic shock absorber, Fuhua<\/td>\n<\/tr>\n<tr>\n<td colspan=\"3\" width=\"284\"><strong><b>Mat\u00e9riau de la poutre principale<\/b><\/strong><\/td>\n<td width=\"425\">T700 high-strength steel<\/td>\n<\/tr>\n<tr>\n<td colspan=\"2\" rowspan=\"4\" width=\"177\"><strong><b>Param\u00e8tres du faisceau principal et du faisceau longitudinal<\/b><\/strong><\/td>\n<td width=\"107\"><strong><b>Epaisseur verticale du panneau<\/b><\/strong><\/td>\n<td width=\"425\">6\/8\/10\/12mm<\/td>\n<\/tr>\n<tr>\n<td width=\"107\"><strong><b>hauteur<\/b><\/strong><\/td>\n<td width=\"425\">480-500mm<\/td>\n<\/tr>\n<tr>\n<td width=\"107\"><strong><b>\u00c9paisseur de la plaque sup\u00e9rieure de l'aile<\/b><\/strong><\/td>\n<td width=\"425\">10\/12\/14\/16\/18\/20mm<strong><b>\u00a0<\/b><\/strong><\/td>\n<\/tr>\n<tr>\n<td width=\"107\"><strong><b>\u00c9paisseur de la plaque inf\u00e9rieure de l'aile<\/b><\/strong><\/td>\n<td width=\"425\">10\/12\/14\/16\/18\/20\/22mm<\/td>\n<\/tr>\n<tr>\n<td colspan=\"3\" width=\"284\"><strong><b>Type de jambe<\/b><\/strong><\/td>\n<td width=\"425\">28T, JOST, simple action ou tringlerie<\/td>\n<\/tr>\n<tr>\n<td colspan=\"3\" width=\"284\"><strong><b>ABS<\/b><\/strong><strong><b>,EBS<\/b><\/strong><strong><b>\u00a0syst\u00e8me<\/b><\/strong><\/td>\n<td width=\"425\">KORMEE\uff0cWABCO<\/td>\n<\/tr>\n<tr>\n<td colspan=\"3\" width=\"284\"><strong><b>Tractor fuel type<\/b><\/strong><\/td>\n<td width=\"425\">diesel oil<\/td>\n<\/tr>\n<tr>\n<td colspan=\"3\" width=\"284\"><strong><b>Traction pin model<\/b><\/strong><\/td>\n<td width=\"425\">90#\uff0c50#\uff08JOST)<\/td>\n<\/tr>\n<tr>\n<td colspan=\"3\" width=\"284\"><strong><b>pulv\u00e9riser<\/b><\/strong><\/td>\n<td width=\"425\">Antirouille+peinture polyur\u00e9thane, rev\u00eatement en poudre \u00e9lectrophor\u00e8se, personnalis\u00e9 selon les besoins<\/td>\n<\/tr>\n<tr>\n<td colspan=\"3\" width=\"284\"><strong><b>Turn lock(THT)<\/b><\/strong><\/td>\n<td width=\"425\">4-12 pieces<\/td>\n<\/tr>\n<\/tbody>\n<\/table>\n<p>&nbsp;<\/p>","protected":false},"excerpt":{"rendered":"<p>Param\u00e8tre cat\u00e9gorie param\u00e8tre Taille du v\u00e9hicule (longueur, largeur, hauteur) 13 m\u00e8tres * 2,55-3,0 * 1,15-2,2 (ou personnalis\u00e9 selon les besoins) Poids du v\u00e9hicule 5,8-8,5 tonnes (varie selon le mod\u00e8le de v\u00e9hicule) Capacit\u00e9 de charge nominale 40-80 tonnes (varie selon le mod\u00e8le de v\u00e9hicule) Qualit\u00e9 nominale 22,4-100 tonnes (varie selon le mod\u00e8le de v\u00e9hicule) Nombre d'axes 3-5\u8f74 empattement...<\/p>","protected":false},"featured_media":2925,"template":"","meta":{"_seopress_robots_primary_cat":"","_seopress_titles_title":"","_seopress_titles_desc":"","_seopress_robots_index":"","_kad_post_transparent":"default","_kad_post_title":"","_kad_post_layout":"default","_kad_post_sidebar_id":"","_kad_post_content_style":"default","_kad_post_vertical_padding":"default","_kad_post_feature":"","_kad_post_feature_position":"","_kad_post_header":false,"_kad_post_footer":false,"_kad_post_classname":""},"product_brand":[],"product_cat":[41,15,104],"product_tag":[],"class_list":{"0":"post-2922","1":"product","2":"type-product","3":"status-publish","4":"has-post-thumbnail","6":"product_cat-lowbed-semi-trailer","7":"product_cat-categorize","8":"product_cat-reloading","10":"first","11":"instock","12":"shipping-taxable","13":"product-type-simple","14":"entry","15":"content-bg","16":"loop-entry"},"_links":{"self":[{"href":"https:\/\/nanou-trailer.com\/fr\/wp-json\/wp\/v2\/product\/2922","targetHints":{"allow":["GET"]}}],"collection":[{"href":"https:\/\/nanou-trailer.com\/fr\/wp-json\/wp\/v2\/product"}],"about":[{"href":"https:\/\/nanou-trailer.com\/fr\/wp-json\/wp\/v2\/types\/product"}],"wp:featuredmedia":[{"embeddable":true,"href":"https:\/\/nanou-trailer.com\/fr\/wp-json\/wp\/v2\/media\/2925"}],"wp:attachment":[{"href":"https:\/\/nanou-trailer.com\/fr\/wp-json\/wp\/v2\/media?parent=2922"}],"wp:term":[{"taxonomy":"product_brand","embeddable":true,"href":"https:\/\/nanou-trailer.com\/fr\/wp-json\/wp\/v2\/product_brand?post=2922"},{"taxonomy":"product_cat","embeddable":true,"href":"https:\/\/nanou-trailer.com\/fr\/wp-json\/wp\/v2\/product_cat?post=2922"},{"taxonomy":"product_tag","embeddable":true,"href":"https:\/\/nanou-trailer.com\/fr\/wp-json\/wp\/v2\/product_tag?post=2922"}],"curies":[{"name":"wp","href":"https:\/\/api.w.org\/{rel}","templated":true}]}}