{"id":2301,"date":"2024-11-30T15:38:59","date_gmt":"2024-11-30T07:38:59","guid":{"rendered":"https:\/\/nanou-trailer.com\/?post_type=product&#038;p=2301"},"modified":"2025-03-09T16:49:22","modified_gmt":"2025-03-09T08:49:22","slug":"liquefied-gas-tank-truck","status":"publish","type":"product","link":"https:\/\/nanou-trailer.com\/fr\/produit\/liquefied-gas-tank-truck\/","title":{"rendered":"Camion-citerne \u00e0 gaz liqu\u00e9fi\u00e9"},"content":{"rendered":"<table>\n<tbody>\n<tr>\n<td colspan=\"3\" width=\"265\"><strong><b>Type de param\u00e8tre<\/b><\/strong><\/td>\n<td width=\"453\"><strong><b>Param\u00e8tres <\/b><\/strong><\/td>\n<\/tr>\n<tr>\n<td colspan=\"3\" width=\"265\"><strong><b>Sp\u00e9cifications du produit<\/b><\/strong><\/td>\n<td width=\"453\">27 cubic low-temperature liquid transport tanker (natural gas)<\/td>\n<\/tr>\n<tr>\n<td colspan=\"3\" width=\"265\"><strong><b>Dimensions du v\u00e9hicule (longueur, largeur, hauteur)<\/b><\/strong><\/td>\n<td width=\"453\">11890\u00d7 2520\u00d73720 mm<\/td>\n<\/tr>\n<tr>\n<td colspan=\"3\" width=\"265\"><strong><b>Qualit\u00e9 totale<\/b><\/strong><\/td>\n<td width=\"453\">30195 kg<\/td>\n<\/tr>\n<tr>\n<td colspan=\"3\" width=\"265\"><strong><b>poids \u00e0 vide <\/b><\/strong><\/td>\n<td width=\"453\">19715 kg<\/td>\n<\/tr>\n<tr>\n<td colspan=\"3\" width=\"265\"><strong><b>Maximum allowable filling capacity<\/b><\/strong><\/td>\n<td width=\"453\">10350 kg<\/td>\n<\/tr>\n<tr>\n<td colspan=\"3\" width=\"265\"><strong><b>Driver and passenger quality<\/b><\/strong><\/td>\n<td width=\"453\">130 kg<\/td>\n<\/tr>\n<tr>\n<td width=\"103\"><strong><b>Axle load distribution at full load<\/b><\/strong><\/td>\n<td colspan=\"2\" width=\"162\"><strong><b>The first two axes<\/b><\/strong><\/td>\n<td width=\"453\">6236\/6714 kg<\/td>\n<\/tr>\n<tr>\n<td width=\"103\">&nbsp;<\/td>\n<td colspan=\"2\" width=\"162\"><strong><b>Rear two axes<\/b><\/strong><\/td>\n<td width=\"453\">17245 kg<\/td>\n<\/tr>\n<tr>\n<td colspan=\"3\" width=\"265\"><strong><b>Nombre d'axes<\/b><\/strong><\/td>\n<td width=\"453\">Three axes<\/td>\n<\/tr>\n<tr>\n<td colspan=\"3\" width=\"265\"><strong><b>empattement<\/b><\/strong><\/td>\n<td width=\"453\">1800\/4575\/1400 mm<\/td>\n<\/tr>\n<tr>\n<td colspan=\"3\" width=\"265\"><strong><b>Mod\u00e8le de pneu<\/b><\/strong><\/td>\n<td width=\"453\">295\/80R22.5\uff0c12R22.5<\/td>\n<\/tr>\n<tr>\n<td colspan=\"3\" width=\"265\"><strong><b>Roll stability angle at full load<\/b><\/strong><\/td>\n<td width=\"453\">28.8 \u00b0 (Static)<\/td>\n<\/tr>\n<tr>\n<td colspan=\"3\" width=\"265\"><strong><b>syst\u00e8me de freinage<\/b><\/strong><\/td>\n<td width=\"453\">Disc type air chamber with automatic brake clearance adjustment device, device testing brake pipeline interface connector. Electronic brake system EBS with ABS<\/td>\n<\/tr>\n<tr>\n<td colspan=\"3\" width=\"265\"><strong><b>Frame<\/b><\/strong><\/td>\n<td width=\"453\">Double layered frame, width 850mm<\/td>\n<\/tr>\n<tr>\n<td colspan=\"3\" width=\"265\"><strong><b>Syst\u00e8me de suspension<\/b><\/strong><\/td>\n<td width=\"453\">3\/3\/-\/-(Rear 2-axle air suspension)<\/td>\n<\/tr>\n<tr>\n<td colspan=\"3\" width=\"265\"><strong><b>Front suspension\/rear suspension mm<\/b><\/strong><\/td>\n<td width=\"453\">1430\/2685<\/td>\n<\/tr>\n<tr>\n<td colspan=\"3\" width=\"265\"><strong><b>Approach angle\/departure angle \u00a0\u00b0<\/b><\/strong><\/td>\n<td width=\"453\">19\/10<\/td>\n<\/tr>\n<tr>\n<td width=\"103\"><strong><b>Design speed limit<\/b><\/strong><\/td>\n<td colspan=\"2\" width=\"162\"><strong><b>turn a corner<\/b><\/strong><\/td>\n<td width=\"453\">\u2264 20km\/h<\/td>\n<\/tr>\n<tr>\n<td width=\"103\">&nbsp;<\/td>\n<td colspan=\"2\" width=\"162\"><strong><b>Flat road surface<\/b><\/strong><\/td>\n<td width=\"453\">\u2264 80km\/h<\/td>\n<\/tr>\n<tr>\n<td colspan=\"3\" width=\"265\"><strong><b>Dur\u00e9e de vie th\u00e9orique<\/b><\/strong><\/td>\n<td width=\"453\">10 ans<\/td>\n<\/tr>\n<tr>\n<td width=\"103\"><strong><b>Param\u00e8tres du r\u00e9servoir<\/b><\/strong><\/td>\n<td colspan=\"2\" width=\"162\"><strong><b>volume<\/b><\/strong><\/td>\n<td width=\"453\">Geometry\/Effective\uff1a27\/24.3m3<\/td>\n<\/tr>\n<tr>\n<td width=\"103\">&nbsp;<\/td>\n<td colspan=\"2\" width=\"162\"><strong><b>la texture du mat\u00e9riau<\/b><\/strong><\/td>\n<td width=\"453\">Horizontal\/vertical, double-layer cylindrical vacuum powder insulation structure<\/td>\n<\/tr>\n<tr>\n<td width=\"103\"><strong><b>\u00a0<\/b><\/strong><\/td>\n<td colspan=\"2\" width=\"162\"><strong><b>Material of inner<\/b><\/strong><strong><b>\u00a0<\/b><\/strong><strong><b>tank wall<\/b><\/strong><\/td>\n<td width=\"453\">9Ni steel or aluminum alloy (low temperature resistance)<\/td>\n<\/tr>\n<tr>\n<td width=\"103\"><strong><b>\u00a0<\/b><\/strong><\/td>\n<td colspan=\"2\" width=\"162\"><strong><b>Outer tank wall material<\/b><\/strong><\/td>\n<td width=\"453\">Prestressed reinforced concrete or stainless steel<\/td>\n<\/tr>\n<tr>\n<td width=\"103\"><strong><b>\u00a0<\/b><\/strong><\/td>\n<td colspan=\"2\" width=\"162\"><strong><b>Adiabatic <\/b><\/strong><strong><b>\u00a0<\/b><\/strong><strong><b>structure<\/b><\/strong><\/td>\n<td width=\"453\">Double layered wall structure, filled with insulation material in the middle<\/td>\n<\/tr>\n<tr>\n<td colspan=\"3\" width=\"265\"><strong><b>Pression nominale<\/b><\/strong><\/td>\n<td width=\"453\">Content container\uff1a1.0 MPa \uff0cShell\uff1a-0.1 MPa<\/td>\n<\/tr>\n<tr>\n<td colspan=\"3\" width=\"265\"><strong><b>Temp\u00e9rature de conception<\/b><\/strong><\/td>\n<td width=\"453\">Content container\uff1a-122 \u00a0\u2103 \uff0cShell\uff1a50 \u2103<\/td>\n<\/tr>\n<tr>\n<td colspan=\"3\" width=\"265\"><strong><b>pression de service<\/b><\/strong><\/td>\n<td width=\"453\">Content container\uff1a0.94 \u00a0MPa \uff0cShell\uff1a-0.1 MPa<\/td>\n<\/tr>\n<tr>\n<td colspan=\"3\" width=\"265\"><strong><b>temp\u00e9rature de fonctionnement <\/b><\/strong><\/td>\n<td width=\"453\">Content container\uff1a-162\uff5e-123 \u2103 \uff0cShell\uff1anormal atmospheric temperature<\/td>\n<\/tr>\n<tr>\n<td colspan=\"2\" width=\"120\"><strong><b>Medium (natural gas)<\/b><\/strong><\/td>\n<td width=\"144\"><strong><b>characteristic<\/b><\/strong><\/td>\n<td width=\"453\">Flammable and explosive<\/td>\n<\/tr>\n<tr>\n<td colspan=\"2\" width=\"120\">&nbsp;<\/td>\n<td width=\"144\"><strong><b>density<\/b><\/strong><\/td>\n<td width=\"453\">426kg\/m3<\/td>\n<\/tr>\n<tr>\n<td colspan=\"3\" width=\"265\"><strong><b>Minimum Design Metal Temperature<\/b><\/strong><\/td>\n<td width=\"453\">Content container\uff1a-196 \u2103 \uff0cShell\uff1a-40 \u2103<\/td>\n<\/tr>\n<tr>\n<td colspan=\"3\" width=\"265\"><strong><b>Main materials of pressure bearing components<\/b><\/strong><\/td>\n<td width=\"453\">Content container\uff1aS30408\uff08RP1.0) \uff0cShell\uff1a16MnDR\/Q345R<\/td>\n<\/tr>\n<tr>\n<td colspan=\"3\" width=\"265\"><strong><b>Essai d'\u00e9tanch\u00e9it\u00e9<\/b><\/strong><\/td>\n<td width=\"453\">Content container\uff1aAir tightness1.0MPa\uff08Whole vehicle\uff09 \uff0cShell\uff1aHelium mass spectrometry leak detection<\/td>\n<\/tr>\n<tr>\n<td width=\"103\"><strong><b>Air pressure test<\/b><\/strong><\/td>\n<td colspan=\"2\" width=\"162\"><strong><b>Before vacuum<\/b><\/strong><\/td>\n<td width=\"453\">1.27MPa<\/td>\n<\/tr>\n<tr>\n<td width=\"103\">&nbsp;<\/td>\n<td colspan=\"2\" width=\"162\"><strong><b>After vacuum<\/b><\/strong><\/td>\n<td width=\"453\">1.17MPa<\/td>\n<\/tr>\n<tr>\n<td colspan=\"3\" width=\"265\"><strong><b>Taux de fuite de la couche interm\u00e9diaire du vide<\/b><\/strong><\/td>\n<td width=\"453\">\u2264 5\u00d7 10-9 Pa\u00b7m3\/s<\/td>\n<\/tr>\n<tr>\n<td colspan=\"3\" width=\"265\"><strong><b>Taux de fuite de la couche interm\u00e9diaire du vide<\/b><\/strong><\/td>\n<td width=\"453\">\u2264 1\u00d710-6Pa.m3\/s(Interlayer)<\/td>\n<\/tr>\n<tr>\n<td colspan=\"3\" width=\"265\"><strong><b>Gas displacement<\/b><\/strong><\/td>\n<td width=\"453\">Nitrogen replacement<\/td>\n<\/tr>\n<tr>\n<td colspan=\"3\" width=\"265\"><strong><b>Factory sealing vacuum degree<\/b><\/strong><\/td>\n<td width=\"453\">\u2264 8.0\u00d710-2Pa<\/td>\n<\/tr>\n<tr>\n<td colspan=\"3\" width=\"265\"><strong><b>Static evaporation rate%d<\/b><\/strong><\/td>\n<td width=\"453\">\u2264 0.30\uff08LN2\uff09<\/td>\n<\/tr>\n<tr>\n<td colspan=\"3\" width=\"265\"><strong><b>Indemnit\u00e9 de corrosion<\/b><\/strong><\/td>\n<td width=\"453\">0 mm<\/td>\n<\/tr>\n<tr>\n<td colspan=\"3\" width=\"265\"><strong><b>Design vacuum life<\/b><\/strong><\/td>\n<td width=\"453\">5 years<\/td>\n<\/tr>\n<tr>\n<td width=\"103\"><strong><b>Compteur de niveau de liquide<\/b><\/strong><\/td>\n<td colspan=\"2\" width=\"162\"><strong><b>mod\u00e8le<\/b><\/strong><\/td>\n<td width=\"453\">NDL-5-(0-15KPa)<\/td>\n<\/tr>\n<tr>\n<td width=\"103\">&nbsp;<\/td>\n<td colspan=\"2\" width=\"162\"><strong><b>type<\/b><\/strong><\/td>\n<td width=\"453\">Combination differential pressure gauge<\/td>\n<\/tr>\n<tr>\n<td width=\"103\"><strong><b>\u00a0<\/b><\/strong><\/td>\n<td colspan=\"2\" width=\"162\"><strong><b>Nominal pressure<\/b><\/strong><\/td>\n<td width=\"453\">2.5 MPa<\/td>\n<\/tr>\n<tr>\n<td width=\"103\"><strong><b>\u00a0<\/b><\/strong><\/td>\n<td colspan=\"2\" width=\"162\"><strong><b>Scope of testing<\/b><\/strong><\/td>\n<td width=\"453\">0-15 KPa<\/td>\n<\/tr>\n<tr>\n<td width=\"103\">&nbsp;<\/td>\n<td colspan=\"2\" width=\"162\"><strong><b>accuracy<\/b><\/strong><\/td>\n<td width=\"453\">Level 2.5<\/td>\n<\/tr>\n<tr>\n<td width=\"103\"><strong><b>Manom\u00e8tre<\/b><\/strong><\/td>\n<td colspan=\"2\" width=\"162\"><strong><b>Dial diameter<\/b><\/strong><\/td>\n<td width=\"453\">\u03a6100 mm<\/td>\n<\/tr>\n<tr>\n<td width=\"103\">&nbsp;<\/td>\n<td colspan=\"2\" width=\"162\"><strong><b>Nominal pressure<\/b><\/strong><\/td>\n<td width=\"453\">2.5 MPa<\/td>\n<\/tr>\n<tr>\n<td width=\"103\"><strong><b>\u00a0<\/b><\/strong><\/td>\n<td colspan=\"2\" width=\"162\"><strong><b>Scope of testing<\/b><\/strong><\/td>\n<td width=\"453\">0\uff5e2.5 MPa<\/td>\n<\/tr>\n<tr>\n<td width=\"103\"><strong><b>\u00a0<\/b><\/strong><\/td>\n<td colspan=\"2\" width=\"162\"><strong><b>accuracy<\/b><\/strong><\/td>\n<td width=\"453\">Level 1.6<\/td>\n<\/tr>\n<tr>\n<td width=\"103\"><strong><b>Soupape de s\u00e9curit\u00e9<\/b><\/strong><\/td>\n<td colspan=\"2\" width=\"162\"><strong><b>mod\u00e8le<\/b><\/strong><\/td>\n<td width=\"453\">DA22F-40P<\/td>\n<\/tr>\n<tr>\n<td width=\"103\">&nbsp;<\/td>\n<td colspan=\"2\" width=\"162\"><strong><b>type<\/b><\/strong><\/td>\n<td width=\"453\">Fully open type<\/td>\n<\/tr>\n<tr>\n<td width=\"103\"><strong><b>\u00a0<\/b><\/strong><\/td>\n<td colspan=\"2\" width=\"162\"><strong><b>Nominal pressure<\/b><\/strong><\/td>\n<td width=\"453\">4.0 MPa<\/td>\n<\/tr>\n<tr>\n<td width=\"103\">&nbsp;<\/td>\n<td colspan=\"2\" width=\"162\"><strong><b>Set pressure main\/auxiliary<\/b><\/strong><\/td>\n<td width=\"453\">1.1\/1.15 MPa<\/td>\n<\/tr>\n<tr>\n<td width=\"103\"><strong><b>\u00a0<\/b><\/strong><\/td>\n<td colspan=\"2\" width=\"162\"><strong><b>Return pressure main\/auxiliary<\/b><\/strong><\/td>\n<td width=\"453\">0.99\/1.04 \u00a0MPa<\/td>\n<\/tr>\n<tr>\n<td width=\"103\">&nbsp;<\/td>\n<td colspan=\"2\" width=\"162\"><strong><b>Valve seat throat diameter<\/b><\/strong><\/td>\n<td width=\"453\">17 mm<\/td>\n<\/tr>\n<tr>\n<td width=\"103\"><strong><b>Loading and unloading device<\/b><\/strong><\/td>\n<td colspan=\"2\" width=\"162\"><strong><b>Connector Type <\/b><\/strong><\/td>\n<td width=\"453\">flange<\/td>\n<\/tr>\n<tr>\n<td width=\"103\">&nbsp;<\/td>\n<td colspan=\"2\" width=\"162\"><strong><b>Nominal diameter<\/b><\/strong><\/td>\n<td width=\"453\">DN50<\/td>\n<\/tr>\n<tr>\n<td width=\"103\"><strong><b>Emergency shut-off device (gas\/liquid phase)<\/b><\/strong><\/td>\n<td colspan=\"2\" width=\"162\"><strong><b>mod\u00e8le<\/b><\/strong><\/td>\n<td width=\"453\">DJ661F-40P<\/td>\n<\/tr>\n<tr>\n<td width=\"103\">&nbsp;<\/td>\n<td colspan=\"2\" width=\"162\"><strong><b>type<\/b><\/strong><\/td>\n<td width=\"453\">External<\/td>\n<\/tr>\n<tr>\n<td width=\"103\"><strong><b>\u00a0<\/b><\/strong><\/td>\n<td colspan=\"2\" width=\"162\"><strong><b>Nominal pressure<\/b><\/strong><\/td>\n<td width=\"453\">4.0 MPa<\/td>\n<\/tr>\n<tr>\n<td width=\"103\"><strong><b>\u00a0<\/b><\/strong><\/td>\n<td colspan=\"2\" width=\"162\"><strong><b>Nominal diameter<\/b><\/strong><\/td>\n<td width=\"453\">DN50<\/td>\n<\/tr>\n<tr>\n<td width=\"103\"><strong><b>\u00a0<\/b><\/strong><\/td>\n<td colspan=\"2\" width=\"162\"><strong><b>Operation method<\/b><\/strong><\/td>\n<td width=\"453\">Pneumatic<\/td>\n<\/tr>\n<tr>\n<td width=\"103\"><strong><b>\u00a0<\/b><\/strong><\/td>\n<td colspan=\"2\" width=\"162\"><strong><b>Closing time<\/b><\/strong><\/td>\n<td width=\"453\">\uff1c10 s<\/td>\n<\/tr>\n<tr>\n<td width=\"103\"><strong><b>\u00a0<\/b><\/strong><\/td>\n<td colspan=\"2\" width=\"162\"><strong><b>Melting temperature<\/b><\/strong><\/td>\n<td width=\"453\">70\u00b1 5 \u00a0\u2103<\/td>\n<\/tr>\n<tr>\n<td colspan=\"3\" width=\"265\"><strong><b>Vacuum valve<\/b><\/strong><\/td>\n<td width=\"453\">ZK-50-2<\/td>\n<\/tr>\n<tr>\n<td colspan=\"3\" width=\"265\"><strong><b>Low temperature check valve<\/b><\/strong><\/td>\n<td width=\"453\">DH61F-40P DN50<\/td>\n<\/tr>\n<tr>\n<td colspan=\"3\" width=\"265\"><strong><b>Low temperature shut-off valve<\/b><\/strong><\/td>\n<td width=\"453\">DJ61F-40P DN10\/DJ61F-40P DN32\/DJ61F-40P DN50<\/td>\n<\/tr>\n<tr>\n<td colspan=\"3\" width=\"265\"><strong><b>Low temperature emergency shut-off valve<\/b><\/strong><\/td>\n<td width=\"453\">DJ661F-40P DN32\/DJ661F-40P DN50<\/td>\n<\/tr>\n<tr>\n<td colspan=\"3\" width=\"265\"><strong><b>1\/8 &#8220;vacuum gauge valve<\/b><\/strong><\/td>\n<td width=\"453\">DV-6R<\/td>\n<\/tr>\n<\/tbody>\n<\/table>","protected":false},"excerpt":{"rendered":"<p>Param\u00e8tre type Param\u00e8tre Caract\u00e9ristiques du produit Citerne 27 cubes pour le transport de liquides \u00e0 basse temp\u00e9rature (gaz naturel) Dimensions du v\u00e9hicule (longueur, largeur, hauteur) 11890\u00d7 2520\u00d73720 mm Qualit\u00e9 totale 30195 kg Poids \u00e0 vide 19715 kg Capacit\u00e9 de remplissage maximale autoris\u00e9e 10350 kg Qualit\u00e9 du conducteur et du passager 130 kg R\u00e9partition de la charge \u00e0 l'essieu \u00e0 pleine charge Les deux premiers axes 6236\/6714 kg Arri\u00e8re....<\/p>","protected":false},"featured_media":2304,"template":"","meta":{"_seopress_robots_primary_cat":"none","_seopress_titles_title":"","_seopress_titles_desc":"","_seopress_robots_index":"","_kad_post_transparent":"default","_kad_post_title":"","_kad_post_layout":"default","_kad_post_sidebar_id":"","_kad_post_content_style":"default","_kad_post_vertical_padding":"default","_kad_post_feature":"","_kad_post_feature_position":"","_kad_post_header":false,"_kad_post_footer":false,"_kad_post_classname":""},"product_brand":[],"product_cat":[114,15,49],"product_tag":[],"class_list":{"0":"post-2301","1":"product","2":"type-product","3":"status-publish","4":"has-post-thumbnail","6":"product_cat-liquefied-petroleum-gas-tank-truck","7":"product_cat-categorize","8":"product_cat-tank-car","10":"first","11":"instock","12":"shipping-taxable","13":"product-type-simple","14":"entry","15":"content-bg","16":"loop-entry"},"_links":{"self":[{"href":"https:\/\/nanou-trailer.com\/fr\/wp-json\/wp\/v2\/product\/2301","targetHints":{"allow":["GET"]}}],"collection":[{"href":"https:\/\/nanou-trailer.com\/fr\/wp-json\/wp\/v2\/product"}],"about":[{"href":"https:\/\/nanou-trailer.com\/fr\/wp-json\/wp\/v2\/types\/product"}],"wp:featuredmedia":[{"embeddable":true,"href":"https:\/\/nanou-trailer.com\/fr\/wp-json\/wp\/v2\/media\/2304"}],"wp:attachment":[{"href":"https:\/\/nanou-trailer.com\/fr\/wp-json\/wp\/v2\/media?parent=2301"}],"wp:term":[{"taxonomy":"product_brand","embeddable":true,"href":"https:\/\/nanou-trailer.com\/fr\/wp-json\/wp\/v2\/product_brand?post=2301"},{"taxonomy":"product_cat","embeddable":true,"href":"https:\/\/nanou-trailer.com\/fr\/wp-json\/wp\/v2\/product_cat?post=2301"},{"taxonomy":"product_tag","embeddable":true,"href":"https:\/\/nanou-trailer.com\/fr\/wp-json\/wp\/v2\/product_tag?post=2301"}],"curies":[{"name":"wp","href":"https:\/\/api.w.org\/{rel}","templated":true}]}}