{"id":2077,"date":"2024-11-29T14:44:58","date_gmt":"2024-11-29T06:44:58","guid":{"rendered":"https:\/\/nanou-trailer.com\/?post_type=product&#038;p=2077"},"modified":"2025-03-09T16:52:52","modified_gmt":"2025-03-09T08:52:52","slug":"exit-rollover-dump-semi-trailer","status":"publish","type":"product","link":"https:\/\/nanou-trailer.com\/fr\/produit\/exit-rollover-dump-semi-trailer\/","title":{"rendered":"Sortie de route d'une semi-remorque \u00e0 benne basculante"},"content":{"rendered":"<table>\n<tbody>\n<tr>\n<td colspan=\"2\" width=\"330\"><strong><b>Type de param\u00e8tre<\/b><\/strong><\/td>\n<td width=\"390\"><strong><b>param\u00e8tre<\/b><\/strong><\/td>\n<\/tr>\n<tr>\n<td colspan=\"2\" width=\"330\"><strong><b>Dimensions du v\u00e9hicule <\/b><\/strong><\/p>\n<p><strong><b>(longueur, largeur, hauteur)<\/b><\/strong><\/td>\n<td width=\"390\">10-15 m * 2,5\/2,55 m * 1,8-4,2 m (ou personnalis\u00e9 selon les besoins)<\/td>\n<\/tr>\n<tr>\n<td rowspan=\"2\" width=\"146\"><strong><b>Param\u00e8tres du conteneur<\/b><\/strong><\/td>\n<td width=\"184\"><strong><b>Dimensions du conteneur<\/b><\/strong><strong><b>(longueur, largeur, hauteur)<\/b><\/strong><\/td>\n<td width=\"390\">9-11 m * 2,5\/2,55 m* 1,8-4 m (ou personnalis\u00e9 selon les besoins)<\/td>\n<\/tr>\n<tr>\n<td width=\"184\"><strong><b>Mat\u00e9riau du r\u00e9cipient<\/b><\/strong><\/td>\n<td width=\"390\">Plaque d'acier \u00e0 haute r\u00e9sistance T700, T750<\/td>\n<\/tr>\n<tr>\n<td colspan=\"2\" width=\"330\"><strong><b>Structure de la cabine<\/b><\/strong><\/td>\n<td width=\"390\">Ouverture suspendue+ouverture fractionn\u00e9e<\/td>\n<\/tr>\n<tr>\n<td colspan=\"2\" width=\"330\"><strong><b>Poids du v\u00e9hicule<\/b><\/strong><\/td>\n<td width=\"390\">8T-16T (selon le mod\u00e8le de v\u00e9hicule)<\/td>\n<\/tr>\n<tr>\n<td colspan=\"2\" width=\"330\"><strong><b>Capacit\u00e9 de charge nominale<\/b><\/strong><\/td>\n<td width=\"390\">40T-120T (selon le mod\u00e8le de v\u00e9hicule)<\/td>\n<\/tr>\n<tr>\n<td colspan=\"2\" width=\"330\"><strong><b>Qualit\u00e9 class\u00e9e<\/b><\/strong><\/td>\n<td width=\"390\">30T-100T (selon le mod\u00e8le de v\u00e9hicule)<\/td>\n<\/tr>\n<tr>\n<td colspan=\"2\" width=\"330\"><strong><b>Nombre d'axes<\/b><\/strong><\/td>\n<td width=\"390\">3-4-5 axes<\/td>\n<\/tr>\n<tr>\n<td colspan=\"2\" width=\"330\"><strong><b>empattement<\/b><\/strong><\/td>\n<td width=\"390\">4200, 6480, 6800, +1310+1310 (ou personnalis\u00e9 selon les besoins)<\/td>\n<\/tr>\n<tr>\n<td rowspan=\"2\" width=\"146\"><strong><b>Sp\u00e9cifications des pneus \u00a0\u00a0\u00a0\u00a0\u00a0<\/b><\/strong><\/td>\n<td width=\"184\"><strong><b>Nombre de pneus<\/b><\/strong><\/td>\n<td width=\"390\">12-20 (sur mesure en fonction des besoins)<\/td>\n<\/tr>\n<tr>\n<td width=\"184\"><strong><b>Mod\u00e8le de pneu<\/b><\/strong><\/td>\n<td width=\"390\">11.00R20, 12.00R22.5, etc. (sur mesure en fonction des besoins)<\/td>\n<\/tr>\n<tr>\n<td colspan=\"2\" width=\"330\"><strong><b>Syst\u00e8me de prise de force<\/b><\/strong><\/td>\n<td width=\"390\">Prise de force (selon le rapport de la bo\u00eete de vitesses du tracteur)<\/td>\n<\/tr>\n<tr>\n<td colspan=\"2\" width=\"330\"><strong><b>syst\u00e8me de freinage<\/b><\/strong><\/td>\n<td width=\"390\">Frein hydraulique \u00e0 double circuit \u00e0 tambour \u00e0 l'avant et \u00e0 l'arri\u00e8re et syst\u00e8me de freinage pneumatique, frein de stationnement ind\u00e9pendant<\/td>\n<\/tr>\n<tr>\n<td rowspan=\"2\" width=\"146\"><strong><b>Syst\u00e8me de levage <\/b><\/strong><\/td>\n<td width=\"184\"><strong><b>M\u00e9thode de levage<\/b><\/strong><\/td>\n<td width=\"390\">Cylindre hydraulique de levage Haiwo<\/td>\n<\/tr>\n<tr>\n<td width=\"184\"><strong><b>Nombre de v\u00e9rins de levage<\/b><\/strong><\/td>\n<td width=\"390\">6-7 lev\u00e9es+1-2 lev\u00e9es (facultatif)<\/td>\n<\/tr>\n<tr>\n<td rowspan=\"2\" width=\"146\"><strong><b>Type de syst\u00e8me de suspension<\/b><\/strong><\/td>\n<td width=\"184\"><strong><b>M\u00e9canique<\/b><\/strong><\/td>\n<td width=\"390\">Ressorts longitudinaux avant et arri\u00e8re en t\u00f4le d'acier, Fuhua<\/td>\n<\/tr>\n<tr>\n<td width=\"184\"><strong><b>Suspension pneumatique<\/b><\/strong><\/td>\n<td width=\"390\">Amortisseur pneumatique de type cylindre, Fuhua (poids l\u00e9ger en option)<\/td>\n<\/tr>\n<tr>\n<td colspan=\"2\" width=\"330\"><strong><b>Mat\u00e9riau de la poutre principale<\/b><\/strong><\/td>\n<td width=\"390\">T700\uff0cQ355E\uff0c690D\uff0cBS980 etc.Acier \u00e0 haute r\u00e9sistance<\/td>\n<\/tr>\n<tr>\n<td rowspan=\"4\" width=\"146\"><strong><b>Param\u00e8tres du faisceau principal et du faisceau longitudinal<\/b><\/strong><\/td>\n<td width=\"184\"><strong><b>Tableau vertical <\/b><\/strong><\/p>\n<p><strong><b>l'\u00e9paisseur<\/b><\/strong><\/td>\n<td width=\"390\">4\/6\/8\/10mm<\/td>\n<\/tr>\n<tr>\n<td width=\"184\"><strong><b>hauteur<\/b><\/strong><\/td>\n<td width=\"390\">400-500mm<\/td>\n<\/tr>\n<tr>\n<td width=\"184\"><strong><b>\u00c9paisseur de la plaque sup\u00e9rieure de l'aile<\/b><\/strong><\/td>\n<td width=\"390\">6\/8\/10\/12\/14mm<\/td>\n<\/tr>\n<tr>\n<td width=\"184\"><strong><b>\u00c9paisseur de la plaque inf\u00e9rieure de l'aile<\/b><\/strong><\/td>\n<td width=\"390\">6\/8\/10\/12\/14\/16mm<\/td>\n<\/tr>\n<tr>\n<td colspan=\"2\" width=\"330\"><strong><b>Type de jambe<\/b><\/strong><\/td>\n<td width=\"390\">28T, JOST, simple action ou tringlerie<\/td>\n<\/tr>\n<tr>\n<td colspan=\"2\" width=\"330\"><strong><b>ABS<\/b><\/strong><strong><b>EBS,<\/b><\/strong><strong><b>syst\u00e8me<\/b><\/strong><\/td>\n<td width=\"390\">KORMEE\uff0cWABCO<\/td>\n<\/tr>\n<tr>\n<td colspan=\"2\" width=\"330\"><strong><b>pulv\u00e9riser<\/b><\/strong><\/td>\n<td width=\"390\">Antirouille+peinture polyur\u00e9thane, rev\u00eatement en poudre \u00e9lectrophor\u00e8se, (personnalis\u00e9 selon les besoins)<\/td>\n<\/tr>\n<\/tbody>\n<\/table>\n<p>&nbsp;<\/p>","protected":false},"excerpt":{"rendered":"<p>Param\u00e8tre type Param\u00e8tre Dimensions du v\u00e9hicule (longueur, largeur, hauteur) 10-15 m * 2,5\/2,55 m * 1,8-4,2 m (ou personnalis\u00e9 selon les besoins) Param\u00e8tres du conteneur Dimensions du conteneur (longueur, largeur, hauteur) 9-11 m * 2,5\/2,55 m* 1,8-4 m (ou personnalis\u00e9 selon les besoins) Mat\u00e9riau du conteneur T700, T750 plaque d'acier \u00e0 haute r\u00e9sistance Structure de la cabine Suspension ouverte+split ouverte Poids du v\u00e9hicule 8T-16T (en fonction de la...<\/p>","protected":false},"featured_media":2080,"template":"","meta":{"_seopress_robots_primary_cat":"none","_seopress_titles_title":"","_seopress_titles_desc":"","_seopress_robots_index":"","_kad_post_transparent":"default","_kad_post_title":"","_kad_post_layout":"default","_kad_post_sidebar_id":"","_kad_post_content_style":"default","_kad_post_vertical_padding":"default","_kad_post_feature":"","_kad_post_feature_position":"","_kad_post_header":false,"_kad_post_footer":false,"_kad_post_classname":""},"product_brand":[],"product_cat":[100,120,15],"product_tag":[],"class_list":{"0":"post-2077","1":"product","2":"type-product","3":"status-publish","4":"has-post-thumbnail","6":"product_cat-box-semi-trailer","7":"product_cat-container-carrier","8":"product_cat-categorize","10":"first","11":"instock","12":"shipping-taxable","13":"product-type-simple","14":"entry","15":"content-bg","16":"loop-entry"},"_links":{"self":[{"href":"https:\/\/nanou-trailer.com\/fr\/wp-json\/wp\/v2\/product\/2077","targetHints":{"allow":["GET"]}}],"collection":[{"href":"https:\/\/nanou-trailer.com\/fr\/wp-json\/wp\/v2\/product"}],"about":[{"href":"https:\/\/nanou-trailer.com\/fr\/wp-json\/wp\/v2\/types\/product"}],"wp:featuredmedia":[{"embeddable":true,"href":"https:\/\/nanou-trailer.com\/fr\/wp-json\/wp\/v2\/media\/2080"}],"wp:attachment":[{"href":"https:\/\/nanou-trailer.com\/fr\/wp-json\/wp\/v2\/media?parent=2077"}],"wp:term":[{"taxonomy":"product_brand","embeddable":true,"href":"https:\/\/nanou-trailer.com\/fr\/wp-json\/wp\/v2\/product_brand?post=2077"},{"taxonomy":"product_cat","embeddable":true,"href":"https:\/\/nanou-trailer.com\/fr\/wp-json\/wp\/v2\/product_cat?post=2077"},{"taxonomy":"product_tag","embeddable":true,"href":"https:\/\/nanou-trailer.com\/fr\/wp-json\/wp\/v2\/product_tag?post=2077"}],"curies":[{"name":"wp","href":"https:\/\/api.w.org\/{rel}","templated":true}]}}