{"id":2039,"date":"2024-11-26T14:38:42","date_gmt":"2024-11-26T06:38:42","guid":{"rendered":"https:\/\/nanou-trailer.com\/?post_type=product&#038;p=2039"},"modified":"2025-03-09T16:53:27","modified_gmt":"2025-03-09T08:53:27","slug":"container-skeleton-semitrailer-2","status":"publish","type":"product","link":"https:\/\/nanou-trailer.com\/fr\/produit\/container-skeleton-semitrailer-2\/","title":{"rendered":"Semi-remorque \u00e0 squelette de conteneur"},"content":{"rendered":"<table>\n<tbody>\n<tr>\n<td colspan=\"3\" width=\"300\"><strong><b>Type de param\u00e8tre<\/b><\/strong><\/td>\n<td colspan=\"2\" width=\"470\"><strong><b>Param\u00e8tres <\/b><\/strong><\/td>\n<\/tr>\n<tr>\n<td colspan=\"3\" width=\"300\"><strong>Dessins de produits<\/strong><\/td>\n<td colspan=\"2\" width=\"470\"><strong><b> <img fetchpriority=\"high\" decoding=\"async\" class=\"alignnone size-medium wp-image-2388\" src=\"https:\/\/nanou-trailer.com\/wp-content\/uploads\/2024\/11\/\u82f1\u658720\u5c3a\u7f50\u53a2\u53c2\u6570\u8868-300x212.jpg\" alt=\"\" width=\"300\" height=\"212\" srcset=\"https:\/\/nanou-trailer.com\/wp-content\/uploads\/2024\/11\/\u82f1\u658720\u5c3a\u7f50\u53a2\u53c2\u6570\u8868-300x212.jpg 300w, https:\/\/nanou-trailer.com\/wp-content\/uploads\/2024\/11\/\u82f1\u658720\u5c3a\u7f50\u53a2\u53c2\u6570\u8868-1024x724.jpg 1024w, https:\/\/nanou-trailer.com\/wp-content\/uploads\/2024\/11\/\u82f1\u658720\u5c3a\u7f50\u53a2\u53c2\u6570\u8868-768x543.jpg 768w, https:\/\/nanou-trailer.com\/wp-content\/uploads\/2024\/11\/\u82f1\u658720\u5c3a\u7f50\u53a2\u53c2\u6570\u8868-18x12.jpg 18w, https:\/\/nanou-trailer.com\/wp-content\/uploads\/2024\/11\/\u82f1\u658720\u5c3a\u7f50\u53a2\u53c2\u6570\u8868-800x566.jpg 800w, https:\/\/nanou-trailer.com\/wp-content\/uploads\/2024\/11\/\u82f1\u658720\u5c3a\u7f50\u53a2\u53c2\u6570\u8868.jpg 1123w\" sizes=\"(max-width: 300px) 100vw, 300px\" \/><\/b><\/strong><\/td>\n<\/tr>\n<tr>\n<td rowspan=\"13\" width=\"95\">&nbsp;<\/p>\n<p>&nbsp;<\/p>\n<p>&nbsp;<\/p>\n<p><strong><b>R\u00e9servoir<\/b><\/strong><\/td>\n<td colspan=\"2\" width=\"205\"><strong><b>mod\u00e8le<\/b><\/strong><\/td>\n<td colspan=\"2\" width=\"470\">CG-1.6-2230-19.8<\/td>\n<\/tr>\n<tr>\n<td colspan=\"2\" width=\"205\"><strong><b>Type de conteneur<\/b><\/strong><\/td>\n<td colspan=\"2\" width=\"470\">1CC<\/td>\n<\/tr>\n<tr>\n<td colspan=\"2\" width=\"205\"><strong><b>Num\u00e9ro des Nations unies<\/b><\/strong><\/td>\n<td colspan=\"2\" width=\"470\">UN1978<\/td>\n<\/tr>\n<tr>\n<td colspan=\"2\" width=\"205\"><strong><b>Lignes directrices pour les armoires-citernes<\/b><\/strong><\/td>\n<td colspan=\"2\" width=\"470\">T75<\/td>\n<\/tr>\n<tr>\n<td colspan=\"2\" width=\"205\"><strong><b>Code de la taille et du type de bo\u00eete<\/b><\/strong><\/td>\n<td colspan=\"2\" width=\"470\">22T5<\/td>\n<\/tr>\n<tr>\n<td colspan=\"2\" width=\"205\"><strong><b>Qualit\u00e9 de la bo\u00eete \u00a0<\/b><\/strong><strong><b>kg<\/b><\/strong><\/td>\n<td colspan=\"2\" width=\"470\">9300<\/td>\n<\/tr>\n<tr>\n<td colspan=\"2\" width=\"205\"><strong><b>Capacit\u00e9 de chargement maximale <\/b><\/strong><strong><b>kg<\/b><\/strong><\/td>\n<td colspan=\"2\" width=\"470\">7592<\/td>\n<\/tr>\n<tr>\n<td colspan=\"2\" width=\"205\"><strong><b>Masse totale maximale \u00a0<\/b><\/strong><strong><b>kg<\/b><\/strong><\/td>\n<td colspan=\"2\" width=\"470\">34000<\/td>\n<\/tr>\n<tr>\n<td colspan=\"2\" width=\"205\"><strong><b>Permettre l'empilement des qualit\u00e9s\/couches <\/b><\/strong><strong><b>kg<\/b><\/strong><strong><b>\uff0flayer<\/b><\/strong><\/td>\n<td colspan=\"2\" width=\"470\">\u00a0192000\/6<\/td>\n<\/tr>\n<tr>\n<td colspan=\"2\" width=\"205\"><strong><b>Dimensions (longueur<\/b><\/strong><strong><b>\uff0c<\/b><\/strong><strong><b>largeur <\/b><\/strong><strong><b>\uff0c<\/b><\/strong><strong><b>\u00a0hauteur)<\/b><\/strong><strong><b>mm<\/b><\/strong><\/td>\n<td colspan=\"2\" width=\"470\">\u00a06058X2438X2591<\/td>\n<\/tr>\n<tr>\n<td colspan=\"2\" width=\"205\"><strong><b>Principale cat\u00e9gorie de danger<\/b><\/strong><\/td>\n<td colspan=\"2\" width=\"470\">2.1<\/td>\n<\/tr>\n<tr>\n<td colspan=\"2\" width=\"205\"><strong><b>Dur\u00e9e de vie th\u00e9orique<\/b><\/strong><\/td>\n<td colspan=\"2\" width=\"470\">10<\/td>\n<\/tr>\n<tr>\n<td colspan=\"2\" width=\"205\"><strong><b>type de transport maritime<\/b><\/strong><\/td>\n<td colspan=\"2\" width=\"470\">Autoroute, voie navigable ou transport intermodal de ces modes de transport<\/td>\n<\/tr>\n<tr>\n<td rowspan=\"20\" width=\"95\">&nbsp;<\/p>\n<p>&nbsp;<\/p>\n<p>&nbsp;<\/p>\n<p>&nbsp;<\/p>\n<p><strong><b>Corps du r\u00e9servoir<\/b><\/strong><\/td>\n<td colspan=\"2\" width=\"205\"><strong><b>Type de param\u00e8tre<\/b><\/strong><\/td>\n<td width=\"257\"><strong><b>Conteneur de contenu<\/b><\/strong><\/td>\n<td width=\"213\"><strong><b>Coquille<\/b><\/strong><\/td>\n<\/tr>\n<tr>\n<td colspan=\"2\" width=\"205\"><strong><b>pression de service<\/b><\/strong><strong><b>\/<\/b><\/strong><strong><b>MPa<\/b><\/strong><\/td>\n<td width=\"257\">\u22641.6<\/td>\n<td width=\"213\">-0.1<\/td>\n<\/tr>\n<tr>\n<td colspan=\"2\" width=\"205\"><strong><b>Pression nominale<\/b><\/strong><strong><b>\/<\/b><\/strong><strong><b>MPa<\/b><\/strong><\/td>\n<td width=\"257\">1.6<\/td>\n<td width=\"213\">-0.1<\/td>\n<\/tr>\n<tr>\n<td colspan=\"2\" width=\"205\"><strong><b>temp\u00e9rature de fonctionnement <\/b><\/strong><strong><b>\/<\/b><\/strong><strong><b>\u2103<\/b><\/strong><\/td>\n<td width=\"257\">-162<\/td>\n<td width=\"213\">-19~50<\/td>\n<\/tr>\n<tr>\n<td colspan=\"2\" width=\"205\"><strong><b>Temp\u00e9rature de conception<\/b><\/strong><strong><b>\/<\/b><\/strong><strong><b>\u2103<\/b><\/strong><\/td>\n<td width=\"257\">-196<\/td>\n<td width=\"213\">50<\/td>\n<\/tr>\n<tr>\n<td rowspan=\"4\" width=\"74\"><strong><b>\u00a0<\/b><\/strong><\/p>\n<p><strong><b>Mat\u00e9riau principal<\/b><\/strong><\/td>\n<td width=\"131\"><strong><b>Mat\u00e9riau de la t\u00eate\/norme<\/b><\/strong><\/td>\n<td width=\"257\">S30408(Rp1.0)\/GB24511-2009<\/td>\n<td width=\"213\">Q345R\/GB\/T713-2014<\/td>\n<\/tr>\n<tr>\n<td width=\"131\"><strong><b>Mat\u00e9riau du cylindre\/standard<\/b><\/strong><\/td>\n<td width=\"257\">S30408(Rp1.0)\/GB24511-2009<\/td>\n<td width=\"213\">Q345R\/GB\/T713-2014<\/td>\n<\/tr>\n<tr>\n<td width=\"131\"><strong><b>T\u00eate<\/b><\/strong><strong><b>\u00a0conception<\/b><\/strong><\/p>\n<p><strong><b>l'\u00e9paisseur<\/b><\/strong><strong><b>mm<\/b><\/strong><\/td>\n<td width=\"257\">11.62<\/td>\n<td width=\"213\">7.14<\/td>\n<\/tr>\n<tr>\n<td width=\"131\"><strong><b>Epaisseur de calcul du corps du cylindre<\/b><\/strong><strong><b>\u00a0<\/b><\/strong><strong><b>mm<\/b><\/strong><\/td>\n<td width=\"257\">11.67<\/td>\n<td width=\"213\">3.05<\/td>\n<\/tr>\n<tr>\n<td colspan=\"2\" width=\"205\"><strong><b>Moyen de remplissage <\/b><\/strong><\/td>\n<td width=\"257\">gaz naturel liqu\u00e9fi\u00e9\uff08LNG\uff09<\/td>\n<td width=\"213\">\/<\/td>\n<\/tr>\n<tr>\n<td colspan=\"2\" width=\"205\"><strong><b>Caract\u00e9ristiques moyennes<\/b><\/strong><\/td>\n<td width=\"257\">explosif<\/td>\n<td width=\"213\">\/<\/td>\n<\/tr>\n<tr>\n<td colspan=\"2\" width=\"205\"><strong><b>volume<\/b><\/strong><\/td>\n<td width=\"257\">19.8<\/td>\n<td width=\"213\">3.58<\/td>\n<\/tr>\n<tr>\n<td colspan=\"2\" width=\"205\"><strong><b>Pression d'essai <\/b><\/strong><strong><b>MPa<\/b><\/strong><\/td>\n<td width=\"257\">1.96\uff08Before assembly\uff091.84\uff08After assembly\uff09<\/td>\n<td width=\"213\">\/<\/td>\n<\/tr>\n<tr>\n<td colspan=\"2\" width=\"205\"><strong><b>Essai d'\u00e9tanch\u00e9it\u00e9<\/b><\/strong><\/td>\n<td width=\"257\">1,6MPa Test d'\u00e9tanch\u00e9it\u00e9 \u00e0 l'air<\/td>\n<td width=\"213\">D\u00e9tection de fuites par spectrom\u00e9trie de masse de l'ammoniac<\/td>\n<\/tr>\n<tr>\n<td colspan=\"2\" width=\"205\"><strong><b>Indemnit\u00e9 de corrosion<\/b><\/strong><\/td>\n<td width=\"257\">0<\/td>\n<td width=\"213\">0<\/td>\n<\/tr>\n<tr>\n<td colspan=\"2\" width=\"205\"><strong><b>Coefficient du joint de soudure<\/b><\/strong><\/td>\n<td width=\"257\">1<\/td>\n<td width=\"213\">0.85\/1<\/td>\n<\/tr>\n<tr>\n<td colspan=\"2\" width=\"205\"><strong><b>Taux de fuite de la couche interm\u00e9diaire du vide<\/b><\/strong><strong><b>\u00a0<\/b><\/strong><strong><b>Pa<\/b><\/strong><strong><b>*<\/b><\/strong><strong><b>m\u00b3<\/b><\/strong><strong><b>\/<\/b><\/strong><strong><b>S<\/b><\/strong><\/td>\n<td colspan=\"2\" width=\"470\">5&#215;10^(-9)<\/td>\n<\/tr>\n<tr>\n<td colspan=\"2\" width=\"205\"><strong><b>Taux de fuite de la couche interm\u00e9diaire du vide<\/b><\/strong><strong><b>\u00a0<\/b><\/strong><strong><b>Pa<\/b><\/strong><strong><b>m\u00b3<\/b><\/strong><strong><b>\uff0f<\/b><\/strong><strong><b>S<\/b><\/strong><\/td>\n<td colspan=\"2\" width=\"470\">1&#215;10^(-6)<\/td>\n<\/tr>\n<tr>\n<td colspan=\"2\" width=\"205\"><strong><b>Degr\u00e9 de vide d'\u00e9tanch\u00e9it\u00e9<\/b><\/strong><\/td>\n<td colspan=\"2\" width=\"470\">1&#215;10^(-1)<\/td>\n<\/tr>\n<tr>\n<td colspan=\"2\" width=\"205\"><strong><b>Maintenir le temps<\/b><\/strong><\/td>\n<td colspan=\"2\" width=\"470\">60 jours<\/td>\n<\/tr>\n<tr>\n<td width=\"95\"><strong><b>autres<\/b><\/strong><\/td>\n<td colspan=\"4\" width=\"676\">1\u3001Les conteneurs doivent \u00eatre soumis \u00e0 divers essais de type conform\u00e9ment aux normes GB\/T16563-1996 et JB\/T4784-2007\uff1b.<\/p>\n<p>2\u3001Apr\u00e8s l'assemblage du corps et du cadre du r\u00e9servoir, le traitement par sablage est effectu\u00e9 dans son ensemble, et la peinture est pulv\u00e9ris\u00e9e uniform\u00e9ment\uff1b.<\/td>\n<\/tr>\n<\/tbody>\n<\/table>\n<p>&nbsp;<\/p>","protected":false},"excerpt":{"rendered":"<p>Type de param\u00e8tre Param\u00e8tre Dessins du produit Mod\u00e8le de conteneur-citerne CG-1.6-2230-19.8 Type de conteneur 1CC Num\u00e9ro ONU UN1978 Directives pour les cabines-citernes T75 Code de taille et de type de bo\u00eete 22T5 Qualit\u00e9 de la bo\u00eete kg 9300 Capacit\u00e9 de chargement maximale kg 7592 Masse totale maximale kg 34000 Qualit\u00e9 d'empilage autoris\u00e9e\/couches kg\uff0flayer 192000\/6 Dimensions (longueur\uff0clargeur \uff0c hauteur)mm 6058X2438X2591 Risque principal...<\/p>","protected":false},"featured_media":2042,"template":"","meta":{"_seopress_robots_primary_cat":"none","_seopress_titles_title":"","_seopress_titles_desc":"","_seopress_robots_index":"","_kad_post_transparent":"default","_kad_post_title":"","_kad_post_layout":"default","_kad_post_sidebar_id":"","_kad_post_content_style":"default","_kad_post_vertical_padding":"default","_kad_post_feature":"","_kad_post_feature_position":"","_kad_post_header":false,"_kad_post_footer":false,"_kad_post_classname":""},"product_brand":[],"product_cat":[38,118,15],"product_tag":[],"class_list":{"0":"post-2039","1":"product","2":"type-product","3":"status-publish","4":"has-post-thumbnail","6":"product_cat-fence-semi-tariler","7":"product_cat-stockcart","8":"product_cat-categorize","10":"first","11":"instock","12":"shipping-taxable","13":"product-type-simple","14":"entry","15":"content-bg","16":"loop-entry"},"_links":{"self":[{"href":"https:\/\/nanou-trailer.com\/fr\/wp-json\/wp\/v2\/product\/2039","targetHints":{"allow":["GET"]}}],"collection":[{"href":"https:\/\/nanou-trailer.com\/fr\/wp-json\/wp\/v2\/product"}],"about":[{"href":"https:\/\/nanou-trailer.com\/fr\/wp-json\/wp\/v2\/types\/product"}],"wp:featuredmedia":[{"embeddable":true,"href":"https:\/\/nanou-trailer.com\/fr\/wp-json\/wp\/v2\/media\/2042"}],"wp:attachment":[{"href":"https:\/\/nanou-trailer.com\/fr\/wp-json\/wp\/v2\/media?parent=2039"}],"wp:term":[{"taxonomy":"product_brand","embeddable":true,"href":"https:\/\/nanou-trailer.com\/fr\/wp-json\/wp\/v2\/product_brand?post=2039"},{"taxonomy":"product_cat","embeddable":true,"href":"https:\/\/nanou-trailer.com\/fr\/wp-json\/wp\/v2\/product_cat?post=2039"},{"taxonomy":"product_tag","embeddable":true,"href":"https:\/\/nanou-trailer.com\/fr\/wp-json\/wp\/v2\/product_tag?post=2039"}],"curies":[{"name":"wp","href":"https:\/\/api.w.org\/{rel}","templated":true}]}}