{"id":1971,"date":"2024-11-26T10:26:17","date_gmt":"2024-11-26T02:26:17","guid":{"rendered":"https:\/\/nanou-trailer.com\/?post_type=product&#038;p=1971"},"modified":"2025-03-09T17:03:20","modified_gmt":"2025-03-09T09:03:20","slug":"17-meter-pull-out-tablet","status":"publish","type":"product","link":"https:\/\/nanou-trailer.com\/fr\/produit\/17-meter-pull-out-tablet\/","title":{"rendered":"Tablette extractible de 17 m\u00e8tres"},"content":{"rendered":"<table>\n<tbody>\n<tr>\n<td colspan=\"2\" width=\"237\"><strong><b>Parameter category<\/b><\/strong><\/td>\n<td width=\"472\"><strong><b>param\u00e8tre<\/b><\/strong><\/td>\n<\/tr>\n<tr>\n<td colspan=\"2\" width=\"237\"><strong><b>Dimensions du v\u00e9hicule <\/b><\/strong><\/p>\n<p><strong><b>(longueur, largeur, hauteur)<\/b><\/strong><\/td>\n<td width=\"472\">13-18 meters * 2.55\/3 meters * 0.85-1.2 meters (customizable according to needs)<\/td>\n<\/tr>\n<tr>\n<td colspan=\"2\" width=\"237\"><strong><b>Poids du v\u00e9hicule<\/b><\/strong><\/td>\n<td width=\"472\">Commonly ranging from 10 tons to 21 tons (depending on the vehicle model and configuration)<\/td>\n<\/tr>\n<tr>\n<td colspan=\"2\" width=\"237\"><strong><b>Design weight<\/b><\/strong><\/td>\n<td width=\"472\">Commonly ranging from 60 tons to 150 tons (depending on the vehicle model and configuration)<\/td>\n<\/tr>\n<tr>\n<td colspan=\"2\" width=\"237\"><strong><b>Nombre d'axes<\/b><\/strong><\/td>\n<td width=\"472\">Common 3-4-5-6-7-8 axes \u2716 11.5 tons (customizable according to demand)<\/td>\n<\/tr>\n<tr>\n<td colspan=\"2\" width=\"237\"><strong><b>empattement<\/b><\/strong><\/td>\n<td width=\"472\">6950,8800,+1310+1310(customizable according to requirements)<\/td>\n<\/tr>\n<tr>\n<td width=\"125\"><strong><b>Sp\u00e9cifications des pneus<\/b><\/strong><\/td>\n<td width=\"112\"><strong><b>Nombre de pneus<\/b><\/strong><\/td>\n<td width=\"472\">Common 12-32 (configured according to the number of axes)<\/td>\n<\/tr>\n<tr>\n<td width=\"125\">&nbsp;<\/td>\n<td width=\"112\"><strong><b>Mod\u00e8le de pneu<\/b><\/strong><\/td>\n<td width=\"472\">825-16,825-20,205\/65R17.5,215\/60R16,245\/70R17.5\uff0c215\/65R-17.5\uff0c235\/70R-17.5(Customized according to requirements)<\/td>\n<\/tr>\n<tr>\n<td width=\"125\"><strong><b>Syst\u00e8me de suspension<\/b><\/strong><\/td>\n<td width=\"112\"><strong><b>M\u00e9canique<\/b><\/strong><\/td>\n<td width=\"472\">Front and rear longitudinal steel plate spring suspension, Fuhua<\/td>\n<\/tr>\n<tr>\n<td width=\"125\">&nbsp;<\/td>\n<td width=\"112\"><strong><b>Suspension pneumatique<\/b><\/strong><\/td>\n<td width=\"472\">Cylinder type pneumatic shock absorber, Fuhua (preferred in Kazakhstan and Russia)<\/td>\n<\/tr>\n<tr>\n<td colspan=\"2\" width=\"237\"><strong><b>syst\u00e8me de freinage<\/b><\/strong><\/td>\n<td width=\"472\">Frein hydraulique \u00e0 double circuit \u00e0 tambour \u00e0 l'avant et \u00e0 l'arri\u00e8re et syst\u00e8me de freinage pneumatique, frein de stationnement ind\u00e9pendant<\/td>\n<\/tr>\n<tr>\n<td colspan=\"2\" width=\"237\"><strong><b>Mat\u00e9riau de la poutre principale<\/b><\/strong><\/td>\n<td width=\"472\">T700, T750, Q355E, 690D. BS980. High strength steel, etc<\/td>\n<\/tr>\n<tr>\n<td width=\"125\"><strong><b>Param\u00e8tres du faisceau principal et du faisceau longitudinal<\/b><\/strong><\/td>\n<td width=\"112\"><strong><b>Epaisseur verticale du panneau<\/b><\/strong><\/td>\n<td width=\"472\">6\/8\/10\/12\/14mm (double vertical plate)<\/td>\n<\/tr>\n<tr>\n<td width=\"125\">&nbsp;<\/td>\n<td width=\"112\"><strong><b>hauteur<\/b><\/strong><\/td>\n<td width=\"472\">230-400mm,480-500mm<\/td>\n<\/tr>\n<tr>\n<td width=\"125\"><strong><b>\u00a0<\/b><\/strong><\/td>\n<td width=\"112\"><strong><b>\u00c9paisseur de la plaque sup\u00e9rieure de l'aile<\/b><\/strong><\/td>\n<td width=\"472\">10\/12\/14\/16\/18\/20mm<strong><b>\u00a0<\/b><\/strong><\/td>\n<\/tr>\n<tr>\n<td width=\"125\"><strong><b>\u00a0<\/b><\/strong><\/td>\n<td width=\"112\"><strong><b>\u00c9paisseur de la plaque inf\u00e9rieure de l'aile<\/b><\/strong><\/td>\n<td width=\"472\">10\/12\/14\/16\/18\/20\/22mm<\/td>\n<\/tr>\n<tr>\n<td colspan=\"2\" width=\"237\"><strong><b>Type de jambe<\/b><\/strong><\/td>\n<td width=\"472\">28T, JOST, simple action ou tringlerie<\/td>\n<\/tr>\n<tr>\n<td colspan=\"2\" width=\"237\"><strong><b>ABS<\/b><\/strong><strong><b>,EBS<\/b><\/strong><strong><b>\u00a0syst\u00e8me<\/b><\/strong><\/td>\n<td width=\"472\">KORMEE\uff0cWABCO<\/td>\n<\/tr>\n<tr>\n<td colspan=\"2\" width=\"237\"><strong><b>Tractor fuel type<\/b><\/strong><\/td>\n<td width=\"472\">diesel oil<\/td>\n<\/tr>\n<tr>\n<td colspan=\"2\" width=\"237\"><strong><b>Traction pin model<\/b><\/strong><\/td>\n<td width=\"472\">90#\uff0c50#\uff08JOST)<\/td>\n<\/tr>\n<tr>\n<td colspan=\"2\" width=\"237\"><strong><b>pulv\u00e9riser<\/b><\/strong><\/td>\n<td width=\"472\">Antirouille+peinture polyur\u00e9thane, rev\u00eatement en poudre \u00e9lectrophor\u00e8se, personnalis\u00e9 selon les besoins<\/td>\n<\/tr>\n<tr>\n<td colspan=\"2\" width=\"237\"><strong><b>Turn lock\uff08THT\uff09<\/b><\/strong><\/td>\n<td width=\"472\">4-12<\/td>\n<\/tr>\n<tr>\n<td colspan=\"2\" width=\"237\"><strong><b>remarks<\/b><\/strong><\/td>\n<td width=\"472\">According to the customer&#8217;s cargo requirements, additional equipment such as pulling, turning, and widening can be designed<\/td>\n<\/tr>\n<\/tbody>\n<\/table>","protected":false},"excerpt":{"rendered":"<p>Param\u00e8tre cat\u00e9gorie param\u00e8tre Dimensions du v\u00e9hicule (longueur, largeur, hauteur) 13-18 m\u00e8tres * 2,55\/3 m\u00e8tres * 0,85-1,2 m\u00e8tres (personnalisable en fonction des besoins) Poids du v\u00e9hicule G\u00e9n\u00e9ralement compris entre 10 et 21 tonnes (en fonction du mod\u00e8le et de la configuration du v\u00e9hicule) Poids de conception G\u00e9n\u00e9ralement compris entre 60 et 150 tonnes (en fonction du mod\u00e8le et de la configuration du v\u00e9hicule) Nombre...<\/p>","protected":false},"featured_media":1974,"template":"","meta":{"_seopress_robots_primary_cat":"none","_seopress_titles_title":"","_seopress_titles_desc":"","_seopress_robots_index":"","_kad_post_transparent":"default","_kad_post_title":"","_kad_post_layout":"default","_kad_post_sidebar_id":"","_kad_post_content_style":"default","_kad_post_vertical_padding":"default","_kad_post_feature":"","_kad_post_feature_position":"","_kad_post_header":false,"_kad_post_footer":false,"_kad_post_classname":""},"product_brand":[],"product_cat":[41,15,104],"product_tag":[],"class_list":{"0":"post-1971","1":"product","2":"type-product","3":"status-publish","4":"has-post-thumbnail","6":"product_cat-lowbed-semi-trailer","7":"product_cat-categorize","8":"product_cat-reloading","10":"first","11":"instock","12":"shipping-taxable","13":"product-type-simple","14":"entry","15":"content-bg","16":"loop-entry"},"_links":{"self":[{"href":"https:\/\/nanou-trailer.com\/fr\/wp-json\/wp\/v2\/product\/1971","targetHints":{"allow":["GET"]}}],"collection":[{"href":"https:\/\/nanou-trailer.com\/fr\/wp-json\/wp\/v2\/product"}],"about":[{"href":"https:\/\/nanou-trailer.com\/fr\/wp-json\/wp\/v2\/types\/product"}],"wp:featuredmedia":[{"embeddable":true,"href":"https:\/\/nanou-trailer.com\/fr\/wp-json\/wp\/v2\/media\/1974"}],"wp:attachment":[{"href":"https:\/\/nanou-trailer.com\/fr\/wp-json\/wp\/v2\/media?parent=1971"}],"wp:term":[{"taxonomy":"product_brand","embeddable":true,"href":"https:\/\/nanou-trailer.com\/fr\/wp-json\/wp\/v2\/product_brand?post=1971"},{"taxonomy":"product_cat","embeddable":true,"href":"https:\/\/nanou-trailer.com\/fr\/wp-json\/wp\/v2\/product_cat?post=1971"},{"taxonomy":"product_tag","embeddable":true,"href":"https:\/\/nanou-trailer.com\/fr\/wp-json\/wp\/v2\/product_tag?post=1971"}],"curies":[{"name":"wp","href":"https:\/\/api.w.org\/{rel}","templated":true}]}}