{"id":1960,"date":"2024-11-26T10:10:20","date_gmt":"2024-11-26T02:10:20","guid":{"rendered":"https:\/\/nanou-trailer.com\/?post_type=product&#038;p=1960"},"modified":"2025-03-09T17:03:37","modified_gmt":"2025-03-09T09:03:37","slug":"30-foot-energy-storage-container","status":"publish","type":"product","link":"https:\/\/nanou-trailer.com\/fr\/produit\/30-foot-energy-storage-container\/","title":{"rendered":"Conteneur de stockage d'\u00e9nergie de 30 pieds"},"content":{"rendered":"<table>\n<tbody>\n<tr>\n<td colspan=\"3\" width=\"288\"><strong><b>Type de param\u00e8tre<\/b><\/strong><\/td>\n<td colspan=\"2\" width=\"504\"><strong><b>Param\u00e8tres<\/b><\/strong><\/td>\n<\/tr>\n<tr>\n<td colspan=\"3\" width=\"288\"><strong><b>Dessins de produits<\/b><\/strong><\/td>\n<td colspan=\"2\" width=\"504\"><strong><b> <img fetchpriority=\"high\" decoding=\"async\" class=\"alignnone size-medium wp-image-2384\" src=\"https:\/\/nanou-trailer.com\/wp-content\/uploads\/2024\/11\/\u82f1\u658740-\u5c3aLNG\u7f50\u53a2\u53c2\u6570\u8868-300x212.jpg\" alt=\"\" width=\"300\" height=\"212\" srcset=\"https:\/\/nanou-trailer.com\/wp-content\/uploads\/2024\/11\/\u82f1\u658740-\u5c3aLNG\u7f50\u53a2\u53c2\u6570\u8868-300x212.jpg 300w, https:\/\/nanou-trailer.com\/wp-content\/uploads\/2024\/11\/\u82f1\u658740-\u5c3aLNG\u7f50\u53a2\u53c2\u6570\u8868-1024x724.jpg 1024w, https:\/\/nanou-trailer.com\/wp-content\/uploads\/2024\/11\/\u82f1\u658740-\u5c3aLNG\u7f50\u53a2\u53c2\u6570\u8868-768x543.jpg 768w, https:\/\/nanou-trailer.com\/wp-content\/uploads\/2024\/11\/\u82f1\u658740-\u5c3aLNG\u7f50\u53a2\u53c2\u6570\u8868-18x12.jpg 18w, https:\/\/nanou-trailer.com\/wp-content\/uploads\/2024\/11\/\u82f1\u658740-\u5c3aLNG\u7f50\u53a2\u53c2\u6570\u8868-800x566.jpg 800w, https:\/\/nanou-trailer.com\/wp-content\/uploads\/2024\/11\/\u82f1\u658740-\u5c3aLNG\u7f50\u53a2\u53c2\u6570\u8868.jpg 1121w\" sizes=\"(max-width: 300px) 100vw, 300px\" \/><\/b><\/strong><\/td>\n<\/tr>\n<tr>\n<td rowspan=\"13\" width=\"90\">&nbsp;<\/p>\n<p>&nbsp;<\/p>\n<p>&nbsp;<\/p>\n<p>&nbsp;<\/p>\n<p>&nbsp;<\/p>\n<p><strong><b>R\u00e9servoir<\/b><\/strong><\/td>\n<td colspan=\"2\" width=\"198\"><strong><b>mod\u00e8le<\/b><\/strong><\/td>\n<td colspan=\"2\" width=\"504\">GJ-0.8-2265-45.5<\/td>\n<\/tr>\n<tr>\n<td colspan=\"2\" width=\"198\"><strong><b>Type de conteneur<\/b><\/strong><\/td>\n<td colspan=\"2\" width=\"504\">1AA<\/td>\n<\/tr>\n<tr>\n<td colspan=\"2\" width=\"198\"><strong><b>Num\u00e9ro des Nations unies<\/b><\/strong><\/td>\n<td colspan=\"2\" width=\"504\">UN1972<\/td>\n<\/tr>\n<tr>\n<td colspan=\"2\" width=\"198\"><strong><b>Lignes directrices pour les armoires-citernes<\/b><\/strong><\/td>\n<td colspan=\"2\" width=\"504\">T75<\/td>\n<\/tr>\n<tr>\n<td colspan=\"2\" width=\"198\"><strong><b>Code de la taille et du type de bo\u00eete<\/b><\/strong><\/td>\n<td colspan=\"2\" width=\"504\">42K7<\/td>\n<\/tr>\n<tr>\n<td colspan=\"2\" width=\"198\"><strong><b>Box weight kg<\/b><\/strong><\/td>\n<td colspan=\"2\" width=\"504\">13035<\/td>\n<\/tr>\n<tr>\n<td colspan=\"2\" width=\"198\"><strong><b>Maximum loading weight kg<\/b><\/strong><\/td>\n<td colspan=\"2\" width=\"504\">17445<\/td>\n<\/tr>\n<tr>\n<td colspan=\"2\" width=\"198\"><strong><b>Maximum total mass kg<\/b><\/strong><\/td>\n<td colspan=\"2\" width=\"504\">30480<\/td>\n<\/tr>\n<tr>\n<td colspan=\"2\" width=\"198\"><strong><b>Allow stacking quality <\/b><\/strong><strong><b>kg<\/b><\/strong><\/td>\n<td colspan=\"2\" width=\"504\">192000<\/td>\n<\/tr>\n<tr>\n<td colspan=\"2\" width=\"198\"><strong><b>Dimensions (length x width x height)<\/b><\/strong><strong><b>mm<\/b><\/strong><\/td>\n<td colspan=\"2\" width=\"504\">12192X2438X2591<\/td>\n<\/tr>\n<tr>\n<td colspan=\"2\" width=\"198\"><strong><b>Main hazard type<\/b><\/strong><\/td>\n<td colspan=\"2\" width=\"504\">2.1<\/td>\n<\/tr>\n<tr>\n<td colspan=\"2\" width=\"198\"><strong><b>Dur\u00e9e de vie th\u00e9orique<\/b><\/strong><\/td>\n<td colspan=\"2\" width=\"504\">20<\/td>\n<\/tr>\n<tr>\n<td colspan=\"2\" width=\"198\"><strong><b>type de transport maritime<\/b><\/strong><\/td>\n<td colspan=\"2\" width=\"504\">Autoroute, voie navigable ou transport intermodal de ces modes de transport<\/td>\n<\/tr>\n<tr>\n<td rowspan=\"22\" width=\"90\">&nbsp;<\/p>\n<p><strong><b>\u00a0<\/b><\/strong><\/p>\n<p>&nbsp;<\/p>\n<p>&nbsp;<\/p>\n<p>&nbsp;<\/p>\n<p>&nbsp;<\/p>\n<p>&nbsp;<\/p>\n<p>&nbsp;<\/p>\n<p><strong><b>Corps du r\u00e9servoir<\/b><\/strong><\/td>\n<td colspan=\"2\" width=\"198\"><strong><b>Type de param\u00e8tre<\/b><\/strong><\/td>\n<td width=\"231\"><strong><b>Conteneur de contenu<\/b><\/strong><\/td>\n<td width=\"273\"><strong><b>She<\/b><\/strong><strong><b>ll<\/b><\/strong><\/td>\n<\/tr>\n<tr>\n<td colspan=\"2\" width=\"198\"><strong><b>pression de service \u00a0\u00a0<\/b><\/strong><strong><b>MPa<\/b><\/strong><\/td>\n<td width=\"231\">\u22640.8<\/td>\n<td width=\"273\">-0.1<\/td>\n<\/tr>\n<tr>\n<td colspan=\"2\" width=\"198\"><strong><b>Pression nominale \u00a0\u00a0<\/b><\/strong><strong><b>MPa<\/b><\/strong><\/td>\n<td width=\"231\">0.8<\/td>\n<td width=\"273\">-0.1<\/td>\n<\/tr>\n<tr>\n<td colspan=\"2\" width=\"198\"><strong><b>working <\/b><\/strong><strong><b>\u00a0\u00a0\u00a0\u00a0\u00a0<\/b><\/strong><strong><b>temperature \u00a0\u00a0\u00a0\u2103<\/b><\/strong><\/td>\n<td width=\"231\">-162<\/td>\n<td width=\"273\">-40~50<\/td>\n<\/tr>\n<tr>\n<td colspan=\"2\" width=\"198\"><strong><b>Design temperature \u00a0\u00a0\u2103<\/b><\/strong><\/td>\n<td width=\"231\">-196<\/td>\n<td width=\"273\">60<\/td>\n<\/tr>\n<tr>\n<td rowspan=\"4\" width=\"44\"><strong><b>\u00a0<\/b><\/strong><\/p>\n<p><strong><b>Mat\u00e9riau principal<\/b><\/strong><\/td>\n<td width=\"154\"><strong><b>Mat\u00e9riau de la t\u00eate\/norme<\/b><\/strong><\/td>\n<td width=\"231\">S30408(Rp1.0)\/GB\/T24511-2009<\/td>\n<td width=\"273\">16MnDR\/GB\/T3531-2014<\/td>\n<\/tr>\n<tr>\n<td width=\"154\"><strong><b>Mat\u00e9riau du cylindre\/standard<\/b><\/strong><\/td>\n<td width=\"231\">S30408(Rp1.0)\/GB\/T24511-2009<\/td>\n<td width=\"273\">Q345R\/GB\/T 713-2014<\/td>\n<\/tr>\n<tr>\n<td width=\"154\"><strong><b>Head calculation thickness <\/b><\/strong><strong><b>mm<\/b><\/strong><\/td>\n<td width=\"231\">6.69<\/td>\n<td width=\"273\">5.95<\/td>\n<\/tr>\n<tr>\n<td width=\"154\"><strong><b>Calculate the thickness of the cylinder<\/b><\/strong><strong><b>\u00a0<\/b><\/strong><strong><b>mm<\/b><\/strong><\/td>\n<td width=\"231\">6.7<\/td>\n<td width=\"273\">2.66<\/td>\n<\/tr>\n<tr>\n<td colspan=\"2\" width=\"198\"><strong><b>Moyen de remplissage <\/b><\/strong><\/td>\n<td width=\"231\">LNG<\/td>\n<td width=\"273\">\/<\/td>\n<\/tr>\n<tr>\n<td colspan=\"2\" width=\"198\"><strong><b>Caract\u00e9ristiques moyennes<\/b><\/strong><\/td>\n<td width=\"231\">inflammable<\/td>\n<td width=\"273\">\/<\/td>\n<\/tr>\n<tr>\n<td colspan=\"2\" width=\"198\"><strong><b>volume<\/b><\/strong><\/td>\n<td width=\"231\">45.5<\/td>\n<td width=\"273\">7.89<\/td>\n<\/tr>\n<tr>\n<td colspan=\"2\" width=\"198\"><strong><b>pression d'\u00e9preuve \u00a0\u00a0<\/b><\/strong><strong><b>MPa<\/b><\/strong><\/td>\n<td width=\"231\">1.17\uff08Before the set\uff09\uff0f1.04\uff08After the set\uff09<\/td>\n<td width=\"273\">\/<\/td>\n<\/tr>\n<tr>\n<td colspan=\"2\" width=\"198\"><strong><b>Essai d'\u00e9tanch\u00e9it\u00e9<\/b><\/strong><\/td>\n<td width=\"231\">0.8MPa<\/p>\n<p>Air tightness test<\/td>\n<td width=\"273\">Helium mass spectrometry leak detection<\/td>\n<\/tr>\n<tr>\n<td colspan=\"2\" width=\"198\"><strong><b>Indemnit\u00e9 de corrosion<\/b><\/strong><\/td>\n<td width=\"231\">0<\/td>\n<td width=\"273\">0<\/td>\n<\/tr>\n<tr>\n<td colspan=\"2\" width=\"198\"><strong><b>Coefficient du joint de soudure<\/b><\/strong><\/td>\n<td width=\"231\">1<\/td>\n<td width=\"273\">0.85<\/td>\n<\/tr>\n<tr>\n<td colspan=\"2\" width=\"198\"><strong><b>Vacuum insulation type<\/b><\/strong><\/td>\n<td colspan=\"2\" width=\"504\">High vacuum multi-layer insulation<\/td>\n<\/tr>\n<tr>\n<td colspan=\"2\" width=\"198\"><strong><b>Taux de fuite de la couche interm\u00e9diaire du vide <\/b><\/strong><strong><b>\u00a0<\/b><\/strong><strong><b>Pa<\/b><\/strong><strong><b>*<\/b><\/strong><strong><b>m\u00b3<\/b><\/strong><strong><b>\/<\/b><\/strong><strong><b>S<\/b><\/strong><\/td>\n<td colspan=\"2\" width=\"504\">5x<\/td>\n<\/tr>\n<tr>\n<td colspan=\"2\" width=\"198\"><strong><b>Taux de fuite de la couche interm\u00e9diaire du vide<\/b><\/strong><strong><b>Pa<\/b><\/strong><strong><b>*<\/b><\/strong><strong><b>m\u00b3<\/b><\/strong><strong><b>\/<\/b><\/strong><strong><b>S<\/b><\/strong><\/td>\n<td colspan=\"2\" width=\"504\">1x<\/td>\n<\/tr>\n<tr>\n<td colspan=\"2\" width=\"198\"><strong><b>Degr\u00e9 de vide d'\u00e9tanch\u00e9it\u00e9 \u00a0<\/b><\/strong><strong><b>Pa<\/b><\/strong><\/td>\n<td colspan=\"2\" width=\"504\">&nbsp;<\/td>\n<\/tr>\n<tr>\n<td colspan=\"2\" width=\"198\"><strong><b>Static evaporation rate \u00a0%\/<\/b><\/strong><strong><b>d<\/b><\/strong><\/td>\n<td colspan=\"2\" width=\"504\">0.247<\/td>\n<\/tr>\n<tr>\n<td colspan=\"2\" width=\"198\"><strong><b>Expected service life of vacuum <\/b><\/strong><strong><b>years<\/b><\/strong><\/td>\n<td colspan=\"2\" width=\"504\">5<\/td>\n<\/tr>\n<tr>\n<td width=\"90\"><strong><b>autres<\/b><\/strong><\/td>\n<td colspan=\"4\" width=\"703\"><strong><b>Containers shall undergo various form experiments in accordance with GR\/T16563-1996 and TR\/T4784-2007<\/b><\/strong><\/td>\n<\/tr>\n<\/tbody>\n<\/table>\n<p>&nbsp;<\/p>","protected":false},"excerpt":{"rendered":"<p>Type de param\u00e8tre Param\u00e8tre Dessins du produit Mod\u00e8le de conteneur-citerne GJ-0.8-2265-45.5 Type de conteneur 1AA Num\u00e9ro des Nations Unies UN1972 Directives pour les cabines-citernes T75 Code de taille et de type de bo\u00eete 42K7 Poids de la bo\u00eete kg 13035 Poids de chargement maximal kg 17445 Masse totale maximale kg 30480 Qualit\u00e9 d'empilage autoris\u00e9e kg 192000 Dimensions (longueur x largeur...<\/p>","protected":false},"featured_media":1959,"template":"","meta":{"_seopress_robots_primary_cat":"none","_seopress_titles_title":"","_seopress_titles_desc":"","_seopress_robots_index":"","_kad_post_transparent":"default","_kad_post_title":"","_kad_post_layout":"default","_kad_post_sidebar_id":"","_kad_post_content_style":"default","_kad_post_vertical_padding":"default","_kad_post_feature":"","_kad_post_feature_position":"","_kad_post_header":false,"_kad_post_footer":false,"_kad_post_classname":""},"product_brand":[],"product_cat":[15,131],"product_tag":[],"class_list":{"0":"post-1960","1":"product","2":"type-product","3":"status-publish","4":"has-post-thumbnail","6":"product_cat-categorize","7":"product_cat-cleaning-vehicle","9":"first","10":"instock","11":"shipping-taxable","12":"product-type-simple","13":"entry","14":"content-bg","15":"loop-entry"},"_links":{"self":[{"href":"https:\/\/nanou-trailer.com\/fr\/wp-json\/wp\/v2\/product\/1960","targetHints":{"allow":["GET"]}}],"collection":[{"href":"https:\/\/nanou-trailer.com\/fr\/wp-json\/wp\/v2\/product"}],"about":[{"href":"https:\/\/nanou-trailer.com\/fr\/wp-json\/wp\/v2\/types\/product"}],"wp:featuredmedia":[{"embeddable":true,"href":"https:\/\/nanou-trailer.com\/fr\/wp-json\/wp\/v2\/media\/1959"}],"wp:attachment":[{"href":"https:\/\/nanou-trailer.com\/fr\/wp-json\/wp\/v2\/media?parent=1960"}],"wp:term":[{"taxonomy":"product_brand","embeddable":true,"href":"https:\/\/nanou-trailer.com\/fr\/wp-json\/wp\/v2\/product_brand?post=1960"},{"taxonomy":"product_cat","embeddable":true,"href":"https:\/\/nanou-trailer.com\/fr\/wp-json\/wp\/v2\/product_cat?post=1960"},{"taxonomy":"product_tag","embeddable":true,"href":"https:\/\/nanou-trailer.com\/fr\/wp-json\/wp\/v2\/product_tag?post=1960"}],"curies":[{"name":"wp","href":"https:\/\/api.w.org\/{rel}","templated":true}]}}