{"id":1755,"date":"2024-10-17T15:35:37","date_gmt":"2024-10-17T07:35:37","guid":{"rendered":"https:\/\/nanou-trailer.com\/?post_type=product&#038;p=1755"},"modified":"2025-03-09T17:04:45","modified_gmt":"2025-03-09T09:04:45","slug":"bridge-transport-vehicle","status":"publish","type":"product","link":"https:\/\/nanou-trailer.com\/fr\/produit\/bridge-transport-vehicle\/","title":{"rendered":"V\u00e9hicule de transport de pont"},"content":{"rendered":"<table>\n<tbody>\n<tr>\n<td width=\"236\"><strong><b>Type de param\u00e8tre<\/b><\/strong><\/td>\n<td colspan=\"3\" width=\"484\"><strong><b>param\u00e8tre<\/b><\/strong><\/td>\n<\/tr>\n<tr>\n<td width=\"236\"><strong><b>Nom du produit<\/b><\/strong><\/td>\n<td colspan=\"3\" width=\"484\">Semi-remorque de transport \u00e0 9 lignes et 18 axes hydrauliques<\/td>\n<\/tr>\n<tr>\n<td width=\"236\"><strong><b>Dessins de produits<\/b><\/strong><\/td>\n<td colspan=\"3\" width=\"484\"><img fetchpriority=\"high\" decoding=\"async\" class=\"alignnone size-medium wp-image-2382\" src=\"https:\/\/nanou-trailer.com\/wp-content\/uploads\/2024\/08\/\u82f1\u6587\u8f74\u7ebf\u6a21\u5757\u81ea\u884c\u8d70\u7279\u79cd\u8f66\u53c2\u6570\u8868-300x220.jpg\" alt=\"\" width=\"300\" height=\"220\" srcset=\"https:\/\/nanou-trailer.com\/wp-content\/uploads\/2024\/08\/\u82f1\u6587\u8f74\u7ebf\u6a21\u5757\u81ea\u884c\u8d70\u7279\u79cd\u8f66\u53c2\u6570\u8868-300x220.jpg 300w, https:\/\/nanou-trailer.com\/wp-content\/uploads\/2024\/08\/\u82f1\u6587\u8f74\u7ebf\u6a21\u5757\u81ea\u884c\u8d70\u7279\u79cd\u8f66\u53c2\u6570\u8868-1024x750.jpg 1024w, https:\/\/nanou-trailer.com\/wp-content\/uploads\/2024\/08\/\u82f1\u6587\u8f74\u7ebf\u6a21\u5757\u81ea\u884c\u8d70\u7279\u79cd\u8f66\u53c2\u6570\u8868-768x562.jpg 768w, https:\/\/nanou-trailer.com\/wp-content\/uploads\/2024\/08\/\u82f1\u6587\u8f74\u7ebf\u6a21\u5757\u81ea\u884c\u8d70\u7279\u79cd\u8f66\u53c2\u6570\u8868-16x12.jpg 16w, https:\/\/nanou-trailer.com\/wp-content\/uploads\/2024\/08\/\u82f1\u6587\u8f74\u7ebf\u6a21\u5757\u81ea\u884c\u8d70\u7279\u79cd\u8f66\u53c2\u6570\u8868-800x586.jpg 800w, https:\/\/nanou-trailer.com\/wp-content\/uploads\/2024\/08\/\u82f1\u6587\u8f74\u7ebf\u6a21\u5757\u81ea\u884c\u8d70\u7279\u79cd\u8f66\u53c2\u6570\u8868.jpg 1090w\" sizes=\"(max-width: 300px) 100vw, 300px\" \/><\/td>\n<\/tr>\n<tr>\n<td width=\"236\"><strong><b>V\u00e9hicule<\/b><\/strong><strong><b>\u00a0les dimensions<\/b><\/strong><strong><b>\u00a0(longueur, largeur, hauteur)<\/b><\/strong><\/td>\n<td colspan=\"3\" width=\"484\">18070 (longueur) X2990 (largeur) X2910 (hauteur) (ou personnalis\u00e9 selon les besoins)<\/td>\n<\/tr>\n<tr>\n<td width=\"236\"><strong><b>Poids du v\u00e9hicule<\/b><\/strong><\/td>\n<td colspan=\"3\" width=\"484\">10T-50T (selon le mod\u00e8le de v\u00e9hicule)<\/td>\n<\/tr>\n<tr>\n<td width=\"236\"><strong><b>Capacit\u00e9 de charge nominale<\/b><\/strong><\/td>\n<td colspan=\"3\" width=\"484\">40-80T (selon le mod\u00e8le de v\u00e9hicule)<\/td>\n<\/tr>\n<tr>\n<td width=\"236\"><strong><b>Capacit\u00e9 de charge nominale<\/b><\/strong><\/td>\n<td colspan=\"3\" width=\"484\">50T-360T (selon le mod\u00e8le de v\u00e9hicule)<\/td>\n<\/tr>\n<tr>\n<td width=\"236\"><strong><b>Nombre d'axes<\/b><\/strong><\/td>\n<td colspan=\"3\" width=\"484\">4-10 axes<\/td>\n<\/tr>\n<tr>\n<td width=\"236\"><strong><b>empattement<\/b><\/strong><\/td>\n<td colspan=\"3\" width=\"484\">6000\uff0c8980\uff0c+1310+1310mm<\/td>\n<\/tr>\n<tr>\n<td rowspan=\"3\" width=\"236\"><strong><b>Pneu<\/b><\/strong><strong><b>\u00a0jante <\/b><\/strong><\/p>\n<p><strong><b>sp\u00e9cifications<\/b><\/strong><\/td>\n<td width=\"103\"><strong><b>Nombre de pneus<\/b><\/strong><\/td>\n<td colspan=\"2\" width=\"381\">16-40\/32-80(D\u00e9terminer en fonction du nombre d'axes et du nombre de pneus par axe)<\/td>\n<\/tr>\n<tr>\n<td width=\"103\"><strong><b>Mod\u00e8le de pneu<\/b><\/strong><\/td>\n<td colspan=\"2\" width=\"381\">215\/75R17.5\uff0c235\/70R-17.5\uff0c315\/80R22.5\uff0c12R22.5 \uff0c275\/80R22.5(ou personnalis\u00e9 selon les besoins)<\/td>\n<\/tr>\n<tr>\n<td width=\"103\"><strong><b>Anneau en acier<\/b><\/strong><\/td>\n<td colspan=\"2\" width=\"381\">6.0-17.5\/6.75-19.5\/6.5-17.5\/72 pi\u00e8ces (Zhengxing)<\/td>\n<\/tr>\n<tr>\n<td width=\"236\"><strong><b>syst\u00e8me de freinage<\/b><\/strong><\/td>\n<td colspan=\"3\" width=\"484\">Frein \u00e0 disque, freins hydrauliques \u00e0 double circuit et syst\u00e8me de freinage pneumatique \u00e0 tambour \u00e0 l'avant et \u00e0 l'arri\u00e8re, syst\u00e8me de freinage \u00e0 diaphragme \u00e0 double tube, avec fonction de freinage d'urgence et d'antid\u00e9rapage<\/td>\n<\/tr>\n<tr>\n<td rowspan=\"2\" width=\"236\"><strong><b>Syst\u00e8me de suspension m\u00e9canique hydraulique<\/b><\/strong><\/td>\n<td width=\"103\">Nicholas<\/td>\n<td colspan=\"2\" rowspan=\"2\" width=\"381\">18 pi\u00e8ces (Jianhu Power Hydraulic) disponibles pour personnalisation<\/td>\n<\/tr>\n<tr>\n<td width=\"103\">goldhofer<\/td>\n<\/tr>\n<tr>\n<td width=\"236\"><strong><b>Support rotatif<\/b><\/strong><\/td>\n<td colspan=\"3\" width=\"484\">(1000) 1 pi\u00e8ce (Luoyang Jiawei)<\/td>\n<\/tr>\n<tr>\n<td width=\"236\"><strong><b>syst\u00e8me de direction <\/b><\/strong><\/td>\n<td colspan=\"3\" width=\"484\">Direction multiaxiale, supportant de multiples modes tels que la rotation droite, lat\u00e9rale, normale, vers l'avant, vers l'arri\u00e8re, diagonale, \u00e0 90\u00b0 d'angle, et stationnaire.<\/td>\n<\/tr>\n<tr>\n<td rowspan=\"2\" width=\"236\"><strong><b>Syst\u00e8me hydraulique<\/b><\/strong><\/td>\n<td width=\"103\">Cylindre de levage<\/td>\n<td width=\"190\">HGS220\/140-1050\/380<\/p>\n<p>2 pi\u00e8ces (Jianhu Power Hydraulic)<\/td>\n<td rowspan=\"2\" width=\"190\">\u00c9quip\u00e9 de pompes et de valves hydrauliques \u00e0 haute performance, permettant le levage, la direction et d'autres fonctions, avec des fonctions de protection contre les surcharges et d'alarme en cas de d\u00e9faillance.<\/td>\n<\/tr>\n<tr>\n<td width=\"103\">Cylindre de direction<\/td>\n<td width=\"190\"><strong><b>HGS110\/60-820\/380 <\/b><\/strong><\/p>\n<p><strong><b>4 pi\u00e8ces (Jianhu Power Hydraulic)<\/b><\/strong><\/td>\n<\/tr>\n<tr>\n<td width=\"236\"><strong><b>syst\u00e8me dynamique<\/b><\/strong><\/td>\n<td colspan=\"3\" width=\"484\">Moteur diesel (puissance d\u00e9termin\u00e9e par le mod\u00e8le et la configuration du v\u00e9hicule)<\/td>\n<\/tr>\n<tr>\n<td width=\"236\"><strong><b>Station hydraulique<\/b><\/strong><\/p>\n<p><strong><b>syst\u00e8me de conduite <\/b><\/strong><\/td>\n<td colspan=\"3\" width=\"484\">14Kw\/31,5MPa<\/p>\n<p>1 pi\u00e8ce (Jianhu Power Hydraulic)<\/p>\n<p>Moteur, pompe d'entra\u00eenement, pompe de levage et de direction, etc.<\/td>\n<\/tr>\n<tr>\n<td width=\"236\"><strong><b>Type de cadre<\/b><\/strong><\/td>\n<td colspan=\"3\" width=\"484\">Structure en forme de bo\u00eete, format de maille plat, conception hydraulique modulaire<\/td>\n<\/tr>\n<tr>\n<td width=\"236\"><strong><b>Bo\u00eete de commande frontale (valve import\u00e9e)<\/b><\/strong><\/td>\n<td colspan=\"3\" width=\"484\">1 pi\u00e8ce (Jianhu Power Hydraulic)<\/td>\n<\/tr>\n<tr>\n<td width=\"236\"><strong><b>Mat\u00e9riau de la poutre principale<\/b><\/strong><\/td>\n<td colspan=\"3\" width=\"484\">Acier \u00e0 haute r\u00e9sistance Q690E, alliage d'aluminium<\/td>\n<\/tr>\n<tr>\n<td width=\"236\"><strong><b>Param\u00e8tres du faisceau principal et du faisceau longitudinal<\/b><\/strong><\/td>\n<td colspan=\"3\" width=\"484\">Jonction de modules, 3+3+3 ou 4+4+4 selon les besoins du client<\/td>\n<\/tr>\n<tr>\n<td width=\"236\"><strong><b>ABS<\/b><\/strong><strong><b>EBS,<\/b><\/strong><strong><b>syst\u00e8me<\/b><\/strong><\/td>\n<td colspan=\"3\" width=\"484\">KORMEE\uff0cWABCO<\/td>\n<\/tr>\n<tr>\n<td width=\"236\"><strong><b>Type de jambe<\/b><\/strong><\/td>\n<td colspan=\"3\" width=\"484\">Pied de support pneumatique et hydraulique<\/td>\n<\/tr>\n<tr>\n<td width=\"236\"><strong><b>Peinture au pistolet<\/b><\/strong><\/td>\n<td colspan=\"3\" width=\"484\">Antirouille+peinture polyur\u00e9thane, rev\u00eatement en poudre \u00e9lectrophor\u00e8se, personnalis\u00e9 selon les besoins<\/td>\n<\/tr>\n<\/tbody>\n<\/table>\n<p>&nbsp;<\/p>","protected":false},"excerpt":{"rendered":"<p>Param\u00e8tre type param\u00e8tre Nom du produit Semi-remorque de transport 9 lignes 18 axes hydrauliques Dessins du produit Dimensions du v\u00e9hicule (longueur, largeur, hauteur) 18070 (longueur) X2990 (largeur) X2910 (hauteur) (ou personnalis\u00e9es selon les besoins) Poids du v\u00e9hicule 10T-50T (selon le mod\u00e8le du v\u00e9hicule) Capacit\u00e9 de charge nominale 40-80T (selon le mod\u00e8le du v\u00e9hicule) Capacit\u00e9 de charge nominale 50T-360T (selon le mod\u00e8le du v\u00e9hicule) Nombre de...<\/p>","protected":false},"featured_media":1758,"template":"","meta":{"_seopress_robots_primary_cat":"none","_seopress_titles_title":"","_seopress_titles_desc":"","_seopress_robots_index":"","_kad_post_transparent":"default","_kad_post_title":"","_kad_post_layout":"default","_kad_post_sidebar_id":"","_kad_post_content_style":"default","_kad_post_vertical_padding":"default","_kad_post_feature":"","_kad_post_feature_position":"","_kad_post_header":false,"_kad_post_footer":false,"_kad_post_classname":""},"product_brand":[],"product_cat":[108,41,15],"product_tag":[],"class_list":{"0":"post-1755","1":"product","2":"type-product","3":"status-publish","4":"has-post-thumbnail","6":"product_cat-bridge-carrier","7":"product_cat-lowbed-semi-trailer","8":"product_cat-categorize","10":"first","11":"instock","12":"shipping-taxable","13":"product-type-simple","14":"entry","15":"content-bg","16":"loop-entry"},"_links":{"self":[{"href":"https:\/\/nanou-trailer.com\/fr\/wp-json\/wp\/v2\/product\/1755","targetHints":{"allow":["GET"]}}],"collection":[{"href":"https:\/\/nanou-trailer.com\/fr\/wp-json\/wp\/v2\/product"}],"about":[{"href":"https:\/\/nanou-trailer.com\/fr\/wp-json\/wp\/v2\/types\/product"}],"wp:featuredmedia":[{"embeddable":true,"href":"https:\/\/nanou-trailer.com\/fr\/wp-json\/wp\/v2\/media\/1758"}],"wp:attachment":[{"href":"https:\/\/nanou-trailer.com\/fr\/wp-json\/wp\/v2\/media?parent=1755"}],"wp:term":[{"taxonomy":"product_brand","embeddable":true,"href":"https:\/\/nanou-trailer.com\/fr\/wp-json\/wp\/v2\/product_brand?post=1755"},{"taxonomy":"product_cat","embeddable":true,"href":"https:\/\/nanou-trailer.com\/fr\/wp-json\/wp\/v2\/product_cat?post=1755"},{"taxonomy":"product_tag","embeddable":true,"href":"https:\/\/nanou-trailer.com\/fr\/wp-json\/wp\/v2\/product_tag?post=1755"}],"curies":[{"name":"wp","href":"https:\/\/api.w.org\/{rel}","templated":true}]}}