{"id":1736,"date":"2024-10-17T15:33:05","date_gmt":"2024-10-17T07:33:05","guid":{"rendered":"https:\/\/nanou-trailer.com\/?post_type=product&#038;p=1736"},"modified":"2025-03-09T17:05:00","modified_gmt":"2025-03-09T09:05:00","slug":"dump-truck","status":"publish","type":"product","link":"https:\/\/nanou-trailer.com\/fr\/produit\/dump-truck\/","title":{"rendered":"Camion-benne"},"content":{"rendered":"<table>\n<tbody>\n<tr>\n<td colspan=\"3\" width=\"319\"><strong><b>Type de param\u00e8tre<\/b><\/strong><\/td>\n<td width=\"391\"><strong><b>param\u00e8tre<\/b><\/strong><\/td>\n<\/tr>\n<tr>\n<td colspan=\"3\" width=\"319\"><strong><b>Taille du v\u00e9hicule (longueur, largeur, hauteur)<\/b><\/strong><\/td>\n<td width=\"391\">9\/9,5\/10m*2,5\/2,55\/m*1,8-4m(ou personnalis\u00e9 selon les besoins\uff09)<\/td>\n<\/tr>\n<tr>\n<td rowspan=\"2\" width=\"142\"><strong><b>Param\u00e8tres du conteneur<\/b><\/strong><\/td>\n<td colspan=\"2\" width=\"176\"><strong><b>Taille du conteneur<\/b><\/strong><\/p>\n<p><strong><b>(Longueur, largeur, hauteur)<\/b><\/strong><\/td>\n<td width=\"391\">8,5\/9\/10,5m*2,5\/2,55m*1,8-4m(ou personnalis\u00e9 selon les besoins)<\/td>\n<\/tr>\n<tr>\n<td colspan=\"2\" width=\"176\"><strong><b>Mat\u00e9riau du r\u00e9cipient<\/b><\/strong><\/td>\n<td width=\"391\">T700\uff0cT750 Plaque d'acier \u00e0 haute r\u00e9sistance<\/td>\n<\/tr>\n<tr>\n<td colspan=\"3\" width=\"319\"><strong><b>Poids du v\u00e9hicule<\/b><\/strong><\/td>\n<td width=\"391\">7,8T-11,8T(selon le mod\u00e8le de v\u00e9hicule)<\/td>\n<\/tr>\n<tr>\n<td colspan=\"3\" width=\"319\"><strong><b>Capacit\u00e9 de charge nominale<\/b><\/strong><\/td>\n<td width=\"391\">35T-100T (en fonction du mod\u00e8le de v\u00e9hicule)<\/td>\n<\/tr>\n<tr>\n<td colspan=\"3\" width=\"319\"><strong><b>Qualit\u00e9 class\u00e9e<\/b><\/strong><\/td>\n<td width=\"391\">25T-40T (selon le mod\u00e8le de v\u00e9hicule)<\/td>\n<\/tr>\n<tr>\n<td colspan=\"3\" width=\"319\"><strong><b>Nombre d'axes<\/b><\/strong><\/td>\n<td width=\"391\">Axe 3-4-5<\/td>\n<\/tr>\n<tr>\n<td colspan=\"3\" width=\"319\"><strong><b>empattement<\/b><\/strong><\/td>\n<td width=\"391\">4200,5860\uff0c+1310+1310\uff08Or sur mesure selon les besoins\uff09<\/td>\n<\/tr>\n<tr>\n<td rowspan=\"2\" width=\"142\"><strong><b>Sp\u00e9cifications des pneus \u00a0\u00a0\u00a0\u00a0<\/b><\/strong><\/td>\n<td colspan=\"2\" width=\"176\"><strong><b>Nombre de pneus<\/b><\/strong><\/td>\n<td width=\"391\">12-20\uff08Or sur mesure selon les besoins\uff09<\/td>\n<\/tr>\n<tr>\n<td colspan=\"2\" width=\"176\"><strong><b>Mod\u00e8le de pneu<\/b><\/strong><\/td>\n<td width=\"391\">11.00R20\uff0c12.00R22.5 etc\uff0c\uff08Or sur mesure selon les besoins\uff09<\/td>\n<\/tr>\n<tr>\n<td colspan=\"3\" width=\"319\"><strong><b>Syst\u00e8me de prise de force<\/b><\/strong><\/td>\n<td width=\"391\">Dispositif de prise de force\uff08Accord avec le rapport de la bo\u00eete de vitesses du tracteur\uff09<\/td>\n<\/tr>\n<tr>\n<td colspan=\"3\" width=\"319\"><strong><b>syst\u00e8me de freinage<\/b><\/strong><\/td>\n<td width=\"391\">Frein hydraulique \u00e0 double circuit \u00e0 tambour \u00e0 l'avant et \u00e0 l'arri\u00e8re et syst\u00e8me de freinage pneumatique, frein de stationnement ind\u00e9pendant<\/td>\n<\/tr>\n<tr>\n<td rowspan=\"2\" width=\"142\"><strong><b>Syst\u00e8me de levage <\/b><\/strong><\/td>\n<td colspan=\"2\" width=\"176\"><strong><b>M\u00e9thode de levage<\/b><\/strong><\/td>\n<td width=\"391\">Cylindre hydraulique de levage Haiwo<\/td>\n<\/tr>\n<tr>\n<td colspan=\"2\" width=\"176\"><strong><b>Nombre de lev\u00e9es <\/b><\/strong><\/p>\n<p><strong><b>cylindres<\/b><\/strong><\/td>\n<td width=\"391\">1 arri\u00e8re+2 auxiliaires (en option)<\/td>\n<\/tr>\n<tr>\n<td rowspan=\"2\" width=\"142\"><strong><b>\u00a0<\/b><\/strong><\/p>\n<p><strong><b>Type de syst\u00e8me de suspension<\/b><\/strong><\/td>\n<td colspan=\"2\" width=\"176\"><strong><b>M\u00e9canique<\/b><\/strong><\/td>\n<td width=\"391\">Ressorts longitudinaux avant et arri\u00e8re en t\u00f4le d'acier, Fuhua<\/td>\n<\/tr>\n<tr>\n<td colspan=\"2\" width=\"176\"><strong><b>Suspension pneumatique<\/b><\/strong><\/td>\n<td width=\"391\">Amortisseur pneumatique de type cylindre, Fuhua (poids l\u00e9ger en option)<\/td>\n<\/tr>\n<tr>\n<td colspan=\"3\" width=\"319\"><strong><b>Mat\u00e9riau de la poutre principale<\/b><\/strong><\/td>\n<td width=\"391\">T700\uff0cQ355E\uff0c690D. BS980.Acier \u00e0 haute r\u00e9sistance<\/td>\n<\/tr>\n<tr>\n<td colspan=\"2\" rowspan=\"4\" width=\"177\"><strong><b>Param\u00e8tres du faisceau principal et du faisceau longitudinal<\/b><\/strong><\/td>\n<td width=\"141\"><strong><b>Tableau vertical<\/b><\/strong><\/p>\n<p><strong><b>l'\u00e9paisseur<\/b><\/strong><\/td>\n<td width=\"391\">4\/6\/8\/10mm<\/td>\n<\/tr>\n<tr>\n<td width=\"141\"><strong><b>Hauteur<\/b><\/strong><\/td>\n<td width=\"391\">400-500mm<\/td>\n<\/tr>\n<tr>\n<td width=\"141\"><strong><b>\u00c9paisseur de la plaque sup\u00e9rieure de l'aile<\/b><\/strong><\/td>\n<td width=\"391\">6\/8\/10\/12\/14mm<\/td>\n<\/tr>\n<tr>\n<td width=\"141\"><strong><b>\u00c9paisseur de la plaque inf\u00e9rieure de l'aile<\/b><\/strong><\/td>\n<td width=\"391\">8\/10\/12\/14\/16mm<\/td>\n<\/tr>\n<tr>\n<td colspan=\"3\" width=\"319\"><strong><b>Type de jambe<\/b><\/strong><\/td>\n<td width=\"391\">28T, JOST, simple action ou tringlerie<\/td>\n<\/tr>\n<tr>\n<td colspan=\"3\" width=\"319\"><strong><b>ABS<\/b><\/strong><strong><b>EBS,<\/b><\/strong><strong><b>syst\u00e8me<\/b><\/strong><\/td>\n<td width=\"391\">KORMEE\uff0cWABCO<\/td>\n<\/tr>\n<tr>\n<td colspan=\"3\" width=\"319\"><strong><b>pulv\u00e9riser<\/b><\/strong><\/td>\n<td width=\"391\">Antirouille+peinture polyur\u00e9thane, rev\u00eatement en poudre \u00e9lectrophor\u00e8se, personnalis\u00e9 selon les besoins<\/td>\n<\/tr>\n<\/tbody>\n<\/table>\n<p>&nbsp;<\/p>","protected":false},"excerpt":{"rendered":"<p>Type de param\u00e8tre Taille du v\u00e9hicule (longueur, largeur, hauteur) 9\/9,5\/10m*2,5\/2,55\/m*1,8-4m(ou personnalis\u00e9e selon les besoins\uff09) Param\u00e8tres du conteneur Taille du conteneur (longueur, largeur, hauteur) 8,5\/9\/10,5m*2,5\/2,55m*1,8-4m(ou personnalis\u00e9 selon les besoins) Mat\u00e9riau du conteneur T700\uff0cT750 Plaque d'acier \u00e0 haute r\u00e9sistance Poids du v\u00e9hicule 7,8T-11,8T(selon le mod\u00e8le de v\u00e9hicule) Capacit\u00e9 de charge nominale 35T-100T(selon le mod\u00e8le de v\u00e9hicule) Qualit\u00e9 nominale 25T-40T(selon le mod\u00e8le de v\u00e9hicule) Nombre d'axes...<\/p>","protected":false},"featured_media":1739,"template":"","meta":{"_seopress_robots_primary_cat":"none","_seopress_titles_title":"","_seopress_titles_desc":"","_seopress_robots_index":"","_kad_post_transparent":"default","_kad_post_title":"","_kad_post_layout":"default","_kad_post_sidebar_id":"","_kad_post_content_style":"default","_kad_post_vertical_padding":"default","_kad_post_feature":"","_kad_post_feature_position":"","_kad_post_header":false,"_kad_post_footer":false,"_kad_post_classname":""},"product_brand":[],"product_cat":[45,15,109],"product_tag":[],"class_list":{"0":"post-1736","1":"product","2":"type-product","3":"status-publish","4":"has-post-thumbnail","6":"product_cat-dump-semi-trailer","7":"product_cat-categorize","8":"product_cat-back-dump","10":"first","11":"instock","12":"shipping-taxable","13":"product-type-simple","14":"entry","15":"content-bg","16":"loop-entry"},"_links":{"self":[{"href":"https:\/\/nanou-trailer.com\/fr\/wp-json\/wp\/v2\/product\/1736","targetHints":{"allow":["GET"]}}],"collection":[{"href":"https:\/\/nanou-trailer.com\/fr\/wp-json\/wp\/v2\/product"}],"about":[{"href":"https:\/\/nanou-trailer.com\/fr\/wp-json\/wp\/v2\/types\/product"}],"wp:featuredmedia":[{"embeddable":true,"href":"https:\/\/nanou-trailer.com\/fr\/wp-json\/wp\/v2\/media\/1739"}],"wp:attachment":[{"href":"https:\/\/nanou-trailer.com\/fr\/wp-json\/wp\/v2\/media?parent=1736"}],"wp:term":[{"taxonomy":"product_brand","embeddable":true,"href":"https:\/\/nanou-trailer.com\/fr\/wp-json\/wp\/v2\/product_brand?post=1736"},{"taxonomy":"product_cat","embeddable":true,"href":"https:\/\/nanou-trailer.com\/fr\/wp-json\/wp\/v2\/product_cat?post=1736"},{"taxonomy":"product_tag","embeddable":true,"href":"https:\/\/nanou-trailer.com\/fr\/wp-json\/wp\/v2\/product_tag?post=1736"}],"curies":[{"name":"wp","href":"https:\/\/api.w.org\/{rel}","templated":true}]}}