{"id":530,"date":"2024-08-06T09:15:54","date_gmt":"2024-08-06T01:15:54","guid":{"rendered":"https:\/\/nanou-trailer.com\/?post_type=product&#038;p=530"},"modified":"2025-03-09T17:05:21","modified_gmt":"2025-03-09T09:05:21","slug":"truck-mounted-crane","status":"publish","type":"product","link":"https:\/\/nanou-trailer.com\/es\/producto\/truck-mounted-crane\/","title":{"rendered":"Gr\u00faa sobre cami\u00f3n"},"content":{"rendered":"<table>\n<tbody>\n<tr>\n<td width=\"236\"><strong><b>Tipo de par\u00e1metro<\/b><\/strong><\/td>\n<td colspan=\"3\" width=\"484\"><strong><b>par\u00e1metro<\/b><\/strong><\/td>\n<\/tr>\n<tr>\n<td width=\"236\"><strong><b>Nombre del producto<\/b><\/strong><\/td>\n<td colspan=\"3\" width=\"484\">Semirremolque de transporte de 9 l\u00edneas y 18 ejes hidr\u00e1ulicos<\/td>\n<\/tr>\n<tr>\n<td width=\"236\"><strong><b>Dibujos de productos<\/b><\/strong><\/td>\n<td colspan=\"3\" width=\"484\"><img fetchpriority=\"high\" decoding=\"async\" class=\"alignnone size-medium wp-image-2382\" src=\"https:\/\/nanou-trailer.com\/wp-content\/uploads\/2024\/08\/\u82f1\u6587\u8f74\u7ebf\u6a21\u5757\u81ea\u884c\u8d70\u7279\u79cd\u8f66\u53c2\u6570\u8868-300x220.jpg\" alt=\"\" width=\"300\" height=\"220\" srcset=\"https:\/\/nanou-trailer.com\/wp-content\/uploads\/2024\/08\/\u82f1\u6587\u8f74\u7ebf\u6a21\u5757\u81ea\u884c\u8d70\u7279\u79cd\u8f66\u53c2\u6570\u8868-300x220.jpg 300w, https:\/\/nanou-trailer.com\/wp-content\/uploads\/2024\/08\/\u82f1\u6587\u8f74\u7ebf\u6a21\u5757\u81ea\u884c\u8d70\u7279\u79cd\u8f66\u53c2\u6570\u8868-1024x750.jpg 1024w, https:\/\/nanou-trailer.com\/wp-content\/uploads\/2024\/08\/\u82f1\u6587\u8f74\u7ebf\u6a21\u5757\u81ea\u884c\u8d70\u7279\u79cd\u8f66\u53c2\u6570\u8868-768x562.jpg 768w, https:\/\/nanou-trailer.com\/wp-content\/uploads\/2024\/08\/\u82f1\u6587\u8f74\u7ebf\u6a21\u5757\u81ea\u884c\u8d70\u7279\u79cd\u8f66\u53c2\u6570\u8868-16x12.jpg 16w, https:\/\/nanou-trailer.com\/wp-content\/uploads\/2024\/08\/\u82f1\u6587\u8f74\u7ebf\u6a21\u5757\u81ea\u884c\u8d70\u7279\u79cd\u8f66\u53c2\u6570\u8868-800x586.jpg 800w, https:\/\/nanou-trailer.com\/wp-content\/uploads\/2024\/08\/\u82f1\u6587\u8f74\u7ebf\u6a21\u5757\u81ea\u884c\u8d70\u7279\u79cd\u8f66\u53c2\u6570\u8868.jpg 1090w\" sizes=\"(max-width: 300px) 100vw, 300px\" \/><\/td>\n<\/tr>\n<tr>\n<td width=\"236\"><strong><b>Veh\u00edculo<\/b><\/strong><strong><b>\u00a0dimensiones<\/b><\/strong><strong><b>\u00a0(longitud, anchura, altura)<\/b><\/strong><\/td>\n<td colspan=\"3\" width=\"484\">18070 (longitud) X2990 (anchura) X2910 (altura) (o personalizado seg\u00fan las necesidades)<\/td>\n<\/tr>\n<tr>\n<td width=\"236\"><strong><b>Peso del veh\u00edculo<\/b><\/strong><\/td>\n<td colspan=\"3\" width=\"484\">10T-50T (Seg\u00fan el modelo de veh\u00edculo)<\/td>\n<\/tr>\n<tr>\n<td width=\"236\"><strong><b>Capacidad de carga de dise\u00f1o<\/b><\/strong><\/td>\n<td colspan=\"3\" width=\"484\">40-80T (Seg\u00fan el modelo de veh\u00edculo)<\/td>\n<\/tr>\n<tr>\n<td width=\"236\"><strong><b>Capacidad de carga nominal<\/b><\/strong><\/td>\n<td colspan=\"3\" width=\"484\">50T-360T (Seg\u00fan el modelo de veh\u00edculo)<\/td>\n<\/tr>\n<tr>\n<td width=\"236\"><strong><b>N\u00famero de ejes<\/b><\/strong><\/td>\n<td colspan=\"3\" width=\"484\">4-10 ejes<\/td>\n<\/tr>\n<tr>\n<td width=\"236\"><strong><b>distancia entre ejes<\/b><\/strong><\/td>\n<td colspan=\"3\" width=\"484\">6000\uff0c8980\uff0c+1310+1310mm<\/td>\n<\/tr>\n<tr>\n<td width=\"236\"><strong><b>Neum\u00e1tico<\/b><\/strong><strong><b>\u00a0llanta <\/b><\/strong><\/p>\n<p><strong><b>especificaciones<\/b><\/strong><\/td>\n<td width=\"103\"><strong><b>N\u00famero de neum\u00e1ticos<\/b><\/strong><\/td>\n<td colspan=\"2\" width=\"381\">16-40\/32-80(Determinar en funci\u00f3n del n\u00famero de ejes y el n\u00famero de neum\u00e1ticos por eje)<\/td>\n<\/tr>\n<tr>\n<td width=\"236\"><strong><b>\u00a0<\/b><\/strong><\/td>\n<td width=\"103\"><strong><b>Modelo de neum\u00e1tico<\/b><\/strong><\/td>\n<td colspan=\"2\" width=\"381\">215\/75R17.5\uff0c235\/70R-17.5\uff0c315\/80R22.5\uff0c12R22.5\uff0c275\/80R22.5(O personalizado seg\u00fan necesidades)<\/td>\n<\/tr>\n<tr>\n<td width=\"236\">&nbsp;<\/td>\n<td width=\"103\"><strong><b>Anillo de acero<\/b><\/strong><\/td>\n<td colspan=\"2\" width=\"381\">6,0-17,5\/6,75-19,5\/6,5-17,5\/72 piezas (Zhengxing)<\/td>\n<\/tr>\n<tr>\n<td width=\"236\"><strong><b>sistema de frenado<\/b><\/strong><\/td>\n<td colspan=\"3\" width=\"484\">Freno de disco, freno hidr\u00e1ulico de doble circuito delantero y trasero de tambor y sistema de freno neum\u00e1tico, sistema de freno de muelle de diafragma de doble tubo, con frenado de emergencia y funci\u00f3n antideslizamiento.<\/td>\n<\/tr>\n<tr>\n<td width=\"236\"><strong><b>Sistema de suspensi\u00f3n mec\u00e1nica hidr\u00e1ulica<\/b><\/strong><\/td>\n<td width=\"103\">Nicholas<\/td>\n<td colspan=\"2\" width=\"381\">18 piezas (Jianhu Power Hydraulic) disponibles para personalizaci\u00f3n<\/td>\n<\/tr>\n<tr>\n<td width=\"236\"><strong><b>\u00a0<\/b><\/strong><\/td>\n<td width=\"103\">goldhofer<\/td>\n<td colspan=\"2\" width=\"381\">&nbsp;<\/td>\n<\/tr>\n<tr>\n<td width=\"236\"><strong><b>Soporte giratorio<\/b><\/strong><\/td>\n<td colspan=\"3\" width=\"484\">(1000) 1 pieza (Luoyang Jiawei)<\/td>\n<\/tr>\n<tr>\n<td width=\"236\"><strong><b>sistema de direcci\u00f3n <\/b><\/strong><\/td>\n<td colspan=\"3\" width=\"484\">Direcci\u00f3n multieje, compatible con varios modos, como giro recto, lateral, normal, hacia delante, hacia atr\u00e1s, diagonal, en \u00e1ngulo de 90\u00b0 y estacionario<\/td>\n<\/tr>\n<tr>\n<td width=\"236\"><strong><b>Sistema hidr\u00e1ulico<\/b><\/strong><\/td>\n<td width=\"103\">Cilindro de elevaci\u00f3n<\/td>\n<td width=\"190\">HGS220\/140-1050\/380<\/p>\n<p>2 piezas (Jianhu Power Hydraulic)<\/td>\n<td width=\"190\">Equipado con bombas y v\u00e1lvulas hidr\u00e1ulicas de alto rendimiento, que soportan funciones de elevaci\u00f3n, direcci\u00f3n y otras, con funciones de protecci\u00f3n contra sobrecargas y alarma de aver\u00edas.<\/td>\n<\/tr>\n<tr>\n<td width=\"236\">&nbsp;<\/td>\n<td width=\"103\">Cilindro de direcci\u00f3n<\/td>\n<td width=\"190\"><strong><b>HGS110\/60-820\/380 <\/b><\/strong><\/p>\n<p><strong><b>4 piezas (Jianhu Power Hydraulic)<\/b><\/strong><\/td>\n<td width=\"190\">&nbsp;<\/td>\n<\/tr>\n<tr>\n<td width=\"236\"><strong><b>sistema din\u00e1mico<\/b><\/strong><\/td>\n<td colspan=\"3\" width=\"484\">Motor di\u00e9sel (potencia determinada por el modelo y la configuraci\u00f3n del veh\u00edculo)<\/td>\n<\/tr>\n<tr>\n<td width=\"236\"><strong><b>Estaci\u00f3n hidr\u00e1ulica<\/b><\/strong><\/p>\n<p><strong><b>sistema de conducci\u00f3n <\/b><\/strong><\/td>\n<td colspan=\"3\" width=\"484\">14Kw\/31,5MPa<\/p>\n<p>1 pieza (Jianhu Power Hydraulic)<\/p>\n<p>Motor, bomba de propulsi\u00f3n, bomba de elevaci\u00f3n y direcci\u00f3n, etc. (var\u00eda en funci\u00f3n del modelo de veh\u00edculo)<\/td>\n<\/tr>\n<tr>\n<td width=\"236\"><strong><b>Tipo de bastidor<\/b><\/strong><\/td>\n<td colspan=\"3\" width=\"484\">Estructura en forma de caja, formato de malla plana, dise\u00f1o modular hidr\u00e1ulico<\/td>\n<\/tr>\n<tr>\n<td width=\"236\"><strong><b>Caja de mando frontal (v\u00e1lvula importada)<\/b><\/strong><\/td>\n<td colspan=\"3\" width=\"484\">1 pieza (Jianhu Power Hydraulic)<\/td>\n<\/tr>\n<tr>\n<td width=\"236\"><strong><b>Material de la viga maestra<\/b><\/strong><\/td>\n<td colspan=\"3\" width=\"484\">Acero de alta resistencia Q690E, aleaci\u00f3n de aluminio<\/td>\n<\/tr>\n<tr>\n<td width=\"236\"><strong><b>Par\u00e1metros de la viga maestra y de la viga longitudinal<\/b><\/strong><\/td>\n<td colspan=\"3\" width=\"484\">Empalme de m\u00f3dulos, 3+3+3 o 4+4+4 personalizado seg\u00fan las necesidades del cliente<\/td>\n<\/tr>\n<tr>\n<td width=\"236\"><strong><b>ABS<\/b><\/strong><strong><b>EBS,<\/b><\/strong><strong><b>sistema<\/b><\/strong><\/td>\n<td colspan=\"3\" width=\"484\">KORMEE\uff0cWABCO<\/td>\n<\/tr>\n<tr>\n<td width=\"236\"><strong><b>Tipo de pierna<\/b><\/strong><\/td>\n<td colspan=\"3\" width=\"484\">Pie de apoyo hidr\u00e1ulico neum\u00e1tico<\/td>\n<\/tr>\n<tr>\n<td width=\"236\"><strong><b>Pintura en spray<\/b><\/strong><\/td>\n<td colspan=\"3\" width=\"484\">Prevenci\u00f3n de \u00f3xido+pintura de poliuretano, electroforesis de recubrimiento en polvo, personalizado seg\u00fan las necesidades<\/td>\n<\/tr>\n<\/tbody>\n<\/table>","protected":false},"excerpt":{"rendered":"<p>Par\u00e1metro tipo par\u00e1metro Nombre del producto Semirremolque de transporte de eje hidr\u00e1ulico de 9 l\u00edneas y 18 ejes Planos del producto Dimensiones del veh\u00edculo (longitud, anchura, altura) 18070 (longitud) X2990 (anchura) X2910 (altura) (o personalizadas seg\u00fan los requisitos) Peso del veh\u00edculo 10T-50T (seg\u00fan el modelo del veh\u00edculo) Capacidad de carga de dise\u00f1o 40-80T (seg\u00fan el modelo del veh\u00edculo) Capacidad de carga nominal 50T-360T (seg\u00fan el modelo del veh\u00edculo) N\u00famero...<\/p>","protected":false},"featured_media":1735,"template":"","meta":{"_seopress_robots_primary_cat":"none","_seopress_titles_title":"","_seopress_titles_desc":"","_seopress_robots_index":"","_kad_post_transparent":"default","_kad_post_title":"","_kad_post_layout":"default","_kad_post_sidebar_id":"","_kad_post_content_style":"default","_kad_post_vertical_padding":"default","_kad_post_feature":"","_kad_post_feature_position":"","_kad_post_header":false,"_kad_post_footer":false,"_kad_post_classname":""},"product_brand":[],"product_cat":[15,39],"product_tag":[],"class_list":{"0":"post-530","1":"product","2":"type-product","3":"status-publish","4":"has-post-thumbnail","6":"product_cat-categorize","7":"product_cat-truck","9":"first","10":"instock","11":"shipping-taxable","12":"product-type-simple","13":"entry","14":"content-bg","15":"loop-entry"},"_links":{"self":[{"href":"https:\/\/nanou-trailer.com\/es\/wp-json\/wp\/v2\/product\/530","targetHints":{"allow":["GET"]}}],"collection":[{"href":"https:\/\/nanou-trailer.com\/es\/wp-json\/wp\/v2\/product"}],"about":[{"href":"https:\/\/nanou-trailer.com\/es\/wp-json\/wp\/v2\/types\/product"}],"wp:featuredmedia":[{"embeddable":true,"href":"https:\/\/nanou-trailer.com\/es\/wp-json\/wp\/v2\/media\/1735"}],"wp:attachment":[{"href":"https:\/\/nanou-trailer.com\/es\/wp-json\/wp\/v2\/media?parent=530"}],"wp:term":[{"taxonomy":"product_brand","embeddable":true,"href":"https:\/\/nanou-trailer.com\/es\/wp-json\/wp\/v2\/product_brand?post=530"},{"taxonomy":"product_cat","embeddable":true,"href":"https:\/\/nanou-trailer.com\/es\/wp-json\/wp\/v2\/product_cat?post=530"},{"taxonomy":"product_tag","embeddable":true,"href":"https:\/\/nanou-trailer.com\/es\/wp-json\/wp\/v2\/product_tag?post=530"}],"curies":[{"name":"wp","href":"https:\/\/api.w.org\/{rel}","templated":true}]}}