{"id":3512,"date":"2024-12-09T16:33:52","date_gmt":"2024-12-09T08:33:52","guid":{"rendered":"https:\/\/nanou-trailer.com\/?post_type=product&#038;p=3512"},"modified":"2025-03-08T17:26:10","modified_gmt":"2025-03-08T09:26:10","slug":"wind-power-mountain-utility-car","status":"publish","type":"product","link":"https:\/\/nanou-trailer.com\/es\/producto\/wind-power-mountain-utility-car\/","title":{"rendered":"Coche utilitario de monta\u00f1a de energ\u00eda e\u00f3lica"},"content":{"rendered":"","protected":false},"excerpt":{"rendered":"","protected":false},"featured_media":3515,"template":"","meta":{"_seopress_robots_primary_cat":"","_seopress_titles_title":"","_seopress_titles_desc":"","_seopress_robots_index":"","_kad_post_transparent":"default","_kad_post_title":"","_kad_post_layout":"default","_kad_post_sidebar_id":"","_kad_post_content_style":"default","_kad_post_vertical_padding":"default","_kad_post_feature":"","_kad_post_feature_position":"","_kad_post_header":false,"_kad_post_footer":false,"_kad_post_classname":""},"product_brand":[],"product_cat":[41,15,106],"product_tag":[],"class_list":{"0":"post-3512","1":"product","2":"type-product","3":"status-publish","4":"has-post-thumbnail","6":"product_cat-lowbed-semi-trailer","7":"product_cat-categorize","8":"product_cat-wind-mill-transporter","10":"first","11":"instock","12":"shipping-taxable","13":"product-type-simple","14":"entry","15":"content-bg","16":"loop-entry"},"_links":{"self":[{"href":"https:\/\/nanou-trailer.com\/es\/wp-json\/wp\/v2\/product\/3512","targetHints":{"allow":["GET"]}}],"collection":[{"href":"https:\/\/nanou-trailer.com\/es\/wp-json\/wp\/v2\/product"}],"about":[{"href":"https:\/\/nanou-trailer.com\/es\/wp-json\/wp\/v2\/types\/product"}],"wp:featuredmedia":[{"embeddable":true,"href":"https:\/\/nanou-trailer.com\/es\/wp-json\/wp\/v2\/media\/3515"}],"wp:attachment":[{"href":"https:\/\/nanou-trailer.com\/es\/wp-json\/wp\/v2\/media?parent=3512"}],"wp:term":[{"taxonomy":"product_brand","embeddable":true,"href":"https:\/\/nanou-trailer.com\/es\/wp-json\/wp\/v2\/product_brand?post=3512"},{"taxonomy":"product_cat","embeddable":true,"href":"https:\/\/nanou-trailer.com\/es\/wp-json\/wp\/v2\/product_cat?post=3512"},{"taxonomy":"product_tag","embeddable":true,"href":"https:\/\/nanou-trailer.com\/es\/wp-json\/wp\/v2\/product_tag?post=3512"}],"curies":[{"name":"wp","href":"https:\/\/api.w.org\/{rel}","templated":true}]}}