{"id":2322,"date":"2024-11-30T15:43:02","date_gmt":"2024-11-30T07:43:02","guid":{"rendered":"https:\/\/nanou-trailer.com\/?post_type=product&#038;p=2322"},"modified":"2025-03-09T16:48:58","modified_gmt":"2025-03-09T08:48:58","slug":"pulverized-coal-tanker","status":"publish","type":"product","link":"https:\/\/nanou-trailer.com\/es\/producto\/pulverized-coal-tanker\/","title":{"rendered":"Cisterna de carb\u00f3n pulverizado"},"content":{"rendered":"<table>\n<tbody>\n<tr>\n<td colspan=\"2\" width=\"264\"><strong><b>Tipo de par\u00e1metro<\/b><\/strong><\/td>\n<td width=\"445\"><strong><b>par\u00e1metro<\/b><\/strong><\/td>\n<\/tr>\n<tr>\n<td colspan=\"2\" width=\"264\"><strong><b>Dimensiones del veh\u00edculo (longitud, anchura, altura)<\/b><\/strong><\/td>\n<td width=\"445\">10-13 m * 2,5\/2,55 m* 3,98 m\/3,995 m\/4 m (personalizado seg\u00fan las necesidades)<\/td>\n<\/tr>\n<tr>\n<td rowspan=\"5\" width=\"141\"><strong><b>Par\u00e1metros del dep\u00f3sito<\/b><\/strong><\/td>\n<td width=\"123\"><strong><b>volumen<\/b><\/strong><\/td>\n<td width=\"445\">38m \u00b3-70m \u00b3 (personalizado seg\u00fan los requisitos)<\/td>\n<\/tr>\n<tr>\n<td width=\"123\"><strong><b>di\u00e1metro<\/b><\/strong><\/td>\n<td width=\"445\">Di\u00e1metro m\u00e1ximo 2480mm2495mm, di\u00e1metro m\u00ednimo 1812mm 1900mm<\/td>\n<\/tr>\n<tr>\n<td width=\"123\"><strong><b>estructura<\/b><\/strong><\/td>\n<td width=\"445\">Todas las piezas met\u00e1licas soldadas, estructura horizontal inclinada de doble cono, entrada de doble tubo, alimentaci\u00f3n de doble tubo<\/td>\n<\/tr>\n<tr>\n<td width=\"123\"><strong><b>espesor<\/b><\/strong><\/td>\n<td width=\"445\">\u00a0Cilindro: 4mm-5mm-6mm , cabeza: 6mm-7mm<\/td>\n<\/tr>\n<tr>\n<td width=\"123\"><strong><b>textura del material<\/b><\/strong><\/td>\n<td width=\"445\">Chapa de acero estructural al carbono ordinario<\/td>\n<\/tr>\n<tr>\n<td colspan=\"2\" width=\"264\"><strong><b>Calidad total<\/b><\/strong><\/td>\n<td width=\"445\">39T-40T (Seg\u00fan el modelo de veh\u00edculo)<\/td>\n<\/tr>\n<tr>\n<td colspan=\"2\" width=\"264\"><strong><b>Calidad nominal<\/b><\/strong><\/td>\n<td width=\"445\">24T-31T (Seg\u00fan el modelo de veh\u00edculo)<\/td>\n<\/tr>\n<tr>\n<td colspan=\"2\" width=\"264\"><strong><b>peso en vac\u00edo <\/b><\/strong><\/td>\n<td width=\"445\">8,2T-15,4T (seg\u00fan el modelo de veh\u00edculo)<\/td>\n<\/tr>\n<tr>\n<td colspan=\"2\" width=\"264\"><strong><b>N\u00famero de ejes<\/b><\/strong><\/td>\n<td width=\"445\">3\/4 ejes<\/td>\n<\/tr>\n<tr>\n<td colspan=\"2\" width=\"264\"><strong><b>distancia entre ejes<\/b><\/strong><\/td>\n<td width=\"445\">6700mm \/ 8300mm+1310mm+1310mm(personalizado seg\u00fan necesidades)<\/td>\n<\/tr>\n<tr>\n<td colspan=\"2\" width=\"264\"><strong><b>Compresor de aire<\/b><\/strong><\/td>\n<td width=\"445\">12 c\u00fabicos o 14 c\u00fabicos Bohai y Fuda<\/td>\n<\/tr>\n<tr>\n<td colspan=\"2\" width=\"264\"><strong><b>Motor diesel<\/b><\/strong><\/td>\n<td width=\"445\">4102\/4105, Weichai Tianhe con Boost<\/td>\n<\/tr>\n<tr>\n<td rowspan=\"2\" width=\"141\"><strong><b>Especificaciones de los neum\u00e1ticos<\/b><\/strong><\/td>\n<td width=\"123\"><strong><b>N\u00famero de neum\u00e1ticos<\/b><\/strong><\/td>\n<td width=\"445\">12 (O personalizado seg\u00fan las necesidades)<\/td>\n<\/tr>\n<tr>\n<td width=\"123\"><strong><b>Modelo de neum\u00e1tico<\/b><\/strong><\/td>\n<td width=\"445\">11.00-20 12PR, 11.00R20 12PR, 12.00-20, 12R22.5 12PR(O personalizado seg\u00fan necesidades)<\/td>\n<\/tr>\n<tr>\n<td colspan=\"2\" width=\"264\"><strong><b>Anillo de acero<\/b><\/strong><\/td>\n<td width=\"445\">9.0-22.5\uff0c8.25-22.5\uff0c8.5-20<\/td>\n<\/tr>\n<tr>\n<td colspan=\"2\" width=\"264\"><strong><b>sistema de frenado<\/b><\/strong><\/td>\n<td width=\"445\">Inflado de doble tubo, v\u00e1lvula sincr\u00f3nica de triple puente<\/td>\n<\/tr>\n<tr>\n<td colspan=\"2\" width=\"264\"><strong><b>Tapa de alcantarilla<\/b><\/strong><\/td>\n<td width=\"445\">2-3<\/td>\n<\/tr>\n<tr>\n<td colspan=\"2\" width=\"264\"><strong><b>Sistema de suspensi\u00f3n<\/b><\/strong><\/td>\n<td width=\"445\">suspensi\u00f3n de ballestas<\/td>\n<\/tr>\n<tr>\n<td colspan=\"2\" width=\"264\"><strong><b>Material de la viga maestra<\/b><\/strong><\/td>\n<td width=\"445\">Q345B\u3001Q690E T700<\/p>\n<p>Acero aleado de alta resistencia y resistente a la corrosi\u00f3n<\/td>\n<\/tr>\n<tr>\n<td rowspan=\"3\" width=\"141\"><strong><b>Par\u00e1metros de la viga maestra y de la viga longitudinal<\/b><\/strong><\/td>\n<td width=\"123\"><strong><b>Espesor vertical del tablero<\/b><\/strong><\/td>\n<td width=\"445\">6\/8\/10\/12 mm<\/td>\n<\/tr>\n<tr>\n<td width=\"123\"><strong><b>altura<\/b><\/strong><\/td>\n<td width=\"445\">150-300 mm<\/td>\n<\/tr>\n<tr>\n<td width=\"123\"><strong><b>Espesor de la placa inferior del ala<\/b><\/strong><\/td>\n<td width=\"445\">6\/8\/10\/12 mm<\/td>\n<\/tr>\n<tr>\n<td colspan=\"2\" width=\"264\"><strong><b>ABS<\/b><\/strong><strong><b>EBS,<\/b><\/strong><strong><b>sistema<\/b><\/strong><\/td>\n<td width=\"445\">KORMEE\uff0cWABCO<\/td>\n<\/tr>\n<tr>\n<td rowspan=\"2\" width=\"141\"><strong><b>Par\u00e1metros medios<\/b><\/strong><\/td>\n<td width=\"123\"><strong><b>Tipo de soporte<\/b><\/strong><\/td>\n<td width=\"445\">Materiales secos como cenizas volantes, cemento, polvo de cal y polvo mineral con un di\u00e1metro de part\u00edculas no superior a 0,1 mm.<\/td>\n<\/tr>\n<tr>\n<td width=\"123\"><strong><b>Densidad media<\/b><\/strong><\/td>\n<td width=\"445\">450Kg\/m\u00b3-800Kg\/m\u00b3<\/td>\n<\/tr>\n<tr>\n<td colspan=\"2\" width=\"264\"><strong><b>Soporte para piernas<\/b><\/strong><\/td>\n<td width=\"445\">Piernas Fuhua\/Yost<\/td>\n<\/tr>\n<tr>\n<td colspan=\"2\" width=\"264\"><strong><b>Pasador de tracci\u00f3n<\/b><\/strong><\/td>\n<td width=\"445\">Yost 50\/#90#<\/td>\n<\/tr>\n<tr>\n<td colspan=\"2\" width=\"264\"><strong><b>Pintura en spray<\/b><\/strong><\/td>\n<td width=\"445\">Prevenci\u00f3n de \u00f3xido+pintura de poliuretano, electroforesis de recubrimiento en polvo( personalizado seg\u00fan las necesidades)<\/td>\n<\/tr>\n<\/tbody>\n<\/table>\n<p>&nbsp;<\/p>","protected":false},"excerpt":{"rendered":"<p>Par\u00e1metro tipo par\u00e1metro Dimensiones del veh\u00edculo (longitud, anchura, altura) 10-13 m * 2,5\/2,55 m* 3,98 m\/3,995 m\/4 m (personalizado seg\u00fan las necesidades) Par\u00e1metros del dep\u00f3sito volumen 38m \u00b3-70m \u00b3 (personalizado seg\u00fan las necesidades) di\u00e1metro Di\u00e1metro m\u00e1ximo 2480mm2495mm, di\u00e1metro m\u00ednimo 1812mm 1900mm estructura Todas las piezas met\u00e1licas soldadas, estructura horizontal inclinada de doble cono, doble tubo de admisi\u00f3n, doble tubo de alimentaci\u00f3n...<\/p>","protected":false},"featured_media":2325,"template":"","meta":{"_seopress_robots_primary_cat":"none","_seopress_titles_title":"","_seopress_titles_desc":"","_seopress_robots_index":"","_kad_post_transparent":"default","_kad_post_title":"","_kad_post_layout":"default","_kad_post_sidebar_id":"","_kad_post_content_style":"default","_kad_post_vertical_padding":"default","_kad_post_feature":"","_kad_post_feature_position":"","_kad_post_header":false,"_kad_post_footer":false,"_kad_post_classname":""},"product_brand":[],"product_cat":[15,113,49],"product_tag":[],"class_list":{"0":"post-2322","1":"product","2":"type-product","3":"status-publish","4":"has-post-thumbnail","6":"product_cat-categorize","7":"product_cat-powder-pot","8":"product_cat-tank-car","10":"first","11":"instock","12":"shipping-taxable","13":"product-type-simple","14":"entry","15":"content-bg","16":"loop-entry"},"_links":{"self":[{"href":"https:\/\/nanou-trailer.com\/es\/wp-json\/wp\/v2\/product\/2322","targetHints":{"allow":["GET"]}}],"collection":[{"href":"https:\/\/nanou-trailer.com\/es\/wp-json\/wp\/v2\/product"}],"about":[{"href":"https:\/\/nanou-trailer.com\/es\/wp-json\/wp\/v2\/types\/product"}],"wp:featuredmedia":[{"embeddable":true,"href":"https:\/\/nanou-trailer.com\/es\/wp-json\/wp\/v2\/media\/2325"}],"wp:attachment":[{"href":"https:\/\/nanou-trailer.com\/es\/wp-json\/wp\/v2\/media?parent=2322"}],"wp:term":[{"taxonomy":"product_brand","embeddable":true,"href":"https:\/\/nanou-trailer.com\/es\/wp-json\/wp\/v2\/product_brand?post=2322"},{"taxonomy":"product_cat","embeddable":true,"href":"https:\/\/nanou-trailer.com\/es\/wp-json\/wp\/v2\/product_cat?post=2322"},{"taxonomy":"product_tag","embeddable":true,"href":"https:\/\/nanou-trailer.com\/es\/wp-json\/wp\/v2\/product_tag?post=2322"}],"curies":[{"name":"wp","href":"https:\/\/api.w.org\/{rel}","templated":true}]}}