{"id":2138,"date":"2024-11-29T14:57:01","date_gmt":"2024-11-29T06:57:01","guid":{"rendered":"https:\/\/nanou-trailer.com\/?post_type=product&#038;p=2138"},"modified":"2025-03-09T16:52:17","modified_gmt":"2025-03-09T08:52:17","slug":"logistics-container-transport-semi-trailer","status":"publish","type":"product","link":"https:\/\/nanou-trailer.com\/es\/producto\/logistics-container-transport-semi-trailer\/","title":{"rendered":"Log\u00edstica transporte de contenedores semirremolque"},"content":{"rendered":"<table>\n<tbody>\n<tr>\n<td colspan=\"3\" width=\"288\"><strong><b>Tipo de par\u00e1metro<\/b><\/strong><\/td>\n<td colspan=\"2\" width=\"504\"><strong><b>Parameter<\/b><\/strong><\/td>\n<\/tr>\n<tr>\n<td colspan=\"3\" width=\"288\"><strong><b>Dibujos de productos<\/b><\/strong><\/td>\n<td colspan=\"2\" width=\"504\"><strong><b> <img fetchpriority=\"high\" decoding=\"async\" class=\"alignnone size-medium wp-image-2384\" src=\"https:\/\/nanou-trailer.com\/wp-content\/uploads\/2024\/11\/\u82f1\u658740-\u5c3aLNG\u7f50\u53a2\u53c2\u6570\u8868-300x212.jpg\" alt=\"\" width=\"300\" height=\"212\" srcset=\"https:\/\/nanou-trailer.com\/wp-content\/uploads\/2024\/11\/\u82f1\u658740-\u5c3aLNG\u7f50\u53a2\u53c2\u6570\u8868-300x212.jpg 300w, https:\/\/nanou-trailer.com\/wp-content\/uploads\/2024\/11\/\u82f1\u658740-\u5c3aLNG\u7f50\u53a2\u53c2\u6570\u8868-1024x724.jpg 1024w, https:\/\/nanou-trailer.com\/wp-content\/uploads\/2024\/11\/\u82f1\u658740-\u5c3aLNG\u7f50\u53a2\u53c2\u6570\u8868-768x543.jpg 768w, https:\/\/nanou-trailer.com\/wp-content\/uploads\/2024\/11\/\u82f1\u658740-\u5c3aLNG\u7f50\u53a2\u53c2\u6570\u8868-18x12.jpg 18w, https:\/\/nanou-trailer.com\/wp-content\/uploads\/2024\/11\/\u82f1\u658740-\u5c3aLNG\u7f50\u53a2\u53c2\u6570\u8868-800x566.jpg 800w, https:\/\/nanou-trailer.com\/wp-content\/uploads\/2024\/11\/\u82f1\u658740-\u5c3aLNG\u7f50\u53a2\u53c2\u6570\u8868.jpg 1121w\" sizes=\"(max-width: 300px) 100vw, 300px\" \/><\/b><\/strong><\/td>\n<\/tr>\n<tr>\n<td rowspan=\"13\" width=\"90\">&nbsp;<\/p>\n<p>&nbsp;<\/p>\n<p>&nbsp;<\/p>\n<p>&nbsp;<\/p>\n<p>&nbsp;<\/p>\n<p><strong><b>Tank container<\/b><\/strong><\/td>\n<td colspan=\"2\" width=\"198\"><strong><b>model<\/b><\/strong><\/td>\n<td colspan=\"2\" width=\"504\">GJ-0.8-2265-45.5<\/td>\n<\/tr>\n<tr>\n<td colspan=\"2\" width=\"198\"><strong><b>Container type<\/b><\/strong><\/td>\n<td colspan=\"2\" width=\"504\">1AA<\/td>\n<\/tr>\n<tr>\n<td colspan=\"2\" width=\"198\"><strong><b>United Nations Number<\/b><\/strong><\/td>\n<td colspan=\"2\" width=\"504\">UN1972<\/td>\n<\/tr>\n<tr>\n<td colspan=\"2\" width=\"198\"><strong><b>Guidelines for Tank Cabinets<\/b><\/strong><\/td>\n<td colspan=\"2\" width=\"504\">T75<\/td>\n<\/tr>\n<tr>\n<td colspan=\"2\" width=\"198\"><strong><b>Size and box type code<\/b><\/strong><\/td>\n<td colspan=\"2\" width=\"504\">42K7<\/td>\n<\/tr>\n<tr>\n<td colspan=\"2\" width=\"198\"><strong><b>Box weight kg<\/b><\/strong><\/td>\n<td colspan=\"2\" width=\"504\">13035<\/td>\n<\/tr>\n<tr>\n<td colspan=\"2\" width=\"198\"><strong><b>Maximum loading weight kg<\/b><\/strong><\/td>\n<td colspan=\"2\" width=\"504\">17445<\/td>\n<\/tr>\n<tr>\n<td colspan=\"2\" width=\"198\"><strong><b>Maximum total mass kg<\/b><\/strong><\/td>\n<td colspan=\"2\" width=\"504\">30480<\/td>\n<\/tr>\n<tr>\n<td colspan=\"2\" width=\"198\"><strong><b>Allow stacking quality <\/b><\/strong><strong><b>kg<\/b><\/strong><\/td>\n<td colspan=\"2\" width=\"504\">192000<\/td>\n<\/tr>\n<tr>\n<td colspan=\"2\" width=\"198\"><strong><b>Dimensions (length x width x height)<\/b><\/strong><strong><b>mm<\/b><\/strong><\/td>\n<td colspan=\"2\" width=\"504\">12192X2438X2591<\/td>\n<\/tr>\n<tr>\n<td colspan=\"2\" width=\"198\"><strong><b>Main hazard type<\/b><\/strong><\/td>\n<td colspan=\"2\" width=\"504\">2.1<\/td>\n<\/tr>\n<tr>\n<td colspan=\"2\" width=\"198\"><strong><b>Design service life<\/b><\/strong><\/td>\n<td colspan=\"2\" width=\"504\">20<\/td>\n<\/tr>\n<tr>\n<td colspan=\"2\" width=\"198\"><strong><b>type of shipping<\/b><\/strong><\/td>\n<td colspan=\"2\" width=\"504\">Highway, waterway, or intermodal transportation of these modes of transportation<\/td>\n<\/tr>\n<tr>\n<td rowspan=\"22\" width=\"90\">&nbsp;<\/p>\n<p><strong><b>\u00a0<\/b><\/strong><\/p>\n<p>&nbsp;<\/p>\n<p>&nbsp;<\/p>\n<p>&nbsp;<\/p>\n<p>&nbsp;<\/p>\n<p>&nbsp;<\/p>\n<p>&nbsp;<\/p>\n<p><strong><b>Tank body<\/b><\/strong><\/td>\n<td colspan=\"2\" width=\"198\"><strong><b>Tipo de par\u00e1metro<\/b><\/strong><\/td>\n<td width=\"231\"><strong><b>Content container<\/b><\/strong><\/td>\n<td width=\"273\"><strong><b>She<\/b><\/strong><strong><b>ll<\/b><\/strong><\/td>\n<\/tr>\n<tr>\n<td colspan=\"2\" width=\"198\"><strong><b>working pressure \u00a0\u00a0<\/b><\/strong><strong><b>MPa<\/b><\/strong><\/td>\n<td width=\"231\">\u22640.8<\/td>\n<td width=\"273\">-0.1<\/td>\n<\/tr>\n<tr>\n<td colspan=\"2\" width=\"198\"><strong><b>Design pressure \u00a0\u00a0<\/b><\/strong><strong><b>MPa<\/b><\/strong><\/td>\n<td width=\"231\">0.8<\/td>\n<td width=\"273\">-0.1<\/td>\n<\/tr>\n<tr>\n<td colspan=\"2\" width=\"198\"><strong><b>working <\/b><\/strong><strong><b>\u00a0\u00a0\u00a0\u00a0\u00a0<\/b><\/strong><strong><b>temperature \u00a0\u00a0\u00a0\u2103<\/b><\/strong><\/td>\n<td width=\"231\">-162<\/td>\n<td width=\"273\">-40~50<\/td>\n<\/tr>\n<tr>\n<td colspan=\"2\" width=\"198\"><strong><b>Design temperature \u00a0\u00a0\u2103<\/b><\/strong><\/td>\n<td width=\"231\">-196<\/td>\n<td width=\"273\">60<\/td>\n<\/tr>\n<tr>\n<td rowspan=\"4\" width=\"44\"><strong><b>\u00a0<\/b><\/strong><\/p>\n<p><strong><b>Main material<\/b><\/strong><\/td>\n<td width=\"154\"><strong><b>Head material\/standard<\/b><\/strong><\/td>\n<td width=\"231\">S30408(Rp1.0)\/GB\/T24511-2009<\/td>\n<td width=\"273\">16MnDR\/GB\/T3531-2014<\/td>\n<\/tr>\n<tr>\n<td width=\"154\"><strong><b>Cylinder material\/standard<\/b><\/strong><\/td>\n<td width=\"231\">S30408(Rp1.0)\/GB\/T24511-2009<\/td>\n<td width=\"273\">Q345R\/GB\/T 713-2014<\/td>\n<\/tr>\n<tr>\n<td width=\"154\"><strong><b>Head calculation thickness <\/b><\/strong><strong><b>mm<\/b><\/strong><\/td>\n<td width=\"231\">6.69<\/td>\n<td width=\"273\">5.95<\/td>\n<\/tr>\n<tr>\n<td width=\"154\"><strong><b>Calculate the thickness of the cylinder<\/b><\/strong><strong><b>\u00a0<\/b><\/strong><strong><b>mm<\/b><\/strong><\/td>\n<td width=\"231\">6.7<\/td>\n<td width=\"273\">2.66<\/td>\n<\/tr>\n<tr>\n<td colspan=\"2\" width=\"198\"><strong><b>Filling Medium <\/b><\/strong><\/td>\n<td width=\"231\">LNG<\/td>\n<td width=\"273\">\/<\/td>\n<\/tr>\n<tr>\n<td colspan=\"2\" width=\"198\"><strong><b>Medium characteristics<\/b><\/strong><\/td>\n<td width=\"231\">inflammable<\/td>\n<td width=\"273\">\/<\/td>\n<\/tr>\n<tr>\n<td colspan=\"2\" width=\"198\"><strong><b>volumen<\/b><\/strong><\/td>\n<td width=\"231\">45.5<\/td>\n<td width=\"273\">7.89<\/td>\n<\/tr>\n<tr>\n<td colspan=\"2\" width=\"198\"><strong><b>proof pressure \u00a0\u00a0<\/b><\/strong><strong><b>MPa<\/b><\/strong><\/td>\n<td width=\"231\">1.17\uff08Before the set\uff09\uff0f1.04\uff08After the set\uff09<\/td>\n<td width=\"273\">\/<\/td>\n<\/tr>\n<tr>\n<td colspan=\"2\" width=\"198\"><strong><b>Leakage test<\/b><\/strong><\/td>\n<td width=\"231\">0.8MPa<\/p>\n<p>Air tightness test<\/td>\n<td width=\"273\">Helium mass spectrometry leak detection<\/td>\n<\/tr>\n<tr>\n<td colspan=\"2\" width=\"198\"><strong><b>Corrosion allowance<\/b><\/strong><\/td>\n<td width=\"231\">0<\/td>\n<td width=\"273\">0<\/td>\n<\/tr>\n<tr>\n<td colspan=\"2\" width=\"198\"><strong><b>Welding joint coefficient<\/b><\/strong><\/td>\n<td width=\"231\">1<\/td>\n<td width=\"273\">0.85<\/td>\n<\/tr>\n<tr>\n<td colspan=\"2\" width=\"198\"><strong><b>Vacuum insulation type<\/b><\/strong><\/td>\n<td colspan=\"2\" width=\"504\">High vacuum multi-layer insulation<\/td>\n<\/tr>\n<tr>\n<td colspan=\"2\" width=\"198\"><strong><b>Vacuum interlayer leakage rate <\/b><\/strong><strong><b>\u00a0<\/b><\/strong><strong><b>Pa<\/b><\/strong><strong><b>*<\/b><\/strong><strong><b>m\u00b3<\/b><\/strong><strong><b>\/<\/b><\/strong><strong><b>S<\/b><\/strong><\/td>\n<td colspan=\"2\" width=\"504\">5x<\/td>\n<\/tr>\n<tr>\n<td colspan=\"2\" width=\"198\"><strong><b>Vacuum interlayer leakage rate<\/b><\/strong><strong><b>Pa<\/b><\/strong><strong><b>*<\/b><\/strong><strong><b>m\u00b3<\/b><\/strong><strong><b>\/<\/b><\/strong><strong><b>S<\/b><\/strong><\/td>\n<td colspan=\"2\" width=\"504\">1x<\/td>\n<\/tr>\n<tr>\n<td colspan=\"2\" width=\"198\"><strong><b>Sealing vacuum degree \u00a0<\/b><\/strong><strong><b>Pa<\/b><\/strong><\/td>\n<td colspan=\"2\" width=\"504\">&nbsp;<\/td>\n<\/tr>\n<tr>\n<td colspan=\"2\" width=\"198\"><strong><b>Static evaporation rate \u00a0%\/<\/b><\/strong><strong><b>d<\/b><\/strong><\/td>\n<td colspan=\"2\" width=\"504\">0.247<\/td>\n<\/tr>\n<tr>\n<td colspan=\"2\" width=\"198\"><strong><b>Expected service life of vacuum <\/b><\/strong><strong><b>years<\/b><\/strong><\/td>\n<td colspan=\"2\" width=\"504\">5<\/td>\n<\/tr>\n<tr>\n<td width=\"90\"><strong><b>other<\/b><\/strong><\/td>\n<td colspan=\"4\" width=\"703\"><strong><b>Containers shall undergo various form experiments in accordance with GR\/T16563-1996 and TR\/T4784-2007<\/b><\/strong><\/td>\n<\/tr>\n<\/tbody>\n<\/table>\n<p>&nbsp;<\/p>","protected":false},"excerpt":{"rendered":"<p>Tipo de par\u00e1metro Par\u00e1metro Dibujos del producto Modelo de contenedor cisterna GJ-0.8-2265-45.5 Tipo de contenedor 1AA N\u00famero de las Naciones Unidas UN1972 Directrices para armarios cisterna T75 C\u00f3digo de tama\u00f1o y tipo de caja 42K7 Peso de la caja kg 13035 Peso m\u00e1ximo de carga kg 17445 Masa total m\u00e1xima kg 30480 Calidad de apilado permitida kg 192000 Dimensiones (largo x ancho...<\/p>","protected":false},"featured_media":2141,"template":"","meta":{"_seopress_robots_primary_cat":"none","_seopress_titles_title":"","_seopress_titles_desc":"","_seopress_robots_index":"","_kad_post_transparent":"default","_kad_post_title":"","_kad_post_layout":"default","_kad_post_sidebar_id":"","_kad_post_content_style":"default","_kad_post_vertical_padding":"default","_kad_post_feature":"","_kad_post_feature_position":"","_kad_post_header":false,"_kad_post_footer":false,"_kad_post_classname":""},"product_brand":[],"product_cat":[100,120,15],"product_tag":[],"class_list":{"0":"post-2138","1":"product","2":"type-product","3":"status-publish","4":"has-post-thumbnail","6":"product_cat-box-semi-trailer","7":"product_cat-container-carrier","8":"product_cat-categorize","10":"first","11":"instock","12":"shipping-taxable","13":"product-type-simple","14":"entry","15":"content-bg","16":"loop-entry"},"_links":{"self":[{"href":"https:\/\/nanou-trailer.com\/es\/wp-json\/wp\/v2\/product\/2138","targetHints":{"allow":["GET"]}}],"collection":[{"href":"https:\/\/nanou-trailer.com\/es\/wp-json\/wp\/v2\/product"}],"about":[{"href":"https:\/\/nanou-trailer.com\/es\/wp-json\/wp\/v2\/types\/product"}],"wp:featuredmedia":[{"embeddable":true,"href":"https:\/\/nanou-trailer.com\/es\/wp-json\/wp\/v2\/media\/2141"}],"wp:attachment":[{"href":"https:\/\/nanou-trailer.com\/es\/wp-json\/wp\/v2\/media?parent=2138"}],"wp:term":[{"taxonomy":"product_brand","embeddable":true,"href":"https:\/\/nanou-trailer.com\/es\/wp-json\/wp\/v2\/product_brand?post=2138"},{"taxonomy":"product_cat","embeddable":true,"href":"https:\/\/nanou-trailer.com\/es\/wp-json\/wp\/v2\/product_cat?post=2138"},{"taxonomy":"product_tag","embeddable":true,"href":"https:\/\/nanou-trailer.com\/es\/wp-json\/wp\/v2\/product_tag?post=2138"}],"curies":[{"name":"wp","href":"https:\/\/api.w.org\/{rel}","templated":true}]}}