{"id":2077,"date":"2024-11-29T14:44:58","date_gmt":"2024-11-29T06:44:58","guid":{"rendered":"https:\/\/nanou-trailer.com\/?post_type=product&#038;p=2077"},"modified":"2025-03-09T16:52:52","modified_gmt":"2025-03-09T08:52:52","slug":"exit-rollover-dump-semi-trailer","status":"publish","type":"product","link":"https:\/\/nanou-trailer.com\/es\/producto\/exit-rollover-dump-semi-trailer\/","title":{"rendered":"Salida vuelco volquete semirremolque"},"content":{"rendered":"<table>\n<tbody>\n<tr>\n<td colspan=\"2\" width=\"330\"><strong><b>Tipo de par\u00e1metro<\/b><\/strong><\/td>\n<td width=\"390\"><strong><b>par\u00e1metro<\/b><\/strong><\/td>\n<\/tr>\n<tr>\n<td colspan=\"2\" width=\"330\"><strong><b>Dimensiones del veh\u00edculo <\/b><\/strong><\/p>\n<p><strong><b>(longitud, anchura, altura)<\/b><\/strong><\/td>\n<td width=\"390\">10-15 m * 2,5\/2,55 m * 1,8-4,2 m (o personalizado seg\u00fan las necesidades)<\/td>\n<\/tr>\n<tr>\n<td rowspan=\"2\" width=\"146\"><strong><b>Par\u00e1metros de los contenedores<\/b><\/strong><\/td>\n<td width=\"184\"><strong><b>Dimensiones del contenedor<\/b><\/strong><strong><b>(longitud,anchura, altura)<\/b><\/strong><\/td>\n<td width=\"390\">9-11 m * 2,5\/2,55 m* 1,8-4 m (o personalizado seg\u00fan las necesidades)<\/td>\n<\/tr>\n<tr>\n<td width=\"184\"><strong><b>Material del envase<\/b><\/strong><\/td>\n<td width=\"390\">Placa de acero de alta resistencia T700, T750<\/td>\n<\/tr>\n<tr>\n<td colspan=\"2\" width=\"330\"><strong><b>Estructura de la cabina<\/b><\/strong><\/td>\n<td width=\"390\">Colgado abierto+abierto dividido<\/td>\n<\/tr>\n<tr>\n<td colspan=\"2\" width=\"330\"><strong><b>Peso del veh\u00edculo<\/b><\/strong><\/td>\n<td width=\"390\">8T-16T (Seg\u00fan el modelo de veh\u00edculo)<\/td>\n<\/tr>\n<tr>\n<td colspan=\"2\" width=\"330\"><strong><b>Capacidad de carga de dise\u00f1o<\/b><\/strong><\/td>\n<td width=\"390\">40T-120T (Seg\u00fan el modelo de veh\u00edculo)<\/td>\n<\/tr>\n<tr>\n<td colspan=\"2\" width=\"330\"><strong><b>Calidad nominal<\/b><\/strong><\/td>\n<td width=\"390\">30T-100T (Seg\u00fan el modelo de veh\u00edculo)<\/td>\n<\/tr>\n<tr>\n<td colspan=\"2\" width=\"330\"><strong><b>N\u00famero de ejes<\/b><\/strong><\/td>\n<td width=\"390\">3-4-5 ejes<\/td>\n<\/tr>\n<tr>\n<td colspan=\"2\" width=\"330\"><strong><b>distancia entre ejes<\/b><\/strong><\/td>\n<td width=\"390\">4200,6480,6800,+1310+1310 (o personalizado seg\u00fan los requisitos)<\/td>\n<\/tr>\n<tr>\n<td rowspan=\"2\" width=\"146\"><strong><b>Especificaciones de los neum\u00e1ticos \u00a0\u00a0\u00a0\u00a0\u00a0<\/b><\/strong><\/td>\n<td width=\"184\"><strong><b>N\u00famero de neum\u00e1ticos<\/b><\/strong><\/td>\n<td width=\"390\">12-20 (Personalizado seg\u00fan las necesidades)<\/td>\n<\/tr>\n<tr>\n<td width=\"184\"><strong><b>Modelo de neum\u00e1tico<\/b><\/strong><\/td>\n<td width=\"390\">11.00R20,12.00R22.5,etc. (personalizado seg\u00fan requisitos)<\/td>\n<\/tr>\n<tr>\n<td colspan=\"2\" width=\"330\"><strong><b>Sistema de toma de fuerza<\/b><\/strong><\/td>\n<td width=\"390\">Toma de fuerza (seg\u00fan la relaci\u00f3n de la caja de cambios del cami\u00f3n tractor)<\/td>\n<\/tr>\n<tr>\n<td colspan=\"2\" width=\"330\"><strong><b>sistema de frenado<\/b><\/strong><\/td>\n<td width=\"390\">Freno hidr\u00e1ulico de doble circuito delantero y trasero de tambor y sistema de freno neum\u00e1tico, freno de estacionamiento independiente<\/td>\n<\/tr>\n<tr>\n<td rowspan=\"2\" width=\"146\"><strong><b>Sistema de elevaci\u00f3n <\/b><\/strong><\/td>\n<td width=\"184\"><strong><b>M\u00e9todo de elevaci\u00f3n<\/b><\/strong><\/td>\n<td width=\"390\">Elevaci\u00f3n del cilindro hidr\u00e1ulico Haiwo<\/td>\n<\/tr>\n<tr>\n<td width=\"184\"><strong><b>N\u00famero de cilindros de elevaci\u00f3n<\/b><\/strong><\/td>\n<td width=\"390\">6-7 ascensores+1-2 turnos (opcional)<\/td>\n<\/tr>\n<tr>\n<td rowspan=\"2\" width=\"146\"><strong><b>Tipo de sistema de suspensi\u00f3n<\/b><\/strong><\/td>\n<td width=\"184\"><strong><b>Mec\u00e1nica<\/b><\/strong><\/td>\n<td width=\"390\">Muelles longitudinales delanteros y traseros de chapa de acero, Fuhua<\/td>\n<\/tr>\n<tr>\n<td width=\"184\"><strong><b>Suspensi\u00f3n neum\u00e1tica<\/b><\/strong><\/td>\n<td width=\"390\">Amortiguador neum\u00e1tico tipo cilindro, Fuhua (ligero opcional)<\/td>\n<\/tr>\n<tr>\n<td colspan=\"2\" width=\"330\"><strong><b>Material de la viga maestra<\/b><\/strong><\/td>\n<td width=\"390\">T700\uff0cQ355E\uff0c690D\uff0cBS980 etc.Acero de alta resistencia<\/td>\n<\/tr>\n<tr>\n<td rowspan=\"4\" width=\"146\"><strong><b>Par\u00e1metros de la viga maestra y de la viga longitudinal<\/b><\/strong><\/td>\n<td width=\"184\"><strong><b>Tablero vertical <\/b><\/strong><\/p>\n<p><strong><b>espesor<\/b><\/strong><\/td>\n<td width=\"390\">4\/6\/8\/10 mm<\/td>\n<\/tr>\n<tr>\n<td width=\"184\"><strong><b>altura<\/b><\/strong><\/td>\n<td width=\"390\">400-500 mm<\/td>\n<\/tr>\n<tr>\n<td width=\"184\"><strong><b>Espesor de la placa superior del ala<\/b><\/strong><\/td>\n<td width=\"390\">6\/8\/10\/12\/14mm<\/td>\n<\/tr>\n<tr>\n<td width=\"184\"><strong><b>Espesor de la placa inferior del ala<\/b><\/strong><\/td>\n<td width=\"390\">6\/8\/10\/12\/14\/16mm<\/td>\n<\/tr>\n<tr>\n<td colspan=\"2\" width=\"330\"><strong><b>Tipo de pierna<\/b><\/strong><\/td>\n<td width=\"390\">28T, JOST, acci\u00f3n simple o enlace<\/td>\n<\/tr>\n<tr>\n<td colspan=\"2\" width=\"330\"><strong><b>ABS<\/b><\/strong><strong><b>EBS,<\/b><\/strong><strong><b>sistema<\/b><\/strong><\/td>\n<td width=\"390\">KORMEE\uff0cWABCO<\/td>\n<\/tr>\n<tr>\n<td colspan=\"2\" width=\"330\"><strong><b>aerosol<\/b><\/strong><\/td>\n<td width=\"390\">Prevenci\u00f3n de \u00f3xido+pintura de poliuretano, electroforesis de recubrimiento en polvo, (personalizado seg\u00fan los requisitos)<\/td>\n<\/tr>\n<\/tbody>\n<\/table>\n<p>&nbsp;<\/p>","protected":false},"excerpt":{"rendered":"<p>Par\u00e1metros Par\u00e1metros del tipo Dimensiones del veh\u00edculo (longitud, anchura, altura) 10-15 m * 2,5\/2,55 m * 1,8-4,2 m (o personalizadas seg\u00fan las necesidades) Par\u00e1metros del contenedor Dimensiones del contenedor (longitud, anchura, altura) 9-11 m * 2,5\/2,55 m* 1,8-4 m (o personalizadas seg\u00fan las necesidades) Material del contenedor Chapa de acero de alta resistencia T700, T750 Estructura de la cabina Abierta colgante+abierta dividida Peso del veh\u00edculo 8T-16T (Seg\u00fan...<\/p>","protected":false},"featured_media":2080,"template":"","meta":{"_seopress_robots_primary_cat":"none","_seopress_titles_title":"","_seopress_titles_desc":"","_seopress_robots_index":"","_kad_post_transparent":"default","_kad_post_title":"","_kad_post_layout":"default","_kad_post_sidebar_id":"","_kad_post_content_style":"default","_kad_post_vertical_padding":"default","_kad_post_feature":"","_kad_post_feature_position":"","_kad_post_header":false,"_kad_post_footer":false,"_kad_post_classname":""},"product_brand":[],"product_cat":[100,120,15],"product_tag":[],"class_list":{"0":"post-2077","1":"product","2":"type-product","3":"status-publish","4":"has-post-thumbnail","6":"product_cat-box-semi-trailer","7":"product_cat-container-carrier","8":"product_cat-categorize","10":"first","11":"instock","12":"shipping-taxable","13":"product-type-simple","14":"entry","15":"content-bg","16":"loop-entry"},"_links":{"self":[{"href":"https:\/\/nanou-trailer.com\/es\/wp-json\/wp\/v2\/product\/2077","targetHints":{"allow":["GET"]}}],"collection":[{"href":"https:\/\/nanou-trailer.com\/es\/wp-json\/wp\/v2\/product"}],"about":[{"href":"https:\/\/nanou-trailer.com\/es\/wp-json\/wp\/v2\/types\/product"}],"wp:featuredmedia":[{"embeddable":true,"href":"https:\/\/nanou-trailer.com\/es\/wp-json\/wp\/v2\/media\/2080"}],"wp:attachment":[{"href":"https:\/\/nanou-trailer.com\/es\/wp-json\/wp\/v2\/media?parent=2077"}],"wp:term":[{"taxonomy":"product_brand","embeddable":true,"href":"https:\/\/nanou-trailer.com\/es\/wp-json\/wp\/v2\/product_brand?post=2077"},{"taxonomy":"product_cat","embeddable":true,"href":"https:\/\/nanou-trailer.com\/es\/wp-json\/wp\/v2\/product_cat?post=2077"},{"taxonomy":"product_tag","embeddable":true,"href":"https:\/\/nanou-trailer.com\/es\/wp-json\/wp\/v2\/product_tag?post=2077"}],"curies":[{"name":"wp","href":"https:\/\/api.w.org\/{rel}","templated":true}]}}