{"id":2039,"date":"2024-11-26T14:38:42","date_gmt":"2024-11-26T06:38:42","guid":{"rendered":"https:\/\/nanou-trailer.com\/?post_type=product&#038;p=2039"},"modified":"2025-03-09T16:53:27","modified_gmt":"2025-03-09T08:53:27","slug":"container-skeleton-semitrailer-2","status":"publish","type":"product","link":"https:\/\/nanou-trailer.com\/es\/producto\/container-skeleton-semitrailer-2\/","title":{"rendered":"Semirremolque esqueleto de contenedor"},"content":{"rendered":"<table>\n<tbody>\n<tr>\n<td colspan=\"3\" width=\"300\"><strong><b>Tipo de par\u00e1metro<\/b><\/strong><\/td>\n<td colspan=\"2\" width=\"470\"><strong><b>Parameter <\/b><\/strong><\/td>\n<\/tr>\n<tr>\n<td colspan=\"3\" width=\"300\"><strong>Dibujos de productos<\/strong><\/td>\n<td colspan=\"2\" width=\"470\"><strong><b> <img fetchpriority=\"high\" decoding=\"async\" class=\"alignnone size-medium wp-image-2388\" src=\"https:\/\/nanou-trailer.com\/wp-content\/uploads\/2024\/11\/\u82f1\u658720\u5c3a\u7f50\u53a2\u53c2\u6570\u8868-300x212.jpg\" alt=\"\" width=\"300\" height=\"212\" srcset=\"https:\/\/nanou-trailer.com\/wp-content\/uploads\/2024\/11\/\u82f1\u658720\u5c3a\u7f50\u53a2\u53c2\u6570\u8868-300x212.jpg 300w, https:\/\/nanou-trailer.com\/wp-content\/uploads\/2024\/11\/\u82f1\u658720\u5c3a\u7f50\u53a2\u53c2\u6570\u8868-1024x724.jpg 1024w, https:\/\/nanou-trailer.com\/wp-content\/uploads\/2024\/11\/\u82f1\u658720\u5c3a\u7f50\u53a2\u53c2\u6570\u8868-768x543.jpg 768w, https:\/\/nanou-trailer.com\/wp-content\/uploads\/2024\/11\/\u82f1\u658720\u5c3a\u7f50\u53a2\u53c2\u6570\u8868-18x12.jpg 18w, https:\/\/nanou-trailer.com\/wp-content\/uploads\/2024\/11\/\u82f1\u658720\u5c3a\u7f50\u53a2\u53c2\u6570\u8868-800x566.jpg 800w, https:\/\/nanou-trailer.com\/wp-content\/uploads\/2024\/11\/\u82f1\u658720\u5c3a\u7f50\u53a2\u53c2\u6570\u8868.jpg 1123w\" sizes=\"(max-width: 300px) 100vw, 300px\" \/><\/b><\/strong><\/td>\n<\/tr>\n<tr>\n<td rowspan=\"13\" width=\"95\">&nbsp;<\/p>\n<p>&nbsp;<\/p>\n<p>&nbsp;<\/p>\n<p><strong><b>Tank container<\/b><\/strong><\/td>\n<td colspan=\"2\" width=\"205\"><strong><b>model<\/b><\/strong><\/td>\n<td colspan=\"2\" width=\"470\">CG-1.6-2230-19.8<\/td>\n<\/tr>\n<tr>\n<td colspan=\"2\" width=\"205\"><strong><b>Container type<\/b><\/strong><\/td>\n<td colspan=\"2\" width=\"470\">1CC<\/td>\n<\/tr>\n<tr>\n<td colspan=\"2\" width=\"205\"><strong><b>United Nations Number<\/b><\/strong><\/td>\n<td colspan=\"2\" width=\"470\">UN1978<\/td>\n<\/tr>\n<tr>\n<td colspan=\"2\" width=\"205\"><strong><b>Guidelines for Tank Cabinets<\/b><\/strong><\/td>\n<td colspan=\"2\" width=\"470\">T75<\/td>\n<\/tr>\n<tr>\n<td colspan=\"2\" width=\"205\"><strong><b>Size and box type code<\/b><\/strong><\/td>\n<td colspan=\"2\" width=\"470\">22T5<\/td>\n<\/tr>\n<tr>\n<td colspan=\"2\" width=\"205\"><strong><b>Box quality \u00a0<\/b><\/strong><strong><b>kg<\/b><\/strong><\/td>\n<td colspan=\"2\" width=\"470\">9300<\/td>\n<\/tr>\n<tr>\n<td colspan=\"2\" width=\"205\"><strong><b>Maximum loading capacity <\/b><\/strong><strong><b>kg<\/b><\/strong><\/td>\n<td colspan=\"2\" width=\"470\">7592<\/td>\n<\/tr>\n<tr>\n<td colspan=\"2\" width=\"205\"><strong><b>Maximum total mass \u00a0<\/b><\/strong><strong><b>kg<\/b><\/strong><\/td>\n<td colspan=\"2\" width=\"470\">34000<\/td>\n<\/tr>\n<tr>\n<td colspan=\"2\" width=\"205\"><strong><b>Allow stacking quality\/layers <\/b><\/strong><strong><b>kg<\/b><\/strong><strong><b>\uff0flayer<\/b><\/strong><\/td>\n<td colspan=\"2\" width=\"470\">\u00a0192000\/6<\/td>\n<\/tr>\n<tr>\n<td colspan=\"2\" width=\"205\"><strong><b>Dimensions (length<\/b><\/strong><strong><b>\uff0c<\/b><\/strong><strong><b>width <\/b><\/strong><strong><b>\uff0c<\/b><\/strong><strong><b>\u00a0height)<\/b><\/strong><strong><b>mm<\/b><\/strong><\/td>\n<td colspan=\"2\" width=\"470\">\u00a06058X2438X2591<\/td>\n<\/tr>\n<tr>\n<td colspan=\"2\" width=\"205\"><strong><b>Main hazard category<\/b><\/strong><\/td>\n<td colspan=\"2\" width=\"470\">2.1<\/td>\n<\/tr>\n<tr>\n<td colspan=\"2\" width=\"205\"><strong><b>Design service life<\/b><\/strong><\/td>\n<td colspan=\"2\" width=\"470\">10<\/td>\n<\/tr>\n<tr>\n<td colspan=\"2\" width=\"205\"><strong><b>type of shipping<\/b><\/strong><\/td>\n<td colspan=\"2\" width=\"470\">Highway, waterway, or intermodal transportation of these modes of transportation<\/td>\n<\/tr>\n<tr>\n<td rowspan=\"20\" width=\"95\">&nbsp;<\/p>\n<p>&nbsp;<\/p>\n<p>&nbsp;<\/p>\n<p>&nbsp;<\/p>\n<p><strong><b>Tank body<\/b><\/strong><\/td>\n<td colspan=\"2\" width=\"205\"><strong><b>Tipo de par\u00e1metro<\/b><\/strong><\/td>\n<td width=\"257\"><strong><b>Content container<\/b><\/strong><\/td>\n<td width=\"213\"><strong><b>Shell<\/b><\/strong><\/td>\n<\/tr>\n<tr>\n<td colspan=\"2\" width=\"205\"><strong><b>working pressure<\/b><\/strong><strong><b>\/<\/b><\/strong><strong><b>MPa<\/b><\/strong><\/td>\n<td width=\"257\">\u22641.6<\/td>\n<td width=\"213\">-0.1<\/td>\n<\/tr>\n<tr>\n<td colspan=\"2\" width=\"205\"><strong><b>Design pressure<\/b><\/strong><strong><b>\/<\/b><\/strong><strong><b>MPa<\/b><\/strong><\/td>\n<td width=\"257\">1.6<\/td>\n<td width=\"213\">-0.1<\/td>\n<\/tr>\n<tr>\n<td colspan=\"2\" width=\"205\"><strong><b>working temperature <\/b><\/strong><strong><b>\/<\/b><\/strong><strong><b>\u2103<\/b><\/strong><\/td>\n<td width=\"257\">-162<\/td>\n<td width=\"213\">-19~50<\/td>\n<\/tr>\n<tr>\n<td colspan=\"2\" width=\"205\"><strong><b>Design temperature<\/b><\/strong><strong><b>\/<\/b><\/strong><strong><b>\u2103<\/b><\/strong><\/td>\n<td width=\"257\">-196<\/td>\n<td width=\"213\">50<\/td>\n<\/tr>\n<tr>\n<td rowspan=\"4\" width=\"74\"><strong><b>\u00a0<\/b><\/strong><\/p>\n<p><strong><b>Main material<\/b><\/strong><\/td>\n<td width=\"131\"><strong><b>Head material\/standard<\/b><\/strong><\/td>\n<td width=\"257\">S30408(Rp1.0)\/GB24511-2009<\/td>\n<td width=\"213\">Q345R\/GB\/T713-2014<\/td>\n<\/tr>\n<tr>\n<td width=\"131\"><strong><b>Cylinder material\/standard<\/b><\/strong><\/td>\n<td width=\"257\">S30408(Rp1.0)\/GB24511-2009<\/td>\n<td width=\"213\">Q345R\/GB\/T713-2014<\/td>\n<\/tr>\n<tr>\n<td width=\"131\"><strong><b>Head<\/b><\/strong><strong><b>\u00a0design<\/b><\/strong><\/p>\n<p><strong><b>espesor<\/b><\/strong><strong><b>mm<\/b><\/strong><\/td>\n<td width=\"257\">11.62<\/td>\n<td width=\"213\">7.14<\/td>\n<\/tr>\n<tr>\n<td width=\"131\"><strong><b>Design thickness of cylinder body<\/b><\/strong><strong><b>\u00a0<\/b><\/strong><strong><b>mm<\/b><\/strong><\/td>\n<td width=\"257\">11.67<\/td>\n<td width=\"213\">3.05<\/td>\n<\/tr>\n<tr>\n<td colspan=\"2\" width=\"205\"><strong><b>Filling Medium <\/b><\/strong><\/td>\n<td width=\"257\">liquified natural gas\uff08LNG\uff09<\/td>\n<td width=\"213\">\/<\/td>\n<\/tr>\n<tr>\n<td colspan=\"2\" width=\"205\"><strong><b>Medium characteristics<\/b><\/strong><\/td>\n<td width=\"257\">explosive<\/td>\n<td width=\"213\">\/<\/td>\n<\/tr>\n<tr>\n<td colspan=\"2\" width=\"205\"><strong><b>volumen<\/b><\/strong><\/td>\n<td width=\"257\">19.8<\/td>\n<td width=\"213\">3.58<\/td>\n<\/tr>\n<tr>\n<td colspan=\"2\" width=\"205\"><strong><b>Pressure test pressure <\/b><\/strong><strong><b>MPa<\/b><\/strong><\/td>\n<td width=\"257\">1.96\uff08Before assembly\uff091.84\uff08After assembly\uff09<\/td>\n<td width=\"213\">\/<\/td>\n<\/tr>\n<tr>\n<td colspan=\"2\" width=\"205\"><strong><b>Leakage test<\/b><\/strong><\/td>\n<td width=\"257\">1.6MPa\u00a0\u00a0Air tightness test<\/td>\n<td width=\"213\">Ammonia mass spectrometry leak detection<\/td>\n<\/tr>\n<tr>\n<td colspan=\"2\" width=\"205\"><strong><b>Corrosion allowance<\/b><\/strong><\/td>\n<td width=\"257\">0<\/td>\n<td width=\"213\">0<\/td>\n<\/tr>\n<tr>\n<td colspan=\"2\" width=\"205\"><strong><b>Welding joint coefficient<\/b><\/strong><\/td>\n<td width=\"257\">1<\/td>\n<td width=\"213\">0.85\/1<\/td>\n<\/tr>\n<tr>\n<td colspan=\"2\" width=\"205\"><strong><b>Vacuum interlayer leakage rate<\/b><\/strong><strong><b>\u00a0<\/b><\/strong><strong><b>Pa<\/b><\/strong><strong><b>*<\/b><\/strong><strong><b>m\u00b3<\/b><\/strong><strong><b>\/<\/b><\/strong><strong><b>S<\/b><\/strong><\/td>\n<td colspan=\"2\" width=\"470\">5&#215;10^(-9)<\/td>\n<\/tr>\n<tr>\n<td colspan=\"2\" width=\"205\"><strong><b>Vacuum interlayer leakage rate<\/b><\/strong><strong><b>\u00a0<\/b><\/strong><strong><b>Pa<\/b><\/strong><strong><b>m\u00b3<\/b><\/strong><strong><b>\uff0f<\/b><\/strong><strong><b>S<\/b><\/strong><\/td>\n<td colspan=\"2\" width=\"470\">1&#215;10^(-6)<\/td>\n<\/tr>\n<tr>\n<td colspan=\"2\" width=\"205\"><strong><b>Sealing vacuum degree<\/b><\/strong><\/td>\n<td colspan=\"2\" width=\"470\">1&#215;10^(-1)<\/td>\n<\/tr>\n<tr>\n<td colspan=\"2\" width=\"205\"><strong><b>Maintain time<\/b><\/strong><\/td>\n<td colspan=\"2\" width=\"470\">60\u00a0days<\/td>\n<\/tr>\n<tr>\n<td width=\"95\"><strong><b>other<\/b><\/strong><\/td>\n<td colspan=\"4\" width=\"676\">1\u3001Containers should undergo various type tests in accordance with GB\/T16563-1996 and JB\/T4784-2007\uff1b<\/p>\n<p>2\u3001After the assembly of the tank body and frame, sandblasting treatment is carried out as a whole, and paint is evenly sprayed\uff1b<\/td>\n<\/tr>\n<\/tbody>\n<\/table>\n<p>&nbsp;<\/p>","protected":false},"excerpt":{"rendered":"<p>Tipo de par\u00e1metro Par\u00e1metro Dibujos del producto Modelo de contenedor de tanque CG-1.6-2230-19.8 Tipo de contenedor 1CC N\u00famero de las Naciones Unidas UN1978 Directrices para gabinetes de tanque T75 C\u00f3digo de tama\u00f1o y tipo de caja 22T5 Calidad de la caja kg 9300 Capacidad de carga m\u00e1xima kg 7592 Masa total m\u00e1xima kg 34000 Calidad de apilamiento\/capas permitidas kg\uff0fcapa 192000\/6 Dimensiones (longitud\uff0canchura\uff0caltura)mm 6058X2438X2591 Peligro principal...<\/p>","protected":false},"featured_media":2042,"template":"","meta":{"_seopress_robots_primary_cat":"none","_seopress_titles_title":"","_seopress_titles_desc":"","_seopress_robots_index":"","_kad_post_transparent":"default","_kad_post_title":"","_kad_post_layout":"default","_kad_post_sidebar_id":"","_kad_post_content_style":"default","_kad_post_vertical_padding":"default","_kad_post_feature":"","_kad_post_feature_position":"","_kad_post_header":false,"_kad_post_footer":false,"_kad_post_classname":""},"product_brand":[],"product_cat":[38,118,15],"product_tag":[],"class_list":{"0":"post-2039","1":"product","2":"type-product","3":"status-publish","4":"has-post-thumbnail","6":"product_cat-fence-semi-tariler","7":"product_cat-stockcart","8":"product_cat-categorize","10":"first","11":"instock","12":"shipping-taxable","13":"product-type-simple","14":"entry","15":"content-bg","16":"loop-entry"},"_links":{"self":[{"href":"https:\/\/nanou-trailer.com\/es\/wp-json\/wp\/v2\/product\/2039","targetHints":{"allow":["GET"]}}],"collection":[{"href":"https:\/\/nanou-trailer.com\/es\/wp-json\/wp\/v2\/product"}],"about":[{"href":"https:\/\/nanou-trailer.com\/es\/wp-json\/wp\/v2\/types\/product"}],"wp:featuredmedia":[{"embeddable":true,"href":"https:\/\/nanou-trailer.com\/es\/wp-json\/wp\/v2\/media\/2042"}],"wp:attachment":[{"href":"https:\/\/nanou-trailer.com\/es\/wp-json\/wp\/v2\/media?parent=2039"}],"wp:term":[{"taxonomy":"product_brand","embeddable":true,"href":"https:\/\/nanou-trailer.com\/es\/wp-json\/wp\/v2\/product_brand?post=2039"},{"taxonomy":"product_cat","embeddable":true,"href":"https:\/\/nanou-trailer.com\/es\/wp-json\/wp\/v2\/product_cat?post=2039"},{"taxonomy":"product_tag","embeddable":true,"href":"https:\/\/nanou-trailer.com\/es\/wp-json\/wp\/v2\/product_tag?post=2039"}],"curies":[{"name":"wp","href":"https:\/\/api.w.org\/{rel}","templated":true}]}}