{"id":2002,"date":"2024-11-26T10:56:52","date_gmt":"2024-11-26T02:56:52","guid":{"rendered":"https:\/\/nanou-trailer.com\/?post_type=product&#038;p=2002"},"modified":"2025-03-09T16:58:04","modified_gmt":"2025-03-09T08:58:04","slug":"green-rear-dump-truck","status":"publish","type":"product","link":"https:\/\/nanou-trailer.com\/es\/producto\/green-rear-dump-truck\/","title":{"rendered":"Volquete trasero verde"},"content":{"rendered":"<table>\n<tbody>\n<tr>\n<td colspan=\"3\" width=\"319\"><strong><b>Tipo de par\u00e1metro<\/b><\/strong><\/td>\n<td width=\"391\"><strong><b>par\u00e1metro<\/b><\/strong><\/td>\n<\/tr>\n<tr>\n<td colspan=\"3\" width=\"319\"><strong><b>Vehicle size (Length, Width, Height)<\/b><\/strong><\/td>\n<td width=\"391\">9\/9.5\/10m*2.5\/2.55\/m*1.8-4m(Or customized according to needs\uff09<\/td>\n<\/tr>\n<tr>\n<td rowspan=\"2\" width=\"142\"><strong><b>Par\u00e1metros de los contenedores<\/b><\/strong><\/td>\n<td colspan=\"2\" width=\"176\"><strong><b>Container size<\/b><\/strong><\/p>\n<p><strong><b>(Length,Width,Height)<\/b><\/strong><\/td>\n<td width=\"391\">8.5\/9\/10.5m*2.5\/2.55m*1.8-4m(Or customized according to needs)<\/td>\n<\/tr>\n<tr>\n<td colspan=\"2\" width=\"176\"><strong><b>Material del envase<\/b><\/strong><\/td>\n<td width=\"391\">T700\uff0cT750 High strength steel plate<\/td>\n<\/tr>\n<tr>\n<td colspan=\"3\" width=\"319\"><strong><b>Peso del veh\u00edculo<\/b><\/strong><\/td>\n<td width=\"391\">7.8T-11.8T(Depending on the vehicle model)<\/td>\n<\/tr>\n<tr>\n<td colspan=\"3\" width=\"319\"><strong><b>Capacidad de carga de dise\u00f1o<\/b><\/strong><\/td>\n<td width=\"391\">35T-100T(Depending on the vehicle model)<\/td>\n<\/tr>\n<tr>\n<td colspan=\"3\" width=\"319\"><strong><b>Calidad nominal<\/b><\/strong><\/td>\n<td width=\"391\">25T-40T(Depending on the vehicle model)<\/td>\n<\/tr>\n<tr>\n<td colspan=\"3\" width=\"319\"><strong><b>N\u00famero de ejes<\/b><\/strong><\/td>\n<td width=\"391\">3-4-5 axis<\/td>\n<\/tr>\n<tr>\n<td colspan=\"3\" width=\"319\"><strong><b>distancia entre ejes<\/b><\/strong><\/td>\n<td width=\"391\">4200,5860\uff0c+1310+1310\uff08Or customized according to needs\uff09<\/td>\n<\/tr>\n<tr>\n<td rowspan=\"2\" width=\"142\"><strong><b>Especificaciones de los neum\u00e1ticos \u00a0\u00a0\u00a0\u00a0<\/b><\/strong><\/td>\n<td colspan=\"2\" width=\"176\"><strong><b>N\u00famero de neum\u00e1ticos<\/b><\/strong><\/td>\n<td width=\"391\">12-20\uff08Or customized according to needs\uff09<\/td>\n<\/tr>\n<tr>\n<td colspan=\"2\" width=\"176\"><strong><b>Modelo de neum\u00e1tico<\/b><\/strong><\/td>\n<td width=\"391\">11.00R20\uff0c12.00R22.5 etc\uff0c\uff08Or customized according to needs\uff09<\/td>\n<\/tr>\n<tr>\n<td colspan=\"3\" width=\"319\"><strong><b>Sistema de toma de fuerza<\/b><\/strong><\/td>\n<td width=\"391\">Power take-off device\uff08According to the ratio of the tractor truck gearbox\uff09<\/td>\n<\/tr>\n<tr>\n<td colspan=\"3\" width=\"319\"><strong><b>sistema de frenado<\/b><\/strong><\/td>\n<td width=\"391\">Freno hidr\u00e1ulico de doble circuito delantero y trasero de tambor y sistema de freno neum\u00e1tico, freno de estacionamiento independiente<\/td>\n<\/tr>\n<tr>\n<td rowspan=\"2\" width=\"142\"><strong><b>Sistema de elevaci\u00f3n <\/b><\/strong><\/td>\n<td colspan=\"2\" width=\"176\"><strong><b>M\u00e9todo de elevaci\u00f3n<\/b><\/strong><\/td>\n<td width=\"391\">Elevaci\u00f3n del cilindro hidr\u00e1ulico Haiwo<\/td>\n<\/tr>\n<tr>\n<td colspan=\"2\" width=\"176\"><strong><b>Number of lifting <\/b><\/strong><\/p>\n<p><strong><b>cylinders<\/b><\/strong><\/td>\n<td width=\"391\">1 rear+2 auxiliary (optional)<\/td>\n<\/tr>\n<tr>\n<td rowspan=\"2\" width=\"142\"><strong><b>\u00a0<\/b><\/strong><\/p>\n<p><strong><b>Tipo de sistema de suspensi\u00f3n<\/b><\/strong><\/td>\n<td colspan=\"2\" width=\"176\"><strong><b>Mec\u00e1nica<\/b><\/strong><\/td>\n<td width=\"391\">Muelles longitudinales delanteros y traseros de chapa de acero, Fuhua<\/td>\n<\/tr>\n<tr>\n<td colspan=\"2\" width=\"176\"><strong><b>Suspensi\u00f3n neum\u00e1tica<\/b><\/strong><\/td>\n<td width=\"391\">Amortiguador neum\u00e1tico tipo cilindro, Fuhua (ligero opcional)<\/td>\n<\/tr>\n<tr>\n<td colspan=\"3\" width=\"319\"><strong><b>Material de la viga maestra<\/b><\/strong><\/td>\n<td width=\"391\">T700\uff0cQ355E\uff0c690D. BS980.High strength steel<\/td>\n<\/tr>\n<tr>\n<td colspan=\"2\" rowspan=\"4\" width=\"177\"><strong><b>Par\u00e1metros de la viga maestra y de la viga longitudinal<\/b><\/strong><\/td>\n<td width=\"141\"><strong><b>Tablero vertical<\/b><\/strong><\/p>\n<p><strong><b>espesor<\/b><\/strong><\/td>\n<td width=\"391\">4\/6\/8\/10 mm<\/td>\n<\/tr>\n<tr>\n<td width=\"141\"><strong><b>Height<\/b><\/strong><\/td>\n<td width=\"391\">400-500 mm<\/td>\n<\/tr>\n<tr>\n<td width=\"141\"><strong><b>Espesor de la placa superior del ala<\/b><\/strong><\/td>\n<td width=\"391\">6\/8\/10\/12\/14mm<\/td>\n<\/tr>\n<tr>\n<td width=\"141\"><strong><b>Espesor de la placa inferior del ala<\/b><\/strong><\/td>\n<td width=\"391\">8\/10\/12\/14\/16mm<\/td>\n<\/tr>\n<tr>\n<td colspan=\"3\" width=\"319\"><strong><b>Tipo de pierna<\/b><\/strong><\/td>\n<td width=\"391\">28T,JOST,Acci\u00f3n simple o enlace<\/td>\n<\/tr>\n<tr>\n<td colspan=\"3\" width=\"319\"><strong><b>ABS<\/b><\/strong><strong><b>EBS,<\/b><\/strong><strong><b>sistema<\/b><\/strong><\/td>\n<td width=\"391\">KORMEE\uff0cWABCO<\/td>\n<\/tr>\n<tr>\n<td colspan=\"3\" width=\"319\"><strong><b>aerosol<\/b><\/strong><\/td>\n<td width=\"391\">Prevenci\u00f3n de \u00f3xido+pintura de poliuretano, electroforesis de recubrimiento en polvo, personalizado seg\u00fan las necesidades<\/td>\n<\/tr>\n<\/tbody>\n<\/table>\n<p>&nbsp;<\/p>","protected":false},"excerpt":{"rendered":"<p>Par\u00e1metros del tipo de veh\u00edculo Tama\u00f1o del veh\u00edculo (longitud, anchura, altura) 9\/9,5\/10m*2,5\/2,55\/m*1,8-4m(O personalizado seg\u00fan las necesidades\uff09 Par\u00e1metros del contenedor Tama\u00f1o del contenedor (Longitud, Anchura, Altura) 8.5\/9\/10.5m*2.5\/2.55m*1.8-4m(O personalizado de acuerdo a las necesidades) Material del contenedor T700\uff0cT750 Placa de acero de alta resistencia Peso del veh\u00edculo 7.8T-11.8T(Dependiendo del modelo del veh\u00edculo) Capacidad de carga de dise\u00f1o 35T-100T(Dependiendo del modelo del veh\u00edculo) Calidad nominal 25T-40T(Dependiendo del modelo del veh\u00edculo) N\u00famero de ejes...<\/p>","protected":false},"featured_media":2005,"template":"","meta":{"_seopress_robots_primary_cat":"none","_seopress_titles_title":"","_seopress_titles_desc":"","_seopress_robots_index":"","_kad_post_transparent":"default","_kad_post_title":"","_kad_post_layout":"default","_kad_post_sidebar_id":"","_kad_post_content_style":"default","_kad_post_vertical_padding":"default","_kad_post_feature":"","_kad_post_feature_position":"","_kad_post_header":false,"_kad_post_footer":false,"_kad_post_classname":""},"product_brand":[],"product_cat":[45,15,111],"product_tag":[],"class_list":{"0":"post-2002","1":"product","2":"type-product","3":"status-publish","4":"has-post-thumbnail","6":"product_cat-dump-semi-trailer","7":"product_cat-categorize","8":"product_cat-u-turn-dump","10":"first","11":"instock","12":"shipping-taxable","13":"product-type-simple","14":"entry","15":"content-bg","16":"loop-entry"},"_links":{"self":[{"href":"https:\/\/nanou-trailer.com\/es\/wp-json\/wp\/v2\/product\/2002","targetHints":{"allow":["GET"]}}],"collection":[{"href":"https:\/\/nanou-trailer.com\/es\/wp-json\/wp\/v2\/product"}],"about":[{"href":"https:\/\/nanou-trailer.com\/es\/wp-json\/wp\/v2\/types\/product"}],"wp:featuredmedia":[{"embeddable":true,"href":"https:\/\/nanou-trailer.com\/es\/wp-json\/wp\/v2\/media\/2005"}],"wp:attachment":[{"href":"https:\/\/nanou-trailer.com\/es\/wp-json\/wp\/v2\/media?parent=2002"}],"wp:term":[{"taxonomy":"product_brand","embeddable":true,"href":"https:\/\/nanou-trailer.com\/es\/wp-json\/wp\/v2\/product_brand?post=2002"},{"taxonomy":"product_cat","embeddable":true,"href":"https:\/\/nanou-trailer.com\/es\/wp-json\/wp\/v2\/product_cat?post=2002"},{"taxonomy":"product_tag","embeddable":true,"href":"https:\/\/nanou-trailer.com\/es\/wp-json\/wp\/v2\/product_tag?post=2002"}],"curies":[{"name":"wp","href":"https:\/\/api.w.org\/{rel}","templated":true}]}}