{"id":1971,"date":"2024-11-26T10:26:17","date_gmt":"2024-11-26T02:26:17","guid":{"rendered":"https:\/\/nanou-trailer.com\/?post_type=product&#038;p=1971"},"modified":"2025-03-09T17:03:20","modified_gmt":"2025-03-09T09:03:20","slug":"17-meter-pull-out-tablet","status":"publish","type":"product","link":"https:\/\/nanou-trailer.com\/es\/producto\/17-meter-pull-out-tablet\/","title":{"rendered":"Tableta extra\u00edble de 17 metros"},"content":{"rendered":"<table>\n<tbody>\n<tr>\n<td colspan=\"2\" width=\"237\"><strong><b>Categor\u00eda de par\u00e1metros<\/b><\/strong><\/td>\n<td width=\"472\"><strong><b>par\u00e1metro<\/b><\/strong><\/td>\n<\/tr>\n<tr>\n<td colspan=\"2\" width=\"237\"><strong><b>Dimensiones del veh\u00edculo <\/b><\/strong><\/p>\n<p><strong><b>(longitud, anchura, altura)<\/b><\/strong><\/td>\n<td width=\"472\">13-18 metros * 2,55\/3 metros * 0,85-1,2 metros (personalizable seg\u00fan las necesidades)<\/td>\n<\/tr>\n<tr>\n<td colspan=\"2\" width=\"237\"><strong><b>Peso del veh\u00edculo<\/b><\/strong><\/td>\n<td width=\"472\">Suelen oscilar entre 10 y 21 toneladas (seg\u00fan el modelo y la configuraci\u00f3n del veh\u00edculo)<\/td>\n<\/tr>\n<tr>\n<td colspan=\"2\" width=\"237\"><strong><b>Peso del dise\u00f1o<\/b><\/strong><\/td>\n<td width=\"472\">Suelen oscilar entre 60 y 150 toneladas (seg\u00fan el modelo y la configuraci\u00f3n del veh\u00edculo)<\/td>\n<\/tr>\n<tr>\n<td colspan=\"2\" width=\"237\"><strong><b>N\u00famero de ejes<\/b><\/strong><\/td>\n<td width=\"472\">Ejes comunes 3-4-5-6-7-8 \u2716 11,5 toneladas (personalizable seg\u00fan demanda)<\/td>\n<\/tr>\n<tr>\n<td colspan=\"2\" width=\"237\"><strong><b>distancia entre ejes<\/b><\/strong><\/td>\n<td width=\"472\">6950,8800,+1310+1310(personalizable seg\u00fan las necesidades)<\/td>\n<\/tr>\n<tr>\n<td width=\"125\"><strong><b>Especificaciones de los neum\u00e1ticos<\/b><\/strong><\/td>\n<td width=\"112\"><strong><b>N\u00famero de neum\u00e1ticos<\/b><\/strong><\/td>\n<td width=\"472\">Com\u00fan 12-32 (configurado seg\u00fan el n\u00famero de ejes)<\/td>\n<\/tr>\n<tr>\n<td width=\"125\">&nbsp;<\/td>\n<td width=\"112\"><strong><b>Modelo de neum\u00e1tico<\/b><\/strong><\/td>\n<td width=\"472\">825-16,825-20,205\/65R17.5,215\/60R16,245\/70R17.5\uff0c215\/65R-17.5\uff0c235\/70R-17.5(Customized according to requirements)<\/td>\n<\/tr>\n<tr>\n<td width=\"125\"><strong><b>Sistema de suspensi\u00f3n<\/b><\/strong><\/td>\n<td width=\"112\"><strong><b>Mec\u00e1nica<\/b><\/strong><\/td>\n<td width=\"472\">Suspensi\u00f3n longitudinal delantera y trasera de muelles de chapa de acero, Fuhua<\/td>\n<\/tr>\n<tr>\n<td width=\"125\">&nbsp;<\/td>\n<td width=\"112\"><strong><b>Suspensi\u00f3n neum\u00e1tica<\/b><\/strong><\/td>\n<td width=\"472\">Amortiguador neum\u00e1tico tipo cilindro, Fuhua (preferido en Kazajst\u00e1n y Rusia)<\/td>\n<\/tr>\n<tr>\n<td colspan=\"2\" width=\"237\"><strong><b>sistema de frenado<\/b><\/strong><\/td>\n<td width=\"472\">Freno hidr\u00e1ulico de doble circuito delantero y trasero de tambor y sistema de freno neum\u00e1tico, freno de estacionamiento independiente<\/td>\n<\/tr>\n<tr>\n<td colspan=\"2\" width=\"237\"><strong><b>Material de la viga maestra<\/b><\/strong><\/td>\n<td width=\"472\">T700, T750, Q355E, 690D. BS980. Acero de alta resistencia, etc.<\/td>\n<\/tr>\n<tr>\n<td width=\"125\"><strong><b>Par\u00e1metros de la viga maestra y de la viga longitudinal<\/b><\/strong><\/td>\n<td width=\"112\"><strong><b>Espesor vertical del tablero<\/b><\/strong><\/td>\n<td width=\"472\">6\/8\/10\/12\/14 mm (doble placa vertical)<\/td>\n<\/tr>\n<tr>\n<td width=\"125\">&nbsp;<\/td>\n<td width=\"112\"><strong><b>altura<\/b><\/strong><\/td>\n<td width=\"472\">230-400mm,480-500mm<\/td>\n<\/tr>\n<tr>\n<td width=\"125\"><strong><b>\u00a0<\/b><\/strong><\/td>\n<td width=\"112\"><strong><b>Espesor de la placa superior del ala<\/b><\/strong><\/td>\n<td width=\"472\">10\/12\/14\/16\/18\/20mm<strong><b>\u00a0<\/b><\/strong><\/td>\n<\/tr>\n<tr>\n<td width=\"125\"><strong><b>\u00a0<\/b><\/strong><\/td>\n<td width=\"112\"><strong><b>Espesor de la placa inferior del ala<\/b><\/strong><\/td>\n<td width=\"472\">10\/12\/14\/16\/18\/20\/22mm<\/td>\n<\/tr>\n<tr>\n<td colspan=\"2\" width=\"237\"><strong><b>Tipo de pierna<\/b><\/strong><\/td>\n<td width=\"472\">28T,JOST,Acci\u00f3n simple o enlace<\/td>\n<\/tr>\n<tr>\n<td colspan=\"2\" width=\"237\"><strong><b>ABS<\/b><\/strong><strong><b>EBS<\/b><\/strong><strong><b>\u00a0sistema<\/b><\/strong><\/td>\n<td width=\"472\">KORMEE\uff0cWABCO<\/td>\n<\/tr>\n<tr>\n<td colspan=\"2\" width=\"237\"><strong><b>Tipo de combustible del tractor<\/b><\/strong><\/td>\n<td width=\"472\">gas\u00f3leo<\/td>\n<\/tr>\n<tr>\n<td colspan=\"2\" width=\"237\"><strong><b>Modelo de pasador de tracci\u00f3n<\/b><\/strong><\/td>\n<td width=\"472\">90#\uff0c50#\uff08JOST)<\/td>\n<\/tr>\n<tr>\n<td colspan=\"2\" width=\"237\"><strong><b>aerosol<\/b><\/strong><\/td>\n<td width=\"472\">Prevenci\u00f3n de \u00f3xido+pintura de poliuretano, electroforesis de recubrimiento en polvo, personalizado seg\u00fan las necesidades<\/td>\n<\/tr>\n<tr>\n<td colspan=\"2\" width=\"237\"><strong><b>Bloqueo de giro\uff08THT\uff09<\/b><\/strong><\/td>\n<td width=\"472\">4-12<\/td>\n<\/tr>\n<tr>\n<td colspan=\"2\" width=\"237\"><strong><b>observaciones<\/b><\/strong><\/td>\n<td width=\"472\">En funci\u00f3n de los requisitos de carga del cliente, se pueden dise\u00f1ar equipos adicionales como tiradores, giradores y ensanchadores.<\/td>\n<\/tr>\n<\/tbody>\n<\/table>","protected":false},"excerpt":{"rendered":"<p>Par\u00e1metro Categor\u00eda Par\u00e1metro Dimensiones del veh\u00edculo (longitud, anchura, altura) 13-18 metros * 2,55\/3 metros * 0,85-1,2 metros (personalizable seg\u00fan las necesidades) Peso del veh\u00edculo Suele oscilar entre 10 y 21 toneladas (seg\u00fan el modelo y la configuraci\u00f3n del veh\u00edculo) Peso de dise\u00f1o Suele oscilar entre 60 y 150 toneladas (seg\u00fan el modelo y la configuraci\u00f3n del veh\u00edculo) N\u00famero...<\/p>","protected":false},"featured_media":1974,"template":"","meta":{"_seopress_robots_primary_cat":"none","_seopress_titles_title":"","_seopress_titles_desc":"","_seopress_robots_index":"","_kad_post_transparent":"default","_kad_post_title":"","_kad_post_layout":"default","_kad_post_sidebar_id":"","_kad_post_content_style":"default","_kad_post_vertical_padding":"default","_kad_post_feature":"","_kad_post_feature_position":"","_kad_post_header":false,"_kad_post_footer":false,"_kad_post_classname":""},"product_brand":[],"product_cat":[41,15,104],"product_tag":[],"class_list":{"0":"post-1971","1":"product","2":"type-product","3":"status-publish","4":"has-post-thumbnail","6":"product_cat-lowbed-semi-trailer","7":"product_cat-categorize","8":"product_cat-reloading","10":"first","11":"instock","12":"shipping-taxable","13":"product-type-simple","14":"entry","15":"content-bg","16":"loop-entry"},"_links":{"self":[{"href":"https:\/\/nanou-trailer.com\/es\/wp-json\/wp\/v2\/product\/1971","targetHints":{"allow":["GET"]}}],"collection":[{"href":"https:\/\/nanou-trailer.com\/es\/wp-json\/wp\/v2\/product"}],"about":[{"href":"https:\/\/nanou-trailer.com\/es\/wp-json\/wp\/v2\/types\/product"}],"wp:featuredmedia":[{"embeddable":true,"href":"https:\/\/nanou-trailer.com\/es\/wp-json\/wp\/v2\/media\/1974"}],"wp:attachment":[{"href":"https:\/\/nanou-trailer.com\/es\/wp-json\/wp\/v2\/media?parent=1971"}],"wp:term":[{"taxonomy":"product_brand","embeddable":true,"href":"https:\/\/nanou-trailer.com\/es\/wp-json\/wp\/v2\/product_brand?post=1971"},{"taxonomy":"product_cat","embeddable":true,"href":"https:\/\/nanou-trailer.com\/es\/wp-json\/wp\/v2\/product_cat?post=1971"},{"taxonomy":"product_tag","embeddable":true,"href":"https:\/\/nanou-trailer.com\/es\/wp-json\/wp\/v2\/product_tag?post=1971"}],"curies":[{"name":"wp","href":"https:\/\/api.w.org\/{rel}","templated":true}]}}