{"id":1922,"date":"2024-11-25T20:59:59","date_gmt":"2024-11-25T12:59:59","guid":{"rendered":"https:\/\/nanou-trailer.com\/?post_type=product&#038;p=1922"},"modified":"2025-03-09T17:04:06","modified_gmt":"2025-03-09T09:04:06","slug":"container-skeleton-semitrailer","status":"publish","type":"product","link":"https:\/\/nanou-trailer.com\/es\/producto\/container-skeleton-semitrailer\/","title":{"rendered":"Semirremolque esqueleto de contenedor"},"content":{"rendered":"<table>\n<tbody>\n<tr>\n<td colspan=\"3\" width=\"284\"><strong><b>Categor\u00eda de par\u00e1metros<\/b><\/strong><\/td>\n<td width=\"425\"><strong><b>par\u00e1metro<\/b><\/strong><\/td>\n<\/tr>\n<tr>\n<td colspan=\"3\" width=\"284\"><strong><b>Vehicle size (length, width, height)<\/b><\/strong><\/td>\n<td width=\"425\">13 meters * 2.55-3.0 * 1.15-2.2 (or customized according to requirements)<\/td>\n<\/tr>\n<tr>\n<td colspan=\"3\" width=\"284\"><strong><b>Peso del veh\u00edculo<\/b><\/strong><\/td>\n<td width=\"425\">5.8-8.5 tons (varies depending on the vehicle model)<\/td>\n<\/tr>\n<tr>\n<td colspan=\"3\" width=\"284\"><strong><b>Capacidad de carga de dise\u00f1o<\/b><\/strong><\/td>\n<td width=\"425\">40-80 tons (varies depending on the vehicle model)<\/td>\n<\/tr>\n<tr>\n<td colspan=\"3\" width=\"284\"><strong><b>Calidad nominal<\/b><\/strong><\/td>\n<td width=\"425\">22.4-100 tons (varies depending on the vehicle model)<\/td>\n<\/tr>\n<tr>\n<td colspan=\"3\" width=\"284\"><strong><b>N\u00famero de ejes<\/b><\/strong><\/td>\n<td width=\"425\">3-5\u8f74<\/td>\n<\/tr>\n<tr>\n<td colspan=\"3\" width=\"284\"><strong><b>distancia entre ejes<\/b><\/strong><\/td>\n<td width=\"425\">998043200,+1310+1310 (or customized according to requirements)<\/td>\n<\/tr>\n<tr>\n<td width=\"142\"><strong><b>Especificaciones de los neum\u00e1ticos \u00a0\u00a0\u00a0<\/b><\/strong><\/td>\n<td colspan=\"2\" width=\"142\"><strong><b>N\u00famero de neum\u00e1ticos<\/b><\/strong><\/td>\n<td width=\"425\">12-20 (customized according to requirements)<\/td>\n<\/tr>\n<tr>\n<td width=\"142\"><strong><b>\u00a0<\/b><\/strong><\/td>\n<td colspan=\"2\" width=\"142\"><strong><b>Modelo de neum\u00e1tico<\/b><\/strong><\/td>\n<td width=\"425\">1200R-22., 235\/75R-17.5245\/75-19.5295\/60-22.5 (customized according to requirements)<\/td>\n<\/tr>\n<tr>\n<td colspan=\"3\" width=\"284\"><strong><b>sistema de frenado<\/b><\/strong><\/td>\n<td width=\"425\">Freno hidr\u00e1ulico de doble circuito delantero y trasero de tambor y sistema de freno neum\u00e1tico, freno de estacionamiento independiente<\/td>\n<\/tr>\n<tr>\n<td width=\"142\"><strong><b>Tipo de sistema de suspensi\u00f3n<\/b><\/strong><\/td>\n<td colspan=\"2\" width=\"142\"><strong><b>Mec\u00e1nica<\/b><\/strong><\/td>\n<td width=\"425\">Muelles longitudinales delanteros y traseros de chapa de acero, Fuhua<\/td>\n<\/tr>\n<tr>\n<td width=\"142\"><strong><b>\u00a0<\/b><\/strong><\/td>\n<td colspan=\"2\" width=\"142\"><strong><b>Suspensi\u00f3n neum\u00e1tica<\/b><\/strong><\/td>\n<td width=\"425\">Cylinder type pneumatic shock absorber, Fuhua<\/td>\n<\/tr>\n<tr>\n<td colspan=\"3\" width=\"284\"><strong><b>Material de la viga maestra<\/b><\/strong><\/td>\n<td width=\"425\">T700 high-strength steel<\/td>\n<\/tr>\n<tr>\n<td colspan=\"2\" width=\"177\"><strong><b>Par\u00e1metros de la viga maestra y de la viga longitudinal<\/b><\/strong><\/td>\n<td width=\"107\"><strong><b>Espesor vertical del tablero<\/b><\/strong><\/td>\n<td width=\"425\">6\/8\/10\/12 mm<\/td>\n<\/tr>\n<tr>\n<td colspan=\"2\" width=\"177\">&nbsp;<\/td>\n<td width=\"107\"><strong><b>altura<\/b><\/strong><\/td>\n<td width=\"425\">480-500mm<\/td>\n<\/tr>\n<tr>\n<td colspan=\"2\" width=\"177\"><strong><b>\u00a0<\/b><\/strong><\/td>\n<td width=\"107\"><strong><b>Espesor de la placa superior del ala<\/b><\/strong><\/td>\n<td width=\"425\">10\/12\/14\/16\/18\/20mm<strong><b>\u00a0<\/b><\/strong><\/td>\n<\/tr>\n<tr>\n<td colspan=\"2\" width=\"177\"><strong><b>\u00a0<\/b><\/strong><\/td>\n<td width=\"107\"><strong><b>Espesor de la placa inferior del ala<\/b><\/strong><\/td>\n<td width=\"425\">10\/12\/14\/16\/18\/20\/22mm<\/td>\n<\/tr>\n<tr>\n<td colspan=\"3\" width=\"284\"><strong><b>Tipo de pierna<\/b><\/strong><\/td>\n<td width=\"425\">28T, JOST, acci\u00f3n simple o enlace<\/td>\n<\/tr>\n<tr>\n<td colspan=\"3\" width=\"284\"><strong><b>ABS<\/b><\/strong><strong><b>EBS<\/b><\/strong><strong><b>\u00a0sistema<\/b><\/strong><\/td>\n<td width=\"425\">KORMEE\uff0cWABCO<\/td>\n<\/tr>\n<tr>\n<td colspan=\"3\" width=\"284\"><strong><b>Tipo de combustible del tractor<\/b><\/strong><\/td>\n<td width=\"425\">gas\u00f3leo<\/td>\n<\/tr>\n<tr>\n<td colspan=\"3\" width=\"284\"><strong><b>Modelo de pasador de tracci\u00f3n<\/b><\/strong><\/td>\n<td width=\"425\">90#\uff0c50#\uff08JOST)<\/td>\n<\/tr>\n<tr>\n<td colspan=\"3\" width=\"284\"><strong><b>aerosol<\/b><\/strong><\/td>\n<td width=\"425\">Prevenci\u00f3n de \u00f3xido+pintura de poliuretano, electroforesis de recubrimiento en polvo, personalizado seg\u00fan las necesidades<\/td>\n<\/tr>\n<tr>\n<td colspan=\"3\" width=\"284\"><strong><b>Turn lock(THT)<\/b><\/strong><\/td>\n<td width=\"425\">4-12 pieces<\/td>\n<\/tr>\n<\/tbody>\n<\/table>","protected":false},"excerpt":{"rendered":"<p>Par\u00e1metro categor\u00eda par\u00e1metro Tama\u00f1o del veh\u00edculo (longitud, anchura, altura) 13 metros * 2,55-3,0 * 1,15-2,2 (o personalizado seg\u00fan las necesidades) Peso del veh\u00edculo 5,8-8,5 toneladas (var\u00eda seg\u00fan el modelo de veh\u00edculo) Capacidad de carga de dise\u00f1o 40-80 toneladas (var\u00eda seg\u00fan el modelo de veh\u00edculo) Calidad nominal 22,4-100 toneladas (var\u00eda seg\u00fan el modelo de veh\u00edculo) N\u00famero de ejes 3-5\u8f74 distancia entre ejes...<\/p>","protected":false},"featured_media":1925,"template":"","meta":{"_seopress_robots_primary_cat":"none","_seopress_titles_title":"","_seopress_titles_desc":"","_seopress_robots_index":"","_kad_post_transparent":"default","_kad_post_title":"","_kad_post_layout":"default","_kad_post_sidebar_id":"","_kad_post_content_style":"default","_kad_post_vertical_padding":"default","_kad_post_feature":"","_kad_post_feature_position":"","_kad_post_header":false,"_kad_post_footer":false,"_kad_post_classname":""},"product_brand":[],"product_cat":[15,44],"product_tag":[],"class_list":{"0":"post-1922","1":"product","2":"type-product","3":"status-publish","4":"has-post-thumbnail","6":"product_cat-categorize","7":"product_cat-skeleton-trailer","9":"first","10":"instock","11":"shipping-taxable","12":"product-type-simple","13":"entry","14":"content-bg","15":"loop-entry"},"_links":{"self":[{"href":"https:\/\/nanou-trailer.com\/es\/wp-json\/wp\/v2\/product\/1922","targetHints":{"allow":["GET"]}}],"collection":[{"href":"https:\/\/nanou-trailer.com\/es\/wp-json\/wp\/v2\/product"}],"about":[{"href":"https:\/\/nanou-trailer.com\/es\/wp-json\/wp\/v2\/types\/product"}],"wp:featuredmedia":[{"embeddable":true,"href":"https:\/\/nanou-trailer.com\/es\/wp-json\/wp\/v2\/media\/1925"}],"wp:attachment":[{"href":"https:\/\/nanou-trailer.com\/es\/wp-json\/wp\/v2\/media?parent=1922"}],"wp:term":[{"taxonomy":"product_brand","embeddable":true,"href":"https:\/\/nanou-trailer.com\/es\/wp-json\/wp\/v2\/product_brand?post=1922"},{"taxonomy":"product_cat","embeddable":true,"href":"https:\/\/nanou-trailer.com\/es\/wp-json\/wp\/v2\/product_cat?post=1922"},{"taxonomy":"product_tag","embeddable":true,"href":"https:\/\/nanou-trailer.com\/es\/wp-json\/wp\/v2\/product_tag?post=1922"}],"curies":[{"name":"wp","href":"https:\/\/api.w.org\/{rel}","templated":true}]}}